{"id":400,"date":"2023-07-13T09:02:34","date_gmt":"2023-07-13T09:02:34","guid":{"rendered":"https:\/\/schronienie.mng.gda.pl\/schronienie\/?page_id=400"},"modified":"2024-02-27T12:59:59","modified_gmt":"2024-02-27T12:59:59","slug":"kontakt","status":"publish","type":"page","link":"https:\/\/schronienie.mng.gda.pl\/schronienie\/o-nas\/kontakt\/","title":{"rendered":"Kontakt"},"content":{"rendered":"\n<h2 class=\"wp-block-heading\">Zapraszamy do kontaktu:&nbsp;<\/h2>\n\n\n\n<div class=\"all_new_blue_box\">\n<div class=\"culinary_info\">\n<div class=\"culinary_img\"> <img decoding=\"async\" src=\"https:\/\/schronienie.mng.gda.pl\/schronienie\/wp-content\/uploads\/26-fot.-Jan-Rusek-348x232.jpg\" class=\"round_20\" alt=\"\"><\/div>\n<div class=\"culinary_text1\">\n\n\n<div class=\"text_icon\">\n<div class=\"text_icon_img\">\n <img decoding=\"async\" src=\"https:\/\/schronienie.mng.gda.pl\/schronienie\/wp-content\/themes\/schronienie\/images\/call.svg\" alt=\"\"><\/div>\n<div class=\"text_icon_text1\">tel. +48 58 552 41 39<\/div><\/div>\n\n<div class=\"text_icon\">\n    <div class=\"text_icon_img\">\n    <img decoding=\"async\" src=\"https:\/\/schronienie.mng.gda.pl\/schronienie\/wp-content\/themes\/schronienie\/images\/sms.svg\" alt=\"\">\n    <\/div>\n    <div class=\"text_icon_text1\"><a href=\"mailto:etnograf@mng.gda.pl\">etnograf@mng.gda.pl<\/a>\n    <\/div>\n<\/div>\n\n<div class=\"text_icon_new\">\n<div class=\"text_icon_img\"> <img decoding=\"async\" src=\"https:\/\/schronienie.mng.gda.pl\/schronienie\/wp-content\/themes\/schronienie\/images\/location.svg\" alt=\"\"><\/div>\n<div class=\"text_icon_text1\">ul. Cysters\u00f3w 19, <br>80\u2013330 Gda\u0144sk<\/div>\n<\/div>\n\n<\/div>\n<\/div>\n<\/div>\n\n\n<div class=\"wp-block-contact-form-7-contact-form-selector\">\n<div class=\"wpcf7 no-js\" id=\"wpcf7-f8882-o1\" lang=\"pl-PL\" dir=\"ltr\">\n<div class=\"screen-reader-response\"><p role=\"status\" aria-live=\"polite\" aria-atomic=\"true\"><\/p> <ul><\/ul><\/div>\n<form action=\"\/schronienie\/wp-json\/wp\/v2\/pages\/400#wpcf7-f8882-o1\" method=\"post\" class=\"wpcf7-form init\" aria-label=\"Formularz kontaktowy\" novalidate=\"novalidate\" data-status=\"init\">\n<div style=\"display: none;\">\n<input type=\"hidden\" name=\"_wpcf7\" value=\"8882\" \/>\n<input type=\"hidden\" name=\"_wpcf7_version\" value=\"5.8\" \/>\n<input type=\"hidden\" name=\"_wpcf7_locale\" value=\"pl_PL\" \/>\n<input type=\"hidden\" name=\"_wpcf7_unit_tag\" value=\"wpcf7-f8882-o1\" \/>\n<input type=\"hidden\" name=\"_wpcf7_container_post\" value=\"0\" \/>\n<input type=\"hidden\" name=\"_wpcf7_posted_data_hash\" value=\"\" \/>\n<\/div>\n<div class=\"contact\">\n<h2>Skontaktuj si\u0119 z nami<\/h2>\n<\/div>\n\n<div class=\"row\">\n<div class=\"col-xxl-4 col-xl-4 col-lg-4 col-md-6 col-sm-12\">\n<div class=\"mb-3\">\n  <label for=\"namefield1\" class=\"form-label lable_text\">Imi\u0119 i nazwisko <span class=\"red\">*<\/span><\/label>\n <span class=\"wpcf7-form-control-wrap\" data-name=\"your-name\"><input size=\"40\" class=\"wpcf7-form-control wpcf7-text wpcf7-validates-as-required form-control\" id=\"namefield1\" autocomplete=\"name\" aria-required=\"true\" aria-invalid=\"false\" placeholder=\"Wpisz\" value=\"\" type=\"text\" name=\"your-name\" \/><\/span>\n\n<\/div>\n<\/div>\n\n<div class=\"col-xxl-4 col-xl-4 col-lg-4 col-md-6 col-sm-12\">\n<div class=\"mb-3\">\n  <label for=\"namefield \" class=\"form-label lable_text\">E-mail <span class=\"red\">*<\/span><\/label>\n <span class=\"wpcf7-form-control-wrap\" data-name=\"email\"><input size=\"40\" class=\"wpcf7-form-control wpcf7-email wpcf7-validates-as-required wpcf7-text wpcf7-validates-as-email form-control\" id=\"namefield\" autocomplete=\"email\" aria-required=\"true\" aria-invalid=\"false\" placeholder=\"Wpisz sw\u00f3j e-mail\" value=\"\" type=\"email\" name=\"email\" \/><\/span>\n\n<\/div>\n<\/div>\n\n<div class=\"col-xxl-4 col-xl-4 col-lg-4 col-md-6 col-sm-12\">\n<div class=\"mb-3\">\n  <label for=\"telephone \" class=\"form-label lable_text\">Telefon<\/label>\n<span class=\"wpcf7-form-control-wrap\" data-name=\"tel-356\"><input size=\"40\" class=\"wpcf7-form-control wpcf7-tel wpcf7-text wpcf7-validates-as-tel form-control\" id=\"telephone\" aria-invalid=\"false\" placeholder=\"Telefon\" value=\"\" type=\"tel\" name=\"tel-356\" \/><\/span>\n  \n<\/div>\n<\/div>\n\n<div class=\"col-xxl-12 col-xl-12 col-lg-12 col-md-12 col-sm-12\">\n<div class=\"mb-3\">\n  <label for=\"subject1\" class=\"form-label lable_text\">Temat wiadomo\u015bci <span class=\"red\">*<\/span><\/label>\n <span class=\"wpcf7-form-control-wrap\" data-name=\"subject\"><input size=\"40\" class=\"wpcf7-form-control wpcf7-text wpcf7-validates-as-required form-control\" id=\"subject1\" aria-required=\"true\" aria-invalid=\"false\" placeholder=\"Temat wiadomo\u015bci\" value=\"\" type=\"text\" name=\"subject\" \/><\/span>\n\n<\/div>\n<\/div>\n\n<div class=\"col-xxl-12 col-xl-12 col-lg-12 col-md-12 col-sm-12\">\n<div class=\"mb-3\">\n  <label for=\"message \" class=\"form-label lable_text\">Wiadomo\u015b\u0107 <span class=\"red\">*<\/span><\/label>\n<span class=\"wpcf7-form-control-wrap\" data-name=\"textarea-132\"><textarea cols=\"40\" rows=\"10\" class=\"wpcf7-form-control wpcf7-textarea form-control textarea\" id=\"message\" aria-invalid=\"false\" placeholder=\"Wiadomo\u015b\u0107\" name=\"textarea-132\"><\/textarea><\/span>\n  \n<\/div>\n<\/div>\n\n\n<div class=\"col-xxl-12 col-xl-12 col-lg-12 col-md-12 col-sm-12\">\n<div class=\"mb-3 lable_text\">\nWysy\u0142aj\u0105c formularz, o\u015bwiadczam, \u017ce:\n<\/div>\n<div class=\"mb-3\">\n<div class=\"form-check\">\n\n<span class=\"wpcf7-form-control-wrap\" data-name=\"acceptance-369\"><span class=\"wpcf7-form-control wpcf7-acceptance\"><span class=\"wpcf7-list-item\"><label><input type=\"checkbox\" name=\"acceptance-369\" value=\"1\" class=\"form-check-input\" aria-invalid=\"false\" \/><span class=\"wpcf7-list-item-label\"><span class=\"red\">*<\/span> <span class=\"form-check-label lable_text\"> Wyra\u017cam zgod\u0119 na przetwarzanie moich danych osobowych (podanych przez mnie powy\u017cej), kt\u00f3rych administratorem jest MNG. Dane osobowe b\u0119d\u0105 przetwarzane wy\u0142\u0105cznie w celu udzielenia odpowiedzi na przes\u0142an\u0105 przez Ciebie wiadomo\u015b\u0107 za pomoc\u0105 formularza kontaktowego, a tak\u017ce prowadzenia ewentualnej dalszej korespondencji lub kontaktu telefonicznego w przedmiotowej sprawie. Wyra\u017cenie zgody jest dobrowolne, jednak niezb\u0119dne do realizacji wskazanego wy\u017cej celu. <\/span><\/span><\/label><\/span><\/span><\/span>\n\n \n<\/div>\n<\/div>\n\n<div class=\"mb-3\">\n<div class=\"form-check \">\n<span class=\"wpcf7-form-control-wrap\" data-name=\"acceptance-343\"><span class=\"wpcf7-form-control wpcf7-acceptance optional\"><span class=\"wpcf7-list-item\"><label><input type=\"checkbox\" name=\"acceptance-343\" value=\"1\" class=\"form-check-input\" id=\"ihaveread\" aria-invalid=\"false\" \/><span class=\"wpcf7-list-item-label\"><span class=\"red\">*<\/span> <span class=\"form-check-label lable_text\">Zapozna\u0142em\/-\u0142am si\u0119 z tre\u015bci\u0105 <a href=\"#\">Klauzuli informacyjnej RODO.\n    <\/a><\/span><\/span><\/label><\/span><\/span><\/span>\n  \n<\/div>\n<\/div>\n<br>\n\n<div class=\"clr\"><\/div>\n<div class=\"mb-3\">\n<button type=\"submit\" class=\"cont_button\">  Wy\u015blij <\/button>\n<\/div>\n\n<\/div>\n\n<\/div><div class=\"wpcf7-response-output\" aria-hidden=\"true\"><\/div>\n<\/form>\n<\/div>\n<\/div>\n","protected":false},"excerpt":{"rendered":"<p>Zapraszamy do kontaktu:&nbsp;<\/p>\n","protected":false},"author":1,"featured_media":9357,"parent":8,"menu_order":3,"comment_status":"closed","ping_status":"closed","template":"page-templates\/template-inner-page.php","meta":{"inline_featured_image":false,"footnotes":"","_links_to":"","_links_to_target":""},"class_list":["post-400","page","type-page","status-publish","has-post-thumbnail","hentry"],"acf":[],"_links":{"self":[{"href":"https:\/\/schronienie.mng.gda.pl\/schronienie\/wp-json\/wp\/v2\/pages\/400","targetHints":{"allow":["GET"]}}],"collection":[{"href":"https:\/\/schronienie.mng.gda.pl\/schronienie\/wp-json\/wp\/v2\/pages"}],"about":[{"href":"https:\/\/schronienie.mng.gda.pl\/schronienie\/wp-json\/wp\/v2\/types\/page"}],"author":[{"embeddable":true,"href":"https:\/\/schronienie.mng.gda.pl\/schronienie\/wp-json\/wp\/v2\/users\/1"}],"replies":[{"embeddable":true,"href":"https:\/\/schronienie.mng.gda.pl\/schronienie\/wp-json\/wp\/v2\/comments?post=400"}],"version-history":[{"count":15,"href":"https:\/\/schronienie.mng.gda.pl\/schronienie\/wp-json\/wp\/v2\/pages\/400\/revisions"}],"predecessor-version":[{"id":9360,"href":"https:\/\/schronienie.mng.gda.pl\/schronienie\/wp-json\/wp\/v2\/pages\/400\/revisions\/9360"}],"up":[{"embeddable":true,"href":"https:\/\/schronienie.mng.gda.pl\/schronienie\/wp-json\/wp\/v2\/pages\/8"}],"wp:featuredmedia":[{"embeddable":true,"href":"https:\/\/schronienie.mng.gda.pl\/schronienie\/wp-json\/wp\/v2\/media\/9357"}],"wp:attachment":[{"href":"https:\/\/schronienie.mng.gda.pl\/schronienie\/wp-json\/wp\/v2\/media?parent=400"}],"curies":[{"name":"wp","href":"https:\/\/api.w.org\/{rel}","templated":true}]}}