{"id":398,"date":"2023-07-13T09:01:49","date_gmt":"2023-07-13T09:01:49","guid":{"rendered":"https:\/\/schronienie.mng.gda.pl\/schronienie\/?page_id=398"},"modified":"2024-10-07T10:45:59","modified_gmt":"2024-10-07T10:45:59","slug":"partnerzy","status":"publish","type":"page","link":"https:\/\/schronienie.mng.gda.pl\/schronienie\/o-nas\/partnerzy\/","title":{"rendered":"Partnerzy"},"content":{"rendered":"\n<p>Partnerzy projektu &#8220;Schronienie &#8211; klimat, migracje, dziedzictwo&#8221;:<\/p>\n\n\n\n<ul class=\"wp-block-list\">\n<li><a href=\"https:\/\/www.facebook.com\/EnvHum\/\" data-type=\"link\" data-id=\"https:\/\/www.facebook.com\/EnvHum\/\" target=\"_blank\" rel=\"noreferrer noopener\">Oslo School of Environmental Humanities (OSEH)<\/a> z Uniwersytetu w Oslo (UiO) (Norwegia)<\/li>\n\n\n\n<li><a href=\"https:\/\/en.uit.no\/startsida\" data-type=\"link\" data-id=\"https:\/\/en.uit.no\/startsida\" target=\"_blank\" rel=\"noreferrer noopener\">Arktyczny Uniwersytet Norweski w Troms\u00f8<\/a> (UiT) (Norwegia)<\/li>\n\n\n\n<li><a href=\"https:\/\/krambud.norskahusid.is\/\" data-type=\"link\" data-id=\"https:\/\/krambud.norskahusid.is\/\" target=\"_blank\" rel=\"noreferrer noopener\">The Norwegian House &#8211; Regional museum of Sn\u00e6fellsnes<\/a> (Dom Norweski &#8211; muzeum regionu Sn\u00e6fellsnes) (Islandia)<\/li>\n\n\n\n<li><a href=\"http:\/\/trondelagbildendekunstnere.com\/\" data-type=\"link\" data-id=\"http:\/\/trondelagbildendekunstnere.com\/\" target=\"_blank\" rel=\"noreferrer noopener\">Tr\u00f8ndelag Bildende Kunstnere w Trondheim (TBK) <\/a>(Stowarzyszenie artyst\u00f3w wizualnych z Tr\u00f8ndelag) (Norwegia)<\/li>\n\n\n\n<li><a href=\"https:\/\/www.facebook.com\/groups\/422540091090693\/\" data-type=\"link\" data-id=\"https:\/\/www.facebook.com\/groups\/422540091090693\/\" target=\"_blank\" rel=\"noreferrer noopener\">The Multicultural Council of Akureyri<\/a> (Biuro ds. Wielokulturowo\u015bci w Akureyri) (Islandia)<\/li>\n\n\n\n<li><a href=\"https:\/\/www.humanrights.is\/en\" data-type=\"link\" data-id=\"https:\/\/www.humanrights.is\/en\" target=\"_blank\" rel=\"noreferrer noopener\">Icelandic Human Rights Centre w Reykjaviku <\/a>(Islandzkie Centrum Praw Cz\u0142owieka w Reykiawiku) (Islandia)<\/li>\n\n\n\n<li><a href=\"https:\/\/teatrminiatura.pl\/\" data-type=\"link\" data-id=\"https:\/\/teatrminiatura.pl\/\" target=\"_blank\" rel=\"noreferrer noopener\">Miejski Teatr Miniatura w Gda\u0144sku<\/a><\/li>\n<\/ul>\n\n\n\n<p>Honorowy Patronat nad projektem obj\u0119\u0142a <a href=\"https:\/\/www.government.is\/other-languages\/ambasada-islandii-w-warszawie\/\" data-type=\"link\" data-id=\"https:\/\/www.government.is\/other-languages\/ambasada-islandii-w-warszawie\/\" target=\"_blank\" rel=\"noreferrer noopener\">Ambasada Republiki Islandii w Polsce<\/a>.<\/p>\n\n\n\n<p>Mecenasem Muzeum Narodowego w Gda\u0144sku jest <a href=\"https:\/\/www.gkpge.pl\/grupa-pge\/dla-mediow\/komunikaty-prasowe\/sponsoring-i-dzialalnosc-charytatywna\/pge-mecenasem-muzeum-narodowego-w-gdansku\" data-type=\"link\" data-id=\"https:\/\/www.gkpge.pl\/grupa-pge\/dla-mediow\/komunikaty-prasowe\/sponsoring-i-dzialalnosc-charytatywna\/pge-mecenasem-muzeum-narodowego-w-gdansku\" target=\"_blank\" rel=\"noreferrer noopener\">PGE Polska Grupa Energetyczna<\/a>.<\/p>\n\n\n\n<figure class=\"wp-block-image size-full\"><img loading=\"lazy\" decoding=\"async\" width=\"1920\" height=\"1080\" src=\"https:\/\/schronienie.mng.gda.pl\/schronienie\/wp-content\/uploads\/Etno_Shelter_mapa_1920x1080-px.jpg\" alt=\"\" class=\"wp-image-9382\" srcset=\"https:\/\/schronienie.mng.gda.pl\/schronienie\/wp-content\/uploads\/Etno_Shelter_mapa_1920x1080-px.jpg 1920w, https:\/\/schronienie.mng.gda.pl\/schronienie\/wp-content\/uploads\/Etno_Shelter_mapa_1920x1080-px-960x540.jpg 960w, https:\/\/schronienie.mng.gda.pl\/schronienie\/wp-content\/uploads\/Etno_Shelter_mapa_1920x1080-px-768x432.jpg 768w, https:\/\/schronienie.mng.gda.pl\/schronienie\/wp-content\/uploads\/Etno_Shelter_mapa_1920x1080-px-1536x864.jpg 1536w, https:\/\/schronienie.mng.gda.pl\/schronienie\/wp-content\/uploads\/Etno_Shelter_mapa_1920x1080-px-348x196.jpg 348w\" sizes=\"auto, (max-width: 1920px) 100vw, 1920px\" \/><\/figure>\n\n\n\n<div style=\"height:70px\" aria-hidden=\"true\" class=\"wp-block-spacer\"><\/div>\n\n\n\n<p>Wsp\u00f3\u0142praca:<\/p>\n\n\n\n<ul class=\"wp-block-list\">\n<li>Instytut Antropologii i Etnologii Uniwersytetu im. Adama Mickiewicza w Poznaniu<\/li>\n\n\n\n<li>Wydzia\u0142 Architektury Politechniki Gda\u0144skiej<\/li>\n\n\n\n<li>Wydzia\u0142 Rze\u017aby i Intermedi\u00f3w Akademii Sztuk Pi\u0119knych w Gda\u0144sku<\/li>\n\n\n\n<li>Wydzia\u0142 Wzornictwa Akademii Sztuk Pi\u0119knych w Gda\u0144sku<\/li>\n\n\n\n<li>Wydzia\u0142u Etnologii Uniwersytetu im. Adama Mickiewicza w Poznaniu<\/li>\n<\/ul>\n\n\n\n<div style=\"height:50px\" aria-hidden=\"true\" class=\"wp-block-spacer\"><\/div>\n\n\n\n<p>Projekt \u201eSchronienie \u2013 klimat, migracje, dziedzictwo\u201d wsp\u00f3\u0142finansowany ze \u015brodk\u00f3w Mechanizmu Finansowego Europejskiego Obszaru Gospodarczego 2014\u20132021 oraz Ministerstwa Kultury i Dziedzictwa Narodowego w ramach Programu \u201eKultura\u201d, Dzia\u0142anie 2 \u201ePoprawa dost\u0119pu do kultury i sztuki\u201d.<\/p>\n\n\n\n<p>Dofinansowano ze \u015brodk\u00f3w Ministra Kultury i Dziedzictwa Narodowego.<\/p>\n","protected":false},"excerpt":{"rendered":"<p>Partnerzy projektu &#8220;Schronienie &#8211; klimat, migracje, dziedzictwo&#8221;: Honorowy Patronat nad projektem obj\u0119\u0142a Ambasada Republiki Islandii w Polsce. Mecenasem Muzeum Narodowego w Gda\u0144sku jest PGE Polska Grupa Energetyczna. Wsp\u00f3\u0142praca: Projekt \u201eSchronienie \u2013 klimat, migracje, dziedzictwo\u201d wsp\u00f3\u0142finansowany ze \u015brodk\u00f3w Mechanizmu Finansowego Europejskiego Obszaru Gospodarczego 2014\u20132021 oraz Ministerstwa Kultury i Dziedzictwa Narodowego w ramach Programu \u201eKultura\u201d, Dzia\u0142anie 2 [&hellip;]<\/p>\n","protected":false},"author":1,"featured_media":9385,"parent":8,"menu_order":2,"comment_status":"closed","ping_status":"closed","template":"page-templates\/template-inner-page.php","meta":{"inline_featured_image":false,"footnotes":"","_links_to":"","_links_to_target":""},"class_list":["post-398","page","type-page","status-publish","has-post-thumbnail","hentry"],"acf":[],"_links":{"self":[{"href":"https:\/\/schronienie.mng.gda.pl\/schronienie\/wp-json\/wp\/v2\/pages\/398","targetHints":{"allow":["GET"]}}],"collection":[{"href":"https:\/\/schronienie.mng.gda.pl\/schronienie\/wp-json\/wp\/v2\/pages"}],"about":[{"href":"https:\/\/schronienie.mng.gda.pl\/schronienie\/wp-json\/wp\/v2\/types\/page"}],"author":[{"embeddable":true,"href":"https:\/\/schronienie.mng.gda.pl\/schronienie\/wp-json\/wp\/v2\/users\/1"}],"replies":[{"embeddable":true,"href":"https:\/\/schronienie.mng.gda.pl\/schronienie\/wp-json\/wp\/v2\/comments?post=398"}],"version-history":[{"count":32,"href":"https:\/\/schronienie.mng.gda.pl\/schronienie\/wp-json\/wp\/v2\/pages\/398\/revisions"}],"predecessor-version":[{"id":11277,"href":"https:\/\/schronienie.mng.gda.pl\/schronienie\/wp-json\/wp\/v2\/pages\/398\/revisions\/11277"}],"up":[{"embeddable":true,"href":"https:\/\/schronienie.mng.gda.pl\/schronienie\/wp-json\/wp\/v2\/pages\/8"}],"wp:featuredmedia":[{"embeddable":true,"href":"https:\/\/schronienie.mng.gda.pl\/schronienie\/wp-json\/wp\/v2\/media\/9385"}],"wp:attachment":[{"href":"https:\/\/schronienie.mng.gda.pl\/schronienie\/wp-json\/wp\/v2\/media?parent=398"}],"curies":[{"name":"wp","href":"https:\/\/api.w.org\/{rel}","templated":true}]}}