{"id":394,"date":"2023-07-13T08:59:21","date_gmt":"2023-07-13T08:59:21","guid":{"rendered":"https:\/\/schronienie.mng.gda.pl\/schronienie\/?page_id=394"},"modified":"2024-10-07T07:48:53","modified_gmt":"2024-10-07T07:48:53","slug":"cel-projektu","status":"publish","type":"page","link":"https:\/\/schronienie.mng.gda.pl\/schronienie\/o-nas\/cel-projektu\/","title":{"rendered":"Cel projektu"},"content":{"rendered":"\n<h2 class=\"wp-block-heading\">O projekcie<\/h2>\n\n\n\n<p><strong>Projekt \u201cSchronienie &#8211; migracje, klimat, dziedzictwo\u201d<\/strong> to multidyscyplinarne dzia\u0142anie o charakterze badawczym, edukacyjnym i artystycznym. Tematem projektu by\u0142 wp\u0142yw zmian klimatycznych na dziedzictwo kulturowe, zmiany spo\u0142eczne i procesy migracyjne. Celem projektu by\u0142a edukacja mi\u0119dzykulturowa i proekologiczna realizowana poprzez liczne dzia\u0142ania warsztatowe i kulturalne.\u00a0<\/p>\n\n\n\n<p>Projekt \u0142\u0105czy\u0142 \u015brodowiska artystyczne, tw\u00f3rc\u00f3w ludowych, muzealnik\u00f3w ze \u015brodowiskami naukowymi \u2013 klimatologami, etnologami i antropologami kultury wok\u00f3\u0142 temat\u00f3w zwi\u0105zanych ze zmianami klimatycznymi. Dzia\u0142ania projektowe koncentrowa\u0142y si\u0119 na promowaniu cel\u00f3w zr\u00f3wnowa\u017conego rozwoju i idei ekomuzeum, \u0142\u0105cz\u0105cej dziedzictwo naturalne z dziedzictwem kulturowym.\u00a0<\/p>\n\n\n\n<p>Przedmiotem projektu by\u0142a r\u00f3\u017cnorodno\u015b\u0107 kulturowa i strategie integracji imigrant\u00f3w wykorzystuj\u0105ce ich zasoby kulturowe oraz sieciowanie instytucji zajmuj\u0105cych si\u0119 imigrantami w Polsce, Islandii i Norwegii oraz wsp\u00f3\u0142praca na rzecz wielokulturowo\u015bci. W ramach projektu zrealizowane zosta\u0142y dzia\u0142ania wykorzystuj\u0105ce dziedzictwo kulinarne, muzyczne czy artystyczne migrant\u00f3w.\u00a0<\/p>\n\n\n\n<p><strong>\u201cSchronienie \u2013 edukacja dla dobrostanu\u201d<\/strong>\u00a0<strong>\u2013 innowacyjna edukacja poprzez kultur\u0119 i natur\u0119\u00a0<\/strong><\/p>\n\n\n\n<div data-wp-interactive=\"core\/file\" class=\"wp-block-file\"><object data-wp-bind--hidden=\"!state.hasPdfPreview\" hidden class=\"wp-block-file__embed\" data=\"https:\/\/schronienie.mng.gda.pl\/schronienie\/wp-content\/uploads\/schronienie_sybilla_final.pdf\" type=\"application\/pdf\" style=\"width:100%;height:600px\" aria-label=\"Osadzone z schronienie_sybilla_final.\"><\/object><a id=\"wp-block-file--media-5a36608f-b379-4df7-8a81-d3d772020110\" href=\"https:\/\/schronienie.mng.gda.pl\/schronienie\/wp-content\/uploads\/schronienie_sybilla_final.pdf\">schronienie_sybilla_final<\/a><a href=\"https:\/\/schronienie.mng.gda.pl\/schronienie\/wp-content\/uploads\/schronienie_sybilla_final.pdf\" class=\"wp-block-file__button wp-element-button\" download aria-describedby=\"wp-block-file--media-5a36608f-b379-4df7-8a81-d3d772020110\">Pobierz<\/a><\/div>\n\n\n\n<p>Za\u0142o\u017ceniem projektu by\u0142o stworzenie platformy mi\u0119dzynarodowej wsp\u00f3\u0142pracy kulturalnej pomi\u0119dzy instytucjami, badaczami i artystami z Polski, Norwegii i Islandii oraz innych kraj\u00f3w europejskich, wypracowanie metodologii i narz\u0119dzi badawczych, zaproponowanie innowacyjnych rozwi\u0105za\u0144 w zakresie przedsi\u0119biorczo\u015bci kulturalnej i zarz\u0105dzania dziedzictwem kulturowym, wypracowanie strategii w\u0142\u0105czania imigrant\u00f3w oraz mniejszo\u015bci etnicznych i narodowych do \u017cycia kulturalnego oraz zwi\u0119kszenie dost\u0119pu do kultury i sztuki ze szczeg\u00f3lnym naciskiem na grupy wykluczone b\u0105d\u017a do tej pory niezaanga\u017cowane.<\/p>\n\n\n\n<div style=\"height:46px\" aria-hidden=\"true\" class=\"wp-block-spacer\"><\/div>\n\n\n\n<h2 class=\"wp-block-heading\">PJM o projekcie&nbsp;<\/h2>\n\n\n\n<figure class=\"wp-block-embed is-type-video is-provider-youtube wp-block-embed-youtube wp-embed-aspect-16-9 wp-has-aspect-ratio\"><div class=\"wp-block-embed__wrapper\">\n<iframe loading=\"lazy\" title=\"PJM o projekcie &quot;Schronienie - klimat, migracje, dziedzictwo&quot; realizowanym w Oddziale Etnografii MNG\" width=\"640\" height=\"360\" src=\"https:\/\/www.youtube.com\/embed\/zGYOeeG13xM?feature=oembed\" frameborder=\"0\" allow=\"accelerometer; autoplay; clipboard-write; encrypted-media; gyroscope; picture-in-picture; web-share\" referrerpolicy=\"strict-origin-when-cross-origin\" allowfullscreen><\/iframe>\n<\/div><\/figure>\n\n\n\n<p>#opisujemy: nagranie w PJM, lektorka miga informacje o projekcie &#8220;Schronienie &#8211; klimat, migracje, dziedzictwo&#8221;<\/p>\n\n\n\n<div style=\"height:100px\" aria-hidden=\"true\" class=\"wp-block-spacer\"><\/div>\n","protected":false},"excerpt":{"rendered":"<p>O projekcie Projekt \u201cSchronienie &#8211; migracje, klimat, dziedzictwo\u201d to multidyscyplinarne dzia\u0142anie o charakterze badawczym, edukacyjnym i artystycznym. Tematem projektu by\u0142 wp\u0142yw zmian klimatycznych na dziedzictwo kulturowe, zmiany spo\u0142eczne i procesy migracyjne. Celem projektu by\u0142a edukacja mi\u0119dzykulturowa i proekologiczna realizowana poprzez liczne dzia\u0142ania warsztatowe i kulturalne.\u00a0 Projekt \u0142\u0105czy\u0142 \u015brodowiska artystyczne, tw\u00f3rc\u00f3w ludowych, muzealnik\u00f3w ze \u015brodowiskami naukowymi [&hellip;]<\/p>\n","protected":false},"author":1,"featured_media":190,"parent":8,"menu_order":1,"comment_status":"closed","ping_status":"closed","template":"page-templates\/template-inner-page.php","meta":{"inline_featured_image":false,"footnotes":"","_links_to":"","_links_to_target":""},"class_list":["post-394","page","type-page","status-publish","has-post-thumbnail","hentry"],"acf":[],"_links":{"self":[{"href":"https:\/\/schronienie.mng.gda.pl\/schronienie\/wp-json\/wp\/v2\/pages\/394","targetHints":{"allow":["GET"]}}],"collection":[{"href":"https:\/\/schronienie.mng.gda.pl\/schronienie\/wp-json\/wp\/v2\/pages"}],"about":[{"href":"https:\/\/schronienie.mng.gda.pl\/schronienie\/wp-json\/wp\/v2\/types\/page"}],"author":[{"embeddable":true,"href":"https:\/\/schronienie.mng.gda.pl\/schronienie\/wp-json\/wp\/v2\/users\/1"}],"replies":[{"embeddable":true,"href":"https:\/\/schronienie.mng.gda.pl\/schronienie\/wp-json\/wp\/v2\/comments?post=394"}],"version-history":[{"count":38,"href":"https:\/\/schronienie.mng.gda.pl\/schronienie\/wp-json\/wp\/v2\/pages\/394\/revisions"}],"predecessor-version":[{"id":11248,"href":"https:\/\/schronienie.mng.gda.pl\/schronienie\/wp-json\/wp\/v2\/pages\/394\/revisions\/11248"}],"up":[{"embeddable":true,"href":"https:\/\/schronienie.mng.gda.pl\/schronienie\/wp-json\/wp\/v2\/pages\/8"}],"wp:featuredmedia":[{"embeddable":true,"href":"https:\/\/schronienie.mng.gda.pl\/schronienie\/wp-json\/wp\/v2\/media\/190"}],"wp:attachment":[{"href":"https:\/\/schronienie.mng.gda.pl\/schronienie\/wp-json\/wp\/v2\/media?parent=394"}],"curies":[{"name":"wp","href":"https:\/\/api.w.org\/{rel}","templated":true}]}}