{"id":32,"date":"2023-07-07T07:08:20","date_gmt":"2023-07-07T07:08:20","guid":{"rendered":"https:\/\/schronienie.mng.gda.pl\/schronienie\/?page_id=32"},"modified":"2023-09-08T17:53:24","modified_gmt":"2023-09-08T17:53:24","slug":"mapa-strony","status":"publish","type":"page","link":"https:\/\/schronienie.mng.gda.pl\/schronienie\/mapa-strony\/","title":{"rendered":"Mapa strony"},"content":{"rendered":"\n<div id=\"simple-sitemap-container-69e213b4d0d58\" class=\"simple-sitemap-container simple-sitemap-container-69e213b4d0d58 tab-disabled\"><div class=\"simple-sitemap-wrap\"><h3 class=\"post-type\">Strony<\/h3><ul class=\"simple-sitemap-page main\"><li class=\"sitemap-item page_item page-item-20\"><a href=\"https:\/\/schronienie.mng.gda.pl\/schronienie\/badania\/\">Badania<\/a><\/li>\n<li class=\"sitemap-item page_item page-item-30\"><a href=\"https:\/\/schronienie.mng.gda.pl\/schronienie\/deklaracja-dostepnosci\/\">Deklaracja dost\u0119pno\u015bci<\/a><\/li>\n<li class=\"sitemap-item page_item page-item-10\"><a href=\"https:\/\/schronienie.mng.gda.pl\/schronienie\/dzialania\/\">Dzia\u0142ania<\/a><\/li>\n<li class=\"sitemap-item page_item page-item-12\"><a href=\"https:\/\/schronienie.mng.gda.pl\/schronienie\/edukacja\/\">Edukacja<\/a><\/li>\n<li class=\"sitemap-item page_item page-item-14\"><a href=\"https:\/\/schronienie.mng.gda.pl\/schronienie\/kulinaria\/\">Kulinaria<\/a><\/li>\n<li class=\"sitemap-item page_item page-item-32\"><a href=\"https:\/\/schronienie.mng.gda.pl\/schronienie\/mapa-strony\/\">Mapa strony<\/a><\/li>\n<li class=\"sitemap-item page_item page-item-8 page_item_has_children\"><a href=\"https:\/\/schronienie.mng.gda.pl\/schronienie\/o-nas\/\">O projekcie<\/a>\n<ul class='children'>\n\t<li class=\"sitemap-item page_item page-item-394\"><a href=\"https:\/\/schronienie.mng.gda.pl\/schronienie\/o-nas\/cel-projektu\/\">Cel projektu<\/a><\/li>\n\t<li class=\"sitemap-item page_item page-item-400\"><a href=\"https:\/\/schronienie.mng.gda.pl\/schronienie\/o-nas\/kontakt\/\">Kontakt<\/a><\/li>\n\t<li class=\"sitemap-item page_item page-item-398\"><a href=\"https:\/\/schronienie.mng.gda.pl\/schronienie\/o-nas\/partnerzy\/\">Partnerzy<\/a><\/li>\n\t<li class=\"sitemap-item page_item page-item-9909\"><a href=\"https:\/\/schronienie.mng.gda.pl\/schronienie\/o-nas\/sybilla\/\">Sybilla za edukacj\u0119 w projekcie \"Schronienie\"!<\/a><\/li>\n\t<li class=\"sitemap-item page_item page-item-396\"><a href=\"https:\/\/schronienie.mng.gda.pl\/schronienie\/o-nas\/zespol\/\">Zesp\u00f3\u0142<\/a><\/li>\n<\/ul>\n<\/li>\n<li class=\"sitemap-item page_item page-item-22\"><a href=\"https:\/\/schronienie.mng.gda.pl\/schronienie\/podcasty\/\">Podcasty<\/a><\/li>\n<li class=\"sitemap-item page_item page-item-36\"><a href=\"https:\/\/schronienie.mng.gda.pl\/schronienie\/polityka-cookies-2\/\">Polityka cookies<\/a><\/li>\n<li class=\"sitemap-item page_item page-item-8981\"><a href=\"https:\/\/schronienie.mng.gda.pl\/schronienie\/polityka-plikow-cookies-eu\/\">Polityka plik\u00f3w cookies (EU)<\/a><\/li>\n<li class=\"sitemap-item page_item page-item-34\"><a href=\"https:\/\/schronienie.mng.gda.pl\/schronienie\/polityka-prywatnosci\/\">Polityka prywatno\u015bci<\/a><\/li>\n<li class=\"sitemap-item page_item page-item-24\"><a href=\"https:\/\/schronienie.mng.gda.pl\/schronienie\/publikacje\/\">Publikacja<\/a><\/li>\n<li class=\"sitemap-item page_item page-item-6\"><a href=\"https:\/\/schronienie.mng.gda.pl\/schronienie\/\">Strona g\u0142\u00f3wna<\/a><\/li>\n<li class=\"sitemap-item page_item page-item-18\"><a href=\"https:\/\/schronienie.mng.gda.pl\/schronienie\/wydarzenia-kulturalne\/\">Wydarzenia kulturalne<\/a><\/li>\n<li class=\"sitemap-item page_item page-item-16\"><a href=\"https:\/\/schronienie.mng.gda.pl\/schronienie\/wystawy\/\">Wystawy<\/a><\/li>\n<\/ul><\/div><div class=\"simple-sitemap-wrap\"><h3 class=\"post-type\">Edukacja<\/h3><ul class=\"simple-sitemap-wyksztalcenie main\"><li class=\"sitemap-item\"><a href=\"https:\/\/schronienie.mng.gda.pl\/schronienie\/wyksztalcenie\/antyhejt-niekrzywdzaca-komunikacja\/\">Antyhejt &#8211; Niekrzywdz\u0105ca komunikacja<\/a><\/li><li class=\"sitemap-item\"><a href=\"https:\/\/schronienie.mng.gda.pl\/schronienie\/wyksztalcenie\/arnaqquassaaqz-grenlandii\/\">Arnaqquassaaqz Grenlandii<\/a><\/li><li class=\"sitemap-item\"><a href=\"https:\/\/schronienie.mng.gda.pl\/schronienie\/wyksztalcenie\/bibulkowe-kwiaty\/\">Bibu\u0142kowe Kwiaty<\/a><\/li><li class=\"sitemap-item\"><a href=\"https:\/\/schronienie.mng.gda.pl\/schronienie\/wyksztalcenie\/bomby-z-nasionami\/\">Bomby z nasionami<\/a><\/li><li class=\"sitemap-item\"><a href=\"https:\/\/schronienie.mng.gda.pl\/schronienie\/wyksztalcenie\/domek-licha-kaszubskie-schronienie\/\">Domek licha &#8211; kaszubskie schronienie<\/a><\/li><li class=\"sitemap-item\"><a href=\"https:\/\/schronienie.mng.gda.pl\/schronienie\/wyksztalcenie\/domowy-zielnik\/\">Domowy zielnik<\/a><\/li><li class=\"sitemap-item\"><a href=\"https:\/\/schronienie.mng.gda.pl\/schronienie\/wyksztalcenie\/hotelik-dla-pszczol\/\">Hotelik dla pszcz\u00f3\u0142<\/a><\/li><li class=\"sitemap-item\"><a href=\"https:\/\/schronienie.mng.gda.pl\/schronienie\/wyksztalcenie\/jesienne-wianki\/\">Jesienne wianki<\/a><\/li><li class=\"sitemap-item\"><a href=\"https:\/\/schronienie.mng.gda.pl\/schronienie\/wyksztalcenie\/kaszubskie-malarstwo-na-szkle\/\">Kaszubskie malarstwo na szkle<\/a><\/li><li class=\"sitemap-item\"><a href=\"https:\/\/schronienie.mng.gda.pl\/schronienie\/wyksztalcenie\/kolaze-z-suszonych-kwiatow\/\">Kola\u017ce z suszonych kwiat\u00f3w<\/a><\/li><li class=\"sitemap-item\"><a href=\"https:\/\/schronienie.mng.gda.pl\/schronienie\/wyksztalcenie\/kwiecien-i-maj\/\">kwiecie\u0144 i maj<\/a><\/li><li class=\"sitemap-item\"><a href=\"https:\/\/schronienie.mng.gda.pl\/schronienie\/wyksztalcenie\/laki-kwietne-nowe-spojrzenie-na-zielen\/\">\u0141\u0105ki kwietne nowe spojrzenie na ziele\u0144<\/a><\/li><li class=\"sitemap-item\"><a href=\"https:\/\/schronienie.mng.gda.pl\/schronienie\/wyksztalcenie\/shelter-learning-by-doing\/\">Learning by doing!<\/a><\/li><li class=\"sitemap-item\"><a href=\"https:\/\/schronienie.mng.gda.pl\/schronienie\/wyksztalcenie\/lepimy-ukrainskie-pierogi\/\">Lepimy Ukrai\u0144skie pierogi<\/a><\/li><li class=\"sitemap-item\"><a href=\"https:\/\/schronienie.mng.gda.pl\/schronienie\/wyksztalcenie\/listy-z-grenlandii\/\">Listy z Grenlandii<\/a><\/li><li class=\"sitemap-item\"><a href=\"https:\/\/schronienie.mng.gda.pl\/schronienie\/wyksztalcenie\/maj-i-czerwiec\/\">maj i czerwiec<\/a><\/li><li class=\"sitemap-item\"><a href=\"https:\/\/schronienie.mng.gda.pl\/schronienie\/wyksztalcenie\/makatki-na-krosnie\/\">Makatki na kro\u015bnie<\/a><\/li><li class=\"sitemap-item\"><a href=\"https:\/\/schronienie.mng.gda.pl\/schronienie\/wyksztalcenie\/makrama-ekotorby\/\">Makrama: ekotorby<\/a><\/li><li class=\"sitemap-item\"><a href=\"https:\/\/schronienie.mng.gda.pl\/schronienie\/wyksztalcenie\/makrama-zawieszki-choinkowe\/\">Makrama: zawieszki choinkowe<\/a><\/li><li class=\"sitemap-item\"><a href=\"https:\/\/schronienie.mng.gda.pl\/schronienie\/wyksztalcenie\/marzec-i-kwiecien\/\">marzec i kwiecie\u0144<\/a><\/li><li class=\"sitemap-item\"><a href=\"https:\/\/schronienie.mng.gda.pl\/schronienie\/wyksztalcenie\/metody-dzialan-proekologicznych-z-gminami-i-um\/\">Metody dzia\u0142a\u0144 proekologicznych z gminami i UM<\/a><\/li><li class=\"sitemap-item\"><a href=\"https:\/\/schronienie.mng.gda.pl\/schronienie\/wyksztalcenie\/miejski-ogrod\/\">Miejski ogr\u00f3d &#8211; warsztat projektowy<\/a><\/li><li class=\"sitemap-item\"><a href=\"https:\/\/schronienie.mng.gda.pl\/schronienie\/wyksztalcenie\/miejski-warzywniak-uprawy-balkonowe\/\">Miejski warzywniak &#8211; Uprawy balkonowe<\/a><\/li><li class=\"sitemap-item\"><a href=\"https:\/\/schronienie.mng.gda.pl\/schronienie\/wyksztalcenie\/pakowanieno-waste\/\">Pakowanie no waste<\/a><\/li><li class=\"sitemap-item\"><a href=\"https:\/\/schronienie.mng.gda.pl\/schronienie\/wyksztalcenie\/pazdziernik-i-grudzien\/\">pa\u017adziernik i grudzie\u0144<\/a><\/li><li class=\"sitemap-item\"><a href=\"https:\/\/schronienie.mng.gda.pl\/schronienie\/wyksztalcenie\/poidelko-dla-owadow\/\">Poide\u0142ko dla owad\u00f3w<\/a><\/li><li class=\"sitemap-item\"><a href=\"https:\/\/schronienie.mng.gda.pl\/schronienie\/wyksztalcenie\/mobile-z-kolorowymi-ptakami\/\">Ptasie mobile<\/a><\/li><li class=\"sitemap-item\"><a href=\"https:\/\/schronienie.mng.gda.pl\/schronienie\/wyksztalcenie\/raport-z-dzialan-proekologicznych\/\">Raport z dzia\u0142a\u0144 proekologicznych<\/a><\/li><li class=\"sitemap-item\"><a href=\"https:\/\/schronienie.mng.gda.pl\/schronienie\/wyksztalcenie\/scenariusze-dla-szkol-z-uam-i-nauczycieli-z-trojmiasta\/\">Scenariusze dla szk\u00f3\u0142<\/a><\/li><li class=\"sitemap-item\"><a href=\"https:\/\/schronienie.mng.gda.pl\/schronienie\/wyksztalcenie\/scenariusze-warsztatow-edu-i-teatralnych-miniatura\/\">Scenariusze warsztat\u00f3w edukacyjnych<\/a><\/li><li class=\"sitemap-item\"><a href=\"https:\/\/schronienie.mng.gda.pl\/schronienie\/wyksztalcenie\/sierpien-i-wrzesien\/\">Sierpie\u0144 i wrzesie\u0144<\/a><\/li><li class=\"sitemap-item\"><a href=\"https:\/\/schronienie.mng.gda.pl\/schronienie\/wyksztalcenie\/slowianskielalki-motanki\/\">S\u0142owia\u0144skie lalki motanki<\/a><\/li><li class=\"sitemap-item\"><a href=\"https:\/\/schronienie.mng.gda.pl\/schronienie\/wyksztalcenie\/spacer-w-parku-oliwskim-19-06\/\">Spacery w Parku Oliwskim<\/a><\/li><li class=\"sitemap-item\"><a href=\"https:\/\/schronienie.mng.gda.pl\/schronienie\/wyksztalcenie\/tradycyjna-wycinanka-ludowa\/\">Tradycyjna wycinanka ludowa<\/a><\/li><li class=\"sitemap-item\"><a href=\"https:\/\/schronienie.mng.gda.pl\/schronienie\/wyksztalcenie\/tradycyjne-garncarstwo\/\">Tradycyjne garncarstwo<\/a><\/li><li class=\"sitemap-item\"><a href=\"https:\/\/schronienie.mng.gda.pl\/schronienie\/wyksztalcenie\/tradycyjny-haft-ukrainski\/\">Tradycyjny haft Ukrai\u0144ski<\/a><\/li><li class=\"sitemap-item\"><a href=\"https:\/\/schronienie.mng.gda.pl\/schronienie\/wyksztalcenie\/ukrainskie-malowanie-petrykiwka\/\">Ukrai\u0144skie malowanie\u2013 petrykiwka<\/a><\/li><li class=\"sitemap-item\"><a href=\"https:\/\/schronienie.mng.gda.pl\/schronienie\/wyksztalcenie\/ukrainskie-pisanki\/\">Ukrai\u0144skie pisanki<\/a><\/li><li class=\"sitemap-item\"><a href=\"https:\/\/schronienie.mng.gda.pl\/schronienie\/wyksztalcenie\/ukrainskie-stemplowanie-wybijka\/\">Ukrai\u0144skie stemplowanie \u2013 wybijka<\/a><\/li><li class=\"sitemap-item\"><a href=\"https:\/\/schronienie.mng.gda.pl\/schronienie\/wyksztalcenie\/warsztaty-wicia-wiankow\/\">Warsztaty wicia wiank\u00f3w<\/a><\/li><li class=\"sitemap-item\"><a href=\"https:\/\/schronienie.mng.gda.pl\/schronienie\/wyksztalcenie\/zapachowe-woreczki-na-dzien-mamy\/\">Zapachowe woreczki na Dzie\u0144 Mamy<\/a><\/li><li class=\"sitemap-item\"><a href=\"https:\/\/schronienie.mng.gda.pl\/schronienie\/wyksztalcenie\/zielona-kapiel-na-balkonie\/\">Zielona k\u0105piel na balkonie<\/a><\/li><li class=\"sitemap-item\"><a href=\"https:\/\/schronienie.mng.gda.pl\/schronienie\/wyksztalcenie\/warsztaty-ekologiczne-dla-doroslych\/\">Zielony balkon z klimatem<\/a><\/li><li class=\"sitemap-item\"><a href=\"https:\/\/schronienie.mng.gda.pl\/schronienie\/wyksztalcenie\/zimowy-las-w-sloiku\/\">Zimowy las w s\u0142oiku<\/a><\/li><\/ul><\/div><div class=\"simple-sitemap-wrap\"><h3 class=\"post-type\">Kulinaria<\/h3><ul class=\"simple-sitemap-culinary main\"><li class=\"sitemap-item\"><a href=\"https:\/\/schronienie.mng.gda.pl\/schronienie\/culinary\/afganistan\/\">Afganistan<\/a><\/li><li class=\"sitemap-item\"><a href=\"https:\/\/schronienie.mng.gda.pl\/schronienie\/culinary\/czeczenia\/\">Czeczenia<\/a><\/li><li class=\"sitemap-item\"><a href=\"https:\/\/schronienie.mng.gda.pl\/schronienie\/culinary\/dla-ciebie-zawsze-jestmiejsce-przy-naszym-stole\/\">Dla Ciebie zawsze jest miejsce przy naszym stole<\/a><\/li><li class=\"sitemap-item\"><a href=\"https:\/\/schronienie.mng.gda.pl\/schronienie\/culinary\/festiwal-smakow\/\">Festiwal Smak\u00f3w &#8220;Zwijamy si\u0119!&#8221;<\/a><\/li><li class=\"sitemap-item\"><a href=\"https:\/\/schronienie.mng.gda.pl\/schronienie\/culinary\/irak\/\">Irak<\/a><\/li><li class=\"sitemap-item\"><a href=\"https:\/\/schronienie.mng.gda.pl\/schronienie\/culinary\/iran\/\">Iran<\/a><\/li><li class=\"sitemap-item\"><a href=\"https:\/\/schronienie.mng.gda.pl\/schronienie\/culinary\/izrael\/\">Izrael<\/a><\/li><li class=\"sitemap-item\"><a href=\"https:\/\/schronienie.mng.gda.pl\/schronienie\/culinary\/kuliaria-tytul\/\">kulinaria<\/a><\/li><li class=\"sitemap-item\"><a href=\"https:\/\/schronienie.mng.gda.pl\/schronienie\/culinary\/nigeria\/\">Nigeria<\/a><\/li><li class=\"sitemap-item\"><a href=\"https:\/\/schronienie.mng.gda.pl\/schronienie\/culinary\/peru\/\">Peru<\/a><\/li><li class=\"sitemap-item\"><a href=\"https:\/\/schronienie.mng.gda.pl\/schronienie\/culinary\/festiwal-kuchenne-potyczki\/\">Potyczki kulinarne: ciep\u0142o\/zimno<\/a><\/li><li class=\"sitemap-item\"><a href=\"https:\/\/schronienie.mng.gda.pl\/schronienie\/culinary\/turcja\/\">Turcja<\/a><\/li><li class=\"sitemap-item\"><a href=\"https:\/\/schronienie.mng.gda.pl\/schronienie\/culinary\/ukraina\/\">Ukraina<\/a><\/li><li class=\"sitemap-item\"><a href=\"https:\/\/schronienie.mng.gda.pl\/schronienie\/culinary\/uzbekistan\/\">Uzbekistan<\/a><\/li><\/ul><\/div><div class=\"simple-sitemap-wrap\"><h3 class=\"post-type\">Wystawy<\/h3><ul class=\"simple-sitemap-exhibitions main\"><li class=\"sitemap-item\"><a href=\"https:\/\/schronienie.mng.gda.pl\/schronienie\/exhibitions\/wirtualny-spacer\/\">Wirtualny spacer<\/a><\/li><li class=\"sitemap-item\"><a href=\"https:\/\/schronienie.mng.gda.pl\/schronienie\/exhibitions\/wystawa-dysonans\/\">Wystawa &#8220;Dysonans&#8221;<\/a><\/li><li class=\"sitemap-item\"><a href=\"https:\/\/schronienie.mng.gda.pl\/schronienie\/exhibitions\/wystawa-ostoje\/\">Wystawa &#8220;Ostoje. Etno x Foto ASP GDA&#8221;<\/a><\/li><li class=\"sitemap-item\"><a href=\"https:\/\/schronienie.mng.gda.pl\/schronienie\/exhibitions\/wystawa-schronienie-dobrostan\/\">Wystawa &#8220;Schronienie: dobrostan&#8221;<\/a><\/li><li class=\"sitemap-item\"><a href=\"https:\/\/schronienie.mng.gda.pl\/schronienie\/exhibitions\/wystawa-erle-kyllingmark\/\">Wystawa \u201eMiejsca poza\/Miejsca w nas | Beyond\/Within\u201d Erle Kyllingmark<\/a><\/li><\/ul><\/div><div class=\"simple-sitemap-wrap\"><h3 class=\"post-type\">Wydarzenia<\/h3><ul class=\"simple-sitemap-events main\"><li class=\"sitemap-item\"><a href=\"https:\/\/schronienie.mng.gda.pl\/schronienie\/events\/cech-wieloroda-i-stowarzyszenie-trojwiejska\/\">Cech Wielor\u00f3da i Stowarzyszenie Tr\u00f3jwiejska<\/a><\/li><li class=\"sitemap-item\"><a href=\"https:\/\/schronienie.mng.gda.pl\/schronienie\/events\/choreografia-roslin\/\">Choreografia ro\u015blin<\/a><\/li><li class=\"sitemap-item\"><a href=\"https:\/\/schronienie.mng.gda.pl\/schronienie\/events\/emigracje\/\">emiGracje<\/a><\/li><li class=\"sitemap-item\"><a href=\"https:\/\/schronienie.mng.gda.pl\/schronienie\/events\/festiwal-etnomatograf\/\">Festiwal Etnomatograf<\/a><\/li><li class=\"sitemap-item\"><a href=\"https:\/\/schronienie.mng.gda.pl\/schronienie\/events\/koncert-berlin-piano-trio-z-wizualizacjami\/\">Koncert Berlin Piano Trio<\/a><\/li><li class=\"sitemap-item\"><a href=\"https:\/\/schronienie.mng.gda.pl\/schronienie\/events\/koncert-organowy-z-wizualizacjami\/\">Koncert organowy z wizualizacjami<\/a><\/li><li class=\"sitemap-item\"><a href=\"https:\/\/schronienie.mng.gda.pl\/schronienie\/events\/muzyka-swiata\/\">Muzyka \u015bwiata<\/a><\/li><li class=\"sitemap-item\"><a href=\"https:\/\/schronienie.mng.gda.pl\/schronienie\/events\/odslona-gruzinska\/\">Ods\u0142ona gruzi\u0144ska<\/a><\/li><li class=\"sitemap-item\"><a href=\"https:\/\/schronienie.mng.gda.pl\/schronienie\/events\/odslona-kaszubska\/\">Ods\u0142ona kaszubska<\/a><\/li><li class=\"sitemap-item\"><a href=\"https:\/\/schronienie.mng.gda.pl\/schronienie\/events\/odslona-kociewska\/\">Ods\u0142ona kociewska<\/a><\/li><li class=\"sitemap-item\"><a href=\"https:\/\/schronienie.mng.gda.pl\/schronienie\/events\/odslona-ukrainska\/\">Ods\u0142ona ukrai\u0144ska<\/a><\/li><li class=\"sitemap-item\"><a href=\"https:\/\/schronienie.mng.gda.pl\/schronienie\/events\/koncert-pantarhei-koncert-i-instalacja-dzwiekowa\/\">Panta Rhei: koncert i instalacja d\u017awi\u0119kowa<\/a><\/li><li class=\"sitemap-item\"><a href=\"https:\/\/schronienie.mng.gda.pl\/schronienie\/events\/spektakl-teatru-tanca\/\">Partytura dla wszechogarniaj\u0105cej fali<\/a><\/li><li class=\"sitemap-item\"><a href=\"https:\/\/schronienie.mng.gda.pl\/schronienie\/events\/plener-rzezbiarski-ptaki-w-ogrodzie\/\">Plener rze\u017abiarski \u201ePtaki w ogrodzie\u201d<\/a><\/li><li class=\"sitemap-item\"><a href=\"https:\/\/schronienie.mng.gda.pl\/schronienie\/events\/streamingowany-koncert-muzyki-islandzkiej-arto-piano-trio\/\">Streamingowany koncert muzyki islandzkiej | Arto Piano Trio<\/a><\/li><li class=\"sitemap-item\"><a href=\"https:\/\/schronienie.mng.gda.pl\/schronienie\/events\/streamingowany-koncert-muzyki-norweskiej-arto-piano-trio\/\">Streamingowany koncert muzyki norweskiej | Arto Piano Trio<\/a><\/li><li class=\"sitemap-item\"><a href=\"https:\/\/schronienie.mng.gda.pl\/schronienie\/events\/streamingowany-koncert-muzyki-polsko-zydowskiej-arto-piano-trio\/\">Streamingowany koncert muzyki polsko-\u017cydowskiej | Arto Piano Trio<\/a><\/li><li class=\"sitemap-item\"><a href=\"https:\/\/schronienie.mng.gda.pl\/schronienie\/events\/taniec-izraelski\/\">Taniec izraelski<\/a><\/li><li class=\"sitemap-item\"><a href=\"https:\/\/schronienie.mng.gda.pl\/schronienie\/events\/warsztaty-glosow-las\/\">Warsztaty \u201eG\u0142os\u00f3w las\u201d<\/a><\/li><li class=\"sitemap-item\"><a href=\"https:\/\/schronienie.mng.gda.pl\/schronienie\/events\/warsztaty-spotkanie-ze-sztuka-i-happening-sztuka-po-wolnosc\/\">Warsztaty \u201eSpotkanie ze sztuk\u0105\u201d i happening \u201eSztuka Po Wolno\u015b\u0107\u201d<\/a><\/li><li class=\"sitemap-item\"><a href=\"https:\/\/schronienie.mng.gda.pl\/schronienie\/events\/warsztaty-muzykoterapii-z-instrumentem-sonora-sound-tube\/\">Warsztaty muzykoterapii z instrumentem Sonora Sound Tube<\/a><\/li><\/ul><\/div><div class=\"simple-sitemap-wrap\"><h3 class=\"post-type\">Badania<\/h3><ul class=\"simple-sitemap-research main\"><li class=\"sitemap-item\"><a href=\"https:\/\/schronienie.mng.gda.pl\/schronienie\/research\/badanie-terenowe\/\">Badania terenowe student\u00f3w Uniwersytetu im. Adama Mickiewicza w Poznaniu<\/a><\/li><li class=\"sitemap-item\"><a href=\"https:\/\/schronienie.mng.gda.pl\/schronienie\/research\/czy-biblioteki-to-tylko-instytucje-kultury-czy-zywe-czlonkinie-spolecznosci\/\">Biblioteki jako cz\u0142onkinie spo\u0142ecznos\u0301ci<\/a><\/li><li class=\"sitemap-item\"><a href=\"https:\/\/schronienie.mng.gda.pl\/schronienie\/research\/czy-w-muzyce-jest-tozsamosc-muzyka-kaszub\/\">Czy w muzyce jest toz\u0307samos\u0301c\u0301? Muzyka Kaszub<\/a><\/li><li class=\"sitemap-item\"><a href=\"https:\/\/schronienie.mng.gda.pl\/schronienie\/research\/end-of-hell\/\">End of Hell<\/a><\/li><li class=\"sitemap-item\"><a href=\"https:\/\/schronienie.mng.gda.pl\/schronienie\/research\/historia-wypisana-nicmi-haft-kaszubski\/\">Historia wypisana nic\u0301mi &#8211; haft kaszubski<\/a><\/li><li class=\"sitemap-item\"><a href=\"https:\/\/schronienie.mng.gda.pl\/schronienie\/research\/konferencja\/\">Mi\u0119dzynarodowa konferencja<\/a><\/li><li class=\"sitemap-item\"><a href=\"https:\/\/schronienie.mng.gda.pl\/schronienie\/research\/od-kobiet-dla-kobiet-kola-gospodyn-wiejskich\/\">Od kobiet, dla kobiet &#8211; Ko\u0142a Gospodyn\u0301 Wiejskich<\/a><\/li><li class=\"sitemap-item\"><a href=\"https:\/\/schronienie.mng.gda.pl\/schronienie\/research\/od-rybolostwa-do-wynajmu-pokoi\/\">Od rybo\u0142o\u0301wstwa do wynajmu pokoi<\/a><\/li><li class=\"sitemap-item\"><a href=\"https:\/\/schronienie.mng.gda.pl\/schronienie\/research\/wizyta-w-akureyri\/\">Wizyta w Akureyri<\/a><\/li><li class=\"sitemap-item\"><a href=\"https:\/\/schronienie.mng.gda.pl\/schronienie\/research\/wizyta-w-oslo\/\">Wizyta w Oslo<\/a><\/li><li class=\"sitemap-item\"><a href=\"https:\/\/schronienie.mng.gda.pl\/schronienie\/research\/wizyta-w-reykjaviku\/\">Wizyta w Reykjaviku<\/a><\/li><li class=\"sitemap-item\"><a href=\"https:\/\/schronienie.mng.gda.pl\/schronienie\/research\/wizyta-w-snaefellsnes\/\">Wizyta w Sn\u00e6fellsnes<\/a><\/li><li class=\"sitemap-item\"><a href=\"https:\/\/schronienie.mng.gda.pl\/schronienie\/research\/wizyta-w-tromso\/\">Wizyta w Troms\u00f8<\/a><\/li><li class=\"sitemap-item\"><a href=\"https:\/\/schronienie.mng.gda.pl\/schronienie\/research\/wizyta-w-trondheim\/\">Wizyta w Trondheim<\/a><\/li><\/ul><\/div><div class=\"simple-sitemap-wrap\"><h3 class=\"post-type\">Podcasty<\/h3><ul class=\"simple-sitemap-podcasts main\"><li class=\"sitemap-item\"><a href=\"https:\/\/schronienie.mng.gda.pl\/schronienie\/podcasts\/1-przy-wspolnym-stole-jak-przez-kulinaria-poznawac-inne-kultury-jak-laczyc-i-integrowac\/\">#1 Przy wsp\u00f3lnym stole &#8211; jak przez kulinaria poznawa\u0107 inne kultury? Jak \u0142\u0105czy\u0107 i integrowa\u0107?<\/a><\/li><li class=\"sitemap-item\"><a href=\"https:\/\/schronienie.mng.gda.pl\/schronienie\/podcasts\/artysci-w-odpowiedzi-na-zmiany-klimatu\/\">#10 Arty\u015bci w odpowiedzi na zmiany klimatu &#8211; czy sztuka mo\u017ce nas uwra\u017cliwi\u0107 na katastrof\u0119?<\/a><\/li><li class=\"sitemap-item\"><a href=\"https:\/\/schronienie.mng.gda.pl\/schronienie\/podcasts\/2-antropocen-czym-jest-epoka-czlowieka\/\">#2 Antropocen &#8211; czym jest epoka cz\u0142owieka?<\/a><\/li><li class=\"sitemap-item\"><a href=\"https:\/\/schronienie.mng.gda.pl\/schronienie\/podcasts\/3-green-office-i-muzeum-dla-klimatu-zarzadzanie-zespolem-zgodne-z-ekologia\/\">#3 Green office i muzeum dla klimatu \u2013 zarz\u0105dzanie zespo\u0142em zgodne z ekologi\u0105<\/a><\/li><li class=\"sitemap-item\"><a href=\"https:\/\/schronienie.mng.gda.pl\/schronienie\/podcasts\/4-architektura-humanitarna\/\">#4 Architektura humanitarna<\/a><\/li><li class=\"sitemap-item\"><a href=\"https:\/\/schronienie.mng.gda.pl\/schronienie\/podcasts\/5-zrownowazony-rozwoj-inspirowany-dawnymi-sposobami-gospodarowania\/\">#5 Zr\u00f3wnowa\u017cony rozw\u00f3j inspirowany dawnymi sposobami gospodarowania<\/a><\/li><li class=\"sitemap-item\"><a href=\"https:\/\/schronienie.mng.gda.pl\/schronienie\/podcasts\/6-opowiesci-rytualy-wspoldzialanie-jak-radzic-sobie-w-swiecie-pelnym-wyzwan-i-stresu\/\">#6 Opowie\u015bci, rytua\u0142y, wsp\u00f3\u0142dzia\u0142anie &#8211; jak radzi\u0107 sobie w \u015bwiecie pe\u0142nym wyzwa\u0144 i stresu?<\/a><\/li><li class=\"sitemap-item\"><a href=\"https:\/\/schronienie.mng.gda.pl\/schronienie\/podcasts\/7-ekoedukacja\/\">#7 EkoEdukacja<\/a><\/li><li class=\"sitemap-item\"><a href=\"https:\/\/schronienie.mng.gda.pl\/schronienie\/podcasts\/rezyliencja\/\">#8 Rezyliencja poprzez sztuk\u0119<\/a><\/li><li class=\"sitemap-item\"><a href=\"https:\/\/schronienie.mng.gda.pl\/schronienie\/podcasts\/jak-nasza-codziennosc-uczynic-zielona\/\">#9 Jak nasz\u0105 codzienno\u015b\u0107 uczyni\u0107 \u201czielon\u0105\u201d i zr\u00f3wnowa\u017con\u0105?<\/a><\/li><\/ul><\/div><\/div><br style=\"clear: both;\">\n","protected":false},"excerpt":{"rendered":"","protected":false},"author":1,"featured_media":0,"parent":0,"menu_order":0,"comment_status":"closed","ping_status":"closed","template":"page-templates\/template-inner-page.php","meta":{"inline_featured_image":false,"footnotes":"","_links_to":"","_links_to_target":""},"class_list":["post-32","page","type-page","status-publish","hentry"],"acf":[],"_links":{"self":[{"href":"https:\/\/schronienie.mng.gda.pl\/schronienie\/wp-json\/wp\/v2\/pages\/32","targetHints":{"allow":["GET"]}}],"collection":[{"href":"https:\/\/schronienie.mng.gda.pl\/schronienie\/wp-json\/wp\/v2\/pages"}],"about":[{"href":"https:\/\/schronienie.mng.gda.pl\/schronienie\/wp-json\/wp\/v2\/types\/page"}],"author":[{"embeddable":true,"href":"https:\/\/schronienie.mng.gda.pl\/schronienie\/wp-json\/wp\/v2\/users\/1"}],"replies":[{"embeddable":true,"href":"https:\/\/schronienie.mng.gda.pl\/schronienie\/wp-json\/wp\/v2\/comments?post=32"}],"version-history":[{"count":13,"href":"https:\/\/schronienie.mng.gda.pl\/schronienie\/wp-json\/wp\/v2\/pages\/32\/revisions"}],"predecessor-version":[{"id":7816,"href":"https:\/\/schronienie.mng.gda.pl\/schronienie\/wp-json\/wp\/v2\/pages\/32\/revisions\/7816"}],"wp:attachment":[{"href":"https:\/\/schronienie.mng.gda.pl\/schronienie\/wp-json\/wp\/v2\/media?parent=32"}],"curies":[{"name":"wp","href":"https:\/\/api.w.org\/{rel}","templated":true}]}}