{"id":30,"date":"2025-03-28T11:41:44","date_gmt":"2025-03-28T11:41:44","guid":{"rendered":"https:\/\/schronienie.mng.gda.pl\/schronienie\/?page_id=30"},"modified":"2025-03-28T12:18:00","modified_gmt":"2025-03-28T12:18:00","slug":"deklaracja-dostepnosci","status":"publish","type":"page","link":"https:\/\/schronienie.mng.gda.pl\/schronienie\/deklaracja-dostepnosci\/","title":{"rendered":"Deklaracja dost\u0119pno\u015bci"},"content":{"rendered":"\n<h2 class=\"wp-block-heading\">Deklaracja dost\u0119pno\u015bci<\/h2>\n\n\n\n<p><\/p>\n\n\n\n<p>Muzeum Narodowe w Gda\u0144sku zobowi\u0105zuje si\u0119 zapewni\u0107 dost\u0119pno\u015b\u0107 swojej strony internetowej zgodnie z przepisami ustawy z dnia 4 kwietnia 2019 roku o dost\u0119pno\u015bci cyfrowej stron internetowych i aplikacji mobilnych podmiot\u00f3w publicznych. O\u015bwiadczenie w sprawie dost\u0119pno\u015bci ma zastosowanie do strony internetowej Muzeum Narodowego w Gda\u0144sku <a href=\"https:\/\/schronienie.mng.gda.pl\" target=\"_blank\" rel=\"noreferrer noopener\">https:\/\/schronienie.mng.gda.pl<\/a> \u00a0<\/p>\n\n\n\n<p>Data publikacji strony internetowej: 2023.09.12<\/p>\n\n\n\n<div style=\"height:100px\" aria-hidden=\"true\" class=\"wp-block-spacer\"><\/div>\n\n\n\n<h3 class=\"wp-block-heading\">Stan dost\u0119pno\u015bci cyfrowej<\/h3>\n\n\n\n<p>Ta strona internetowa jest zgodna z za\u0142\u0105cznikiem do ustawy o dost\u0119pno\u015bci cyfrowej z dnia 4&nbsp;kwietnia 2019 r. o dost\u0119pno\u015bci cyfrowej stron internetowych i&nbsp;aplikacji mobilnych podmiot\u00f3w publicznych.<\/p>\n\n\n\n<div style=\"height:100px\" aria-hidden=\"true\" class=\"wp-block-spacer\"><\/div>\n\n\n\n<h3 class=\"wp-block-heading\">Przygotowanie deklaracji dost\u0119pno\u015bci<\/h3>\n\n\n\n<p>Deklaracj\u0119 sporz\u0105dzono dnia: 2025.03.26<\/p>\n\n\n\n<p>Deklaracj\u0119 sporz\u0105dzono na podstawie samooceny w oparciu o <a href=\"https:\/\/wave.webaim.org\" target=\"_blank\" rel=\"noreferrer noopener\">narz\u0119dzia s\u0142u\u017c\u0105ce do automatycznego wykrywania niekt\u00f3rych b\u0142\u0119d\u00f3w dost\u0119pno\u015bci cyfrowej WAVE<\/a><a> <\/a><\/p>\n\n\n\n<div style=\"height:100px\" aria-hidden=\"true\" class=\"wp-block-spacer\"><\/div>\n\n\n\n<h3 class=\"wp-block-heading\">Skr\u00f3ty Klawiaturowe<\/h3>\n\n\n\n<p>Na stronie internetowej mo\u017cna u\u017cywa\u0107 standardowych skr\u00f3t\u00f3w klawiaturowych przegl\u0105darki. Nie zawiera ona skr\u00f3t\u00f3w klawiaturowych, kt\u00f3re wchodz\u0105 w konflikt z programami asystuj\u0105cymi.<\/p>\n\n\n\n<div style=\"height:100px\" aria-hidden=\"true\" class=\"wp-block-spacer\"><\/div>\n\n\n\n<h3 class=\"wp-block-heading\">Informacje zwrotne i dane kontaktowe<\/h3>\n\n\n\n<p>Wszystkie problemy z dost\u0119pno\u015bci\u0105 cyfrow\u0105 tej strony internetowej mo\u017cesz zg\u0142osi\u0107 do Adama Jurka \u2013 mailowo <a href=\"mailto:a.jurek@mng.gda.pl\">a.jurek@mng.gda.pl<\/a> lub telefonicznie 58 307 59 12 w. 113<\/p>\n\n\n\n<p>Ka\u017cdy ma prawo wyst\u0105pi\u0107 z \u017c\u0105daniem zapewnienia dost\u0119pno\u015bci cyfrowej tej strony internetowej lub jej element\u00f3w.<\/p>\n\n\n\n<p>Zg\u0142aszaj\u0105c takie \u017c\u0105danie podaj: <br>swoje imi\u0119 i nazwisko, <br>swoje dane kontaktowe (np. numer telefonu, e-mail), <br>dok\u0142adny adres strony internetowej, na kt\u00f3rej jest niedost\u0119pny cyfrowo element lub tre\u015b\u0107, <br>opis na czym polega problem i jaki spos\u00f3b jego rozwi\u0105zania by\u0142by dla Ciebie najwygodniejszy.<\/p>\n\n\n\n<p>Na Twoje zg\u0142oszenie odpowiemy najszybciej jak to mo\u017cliwe, nie p\u00f3\u017aniej ni\u017c w ci\u0105gu 7 dni od jego otrzymania.<\/p>\n\n\n\n<p>Je\u017celi ten termin b\u0119dzie dla nas zbyt kr\u00f3tki poinformujemy Ci\u0119 o tym. W tej informacji podamy nowy termin, do kt\u00f3rego poprawimy zg\u0142oszone przez Ciebie b\u0142\u0119dy lub przygotujemy informacje w alternatywny spos\u00f3b. Ten nowy termin nie b\u0119dzie d\u0142u\u017cszy ni\u017c 2 miesi\u0105ce.<\/p>\n\n\n\n<p>Je\u017celi nie b\u0119dziemy w stanie zapewni\u0107 dost\u0119pno\u015bci cyfrowej strony internetowej lub tre\u015bci, wskazanej w Twoim \u017c\u0105daniu, zaproponujemy Ci dost\u0119p do nich w alternatywny spos\u00f3b.<\/p>\n\n\n\n<div style=\"height:100px\" aria-hidden=\"true\" class=\"wp-block-spacer\"><\/div>\n\n\n\n<h3 class=\"wp-block-heading\">Obs\u0142uga wniosk\u00f3w i skarg zwi\u0105zanych z dost\u0119pno\u015bci\u0105<\/h3>\n\n\n\n<p>Je\u017celi w odpowiedzi na Tw\u00f3j wniosek o zapewnienie dost\u0119pno\u015bci cyfrowej, odm\u00f3wimy zapewnienia \u017c\u0105danej przez Ciebie dost\u0119pno\u015bci cyfrowej, a Ty nie zgadzasz si\u0119 z t\u0105 odmow\u0105, masz prawo z\u0142o\u017cy\u0107 skarg\u0119.<\/p>\n\n\n\n<p>Skarg\u0119 masz prawo z\u0142o\u017cy\u0107 tak\u017ce, je\u015bli nie zgadzasz si\u0119 na skorzystanie z alternatywnego sposobu dost\u0119pu, kt\u00f3ry zaproponowali\u015bmy Ci w odpowiedzi na Tw\u00f3j wniosek o zapewnienie dost\u0119pno\u015bci cyfrowej.<\/p>\n\n\n\n<p>Ewentualn\u0105 skarg\u0119 z\u0142\u00f3\u017c listownie lub mailem do: <br>Imi\u0119 i nazwisko-stanowisko: Piotr Stasiowski \u2013 Dyrektor Muzeum Narodowego w Gda\u0144sku <br>Adres: ul. Toru\u0144ska 1,80-822 Gda\u0144sk <br>Mail: <a href=\"mailto:info@mng.gda.pl\">info@mng.gda.pl<\/a> <br>Mo\u017cesz tak\u017ce poinformowa\u0107 o tej sytuacji <a href=\"https:\/\/bip.brpo.gov.pl\/pl\" data-type=\"link\" data-id=\"https:\/\/bip.brpo.gov.pl\/pl\" target=\"_blank\" rel=\"noreferrer noopener\">Rzecznika Praw Obywatelskich<\/a>\u00a0i poprosi\u0107 o interwencj\u0119 w Twojej sprawie.<\/p>\n\n\n\n<div style=\"height:100px\" aria-hidden=\"true\" class=\"wp-block-spacer\"><\/div>\n\n\n\n<h2 class=\"wp-block-heading\">Pozosta\u0142e informacje<\/h2>\n\n\n\n<p><\/p>\n\n\n\n<h3 class=\"wp-block-heading\">Aplikacje mobilne<\/h3>\n\n\n\n<p>Muzeum Narodowe w Gda\u0144sku udost\u0119pnia nast\u0119puj\u0105ce aplikacje mobilne:<\/p>\n\n\n\n<p><a href=\"https:\/\/play.google.com\/store\/apps\/details?id=com.app.audioguide.mng\" data-type=\"link\" data-id=\"https:\/\/play.google.com\/store\/apps\/details?id=com.app.audioguide.mng\" target=\"_blank\" rel=\"noreferrer noopener\">MNG AudioGuide w wersji dla systemu Android<\/a> sprawd\u017a <a href=\"https:\/\/play.google.com\/store\/apps\/details?id=com.app.audioguide.mng\" data-type=\"link\" data-id=\"https:\/\/play.google.com\/store\/apps\/details?id=com.app.audioguide.mng\" target=\"_blank\" rel=\"noreferrer noopener\">certyfikat dost\u0119pno\u015bci dla aplikacji<\/a>.<\/p>\n\n\n\n<p><a href=\"https:\/\/apps.apple.com\/us\/app\/mng-audioguide\/id6737118044\" data-type=\"link\" data-id=\"https:\/\/apps.apple.com\/us\/app\/mng-audioguide\/id6737118044\">MNG AudioGuide w wersji dla systemu iOS<\/a>\u00a0sprawd\u017a <a href=\"https:\/\/appaudioguide.com\/storage\/app\/media\/wcag_cert_mng.jpg\" data-type=\"link\" data-id=\"https:\/\/appaudioguide.com\/storage\/app\/media\/wcag_cert_mng.jpg\">certyfikat dost\u0119pno\u015bci dla aplikacji<\/a>. <\/p>\n\n\n\n<p><\/p>\n\n\n\n<div style=\"height:100px\" aria-hidden=\"true\" class=\"wp-block-spacer\"><\/div>\n\n\n\n<h3 class=\"wp-block-heading\">Dost\u0119pno\u015b\u0107 architektoniczna<\/h3>\n\n\n\n<p><\/p>\n\n\n\n<h4 class=\"wp-block-heading\">Oddzia\u0142 Sztuki Dawnej, ul. Toru\u0144ska 1, 80-822 Gda\u0144sk<\/h4>\n\n\n\n<ul class=\"wp-block-list\">\n<li>Wej\u015bcie do budynku znajduje si\u0119 od strony ul. Toru\u0144skiej. Bardzo ci\u0119\u017ckie drzwi otwieraj\u0105 si\u0119 do wewn\u0105trz i mog\u0105 zosta\u0107 otwarte po naci\u015bni\u0119ciu dzwonka przy wej\u015bciu \u2013 obs\u0142uga muzeum lub ochrona udzielaj\u0105 pomocy.<\/li>\n\n\n\n<li>Szeroko\u015bci drzwi i ci\u0105gi komunikacyjne w budynku spe\u0142niaj\u0105 wymogi dost\u0119pno\u015bci.<\/li>\n\n\n\n<li>Na wszystkie kondygnacje dost\u0119pne dla zwiedzaj\u0105cych mo\u017cna dosta\u0107 si\u0119 za pomoc\u0105 schod\u00f3w.<\/li>\n\n\n\n<li>W budynku nie ma windy ani podno\u015bnika.<\/li>\n\n\n\n<li>Osoby poruszaj\u0105ce si\u0119 na w\u00f3zku mog\u0105 wjecha\u0107 do budynku, jednak nie wszystkie galerie na parterze s\u0105 dost\u0119pne. Do Galerii Cyny dost\u0119p mo\u017cliwy jest jedynie schodami.<\/li>\n\n\n\n<li>Stopnie schod\u00f3w s\u0105 oznaczone kontrastowymi pasami ostrzegawczymi.<\/li>\n\n\n\n<li>Toaleta dostosowana do potrzeb os\u00f3b z niepe\u0142nosprawno\u015bciami znajduje si\u0119 na parterze i pierwszym pi\u0119trze.<\/li>\n\n\n\n<li>W budynku brak tyflomap, tabliczek z alfabetem Brajla oraz d\u017awi\u0119kowego systemu nawigacyjnego dla os\u00f3b niewidomych.<\/li>\n\n\n\n<li>Brak przewijaka dla dzieci.<\/li>\n\n\n\n<li>Przy kasie biletowej znajduje si\u0119 strefa samodzielnej zabawy dla dzieci i miejsce wypoczynku.<\/li>\n\n\n\n<li>W przestrzeni og\u00f3lnodost\u0119pnej budynku znajduje si\u0119 wieszak na ubrania i szafki przeznaczony do samodzielnego korzystania.<\/li>\n<\/ul>\n\n\n\n<ul class=\"wp-block-list\">\n<li>P\u0119tla indukcyjna jest dost\u0119pna w kasie biletowej.<\/li>\n\n\n\n<li>Mo\u017cliwo\u015b\u0107 skorzystania z t\u0142umacza j\u0119zyka migowego (kontakt online).<\/li>\n\n\n\n<li>Do budynku mo\u017cna wej\u015b\u0107 z psem asystuj\u0105cym lub przewodnikiem. Nie obowi\u0105zuj\u0105 ograniczenia w tym zakresie.<\/li>\n\n\n\n<li>Na terenie muzeum nie ma miejsc parkingowych dla os\u00f3b z niepe\u0142nosprawno\u015bciami. Najbli\u017csze p\u0142atne miejsca znajduj\u0105 si\u0119 na parkingu przy ul. Rze\u017anickiej.\u00a0<\/li>\n<\/ul>\n\n\n\n<p><\/p>\n\n\n\n<h4 class=\"wp-block-heading\">Oddzia\u0142 Sztuki Nowoczesnej, ul. Cysters\u00f3w 18, 80-330 Gda\u0144sk<\/h4>\n\n\n\n<ul class=\"wp-block-list\">\n<li>Wej\u015bcie do budynku znajduje si\u0119 od ul. Cysters\u00f3w, po prawej stronie, bezpo\u015brednio po wej\u015bciu przez bram\u0119 do Parku Oliwskiego od strony Katedry Oliwskiej. Do wej\u015bcia prowadzi jeden stopie\u0144 w d\u00f3\u0142.<\/li>\n<\/ul>\n\n\n\n<ul class=\"wp-block-list\">\n<li>Na wprost drzwi wej\u015bciowych znajduje si\u0119 kasa biletowa.<\/li>\n\n\n\n<li>W kasie biletowej dost\u0119pna jest p\u0119tla indukcyjna. Istnieje mo\u017cliwo\u015b\u0107 skorzystania z t\u0142umacza j\u0119zyka migowego (kontakt online).<\/li>\n\n\n\n<li>W przestrzeni og\u00f3lnodost\u0119pnej budynku znajduje si\u0119 wieszak na ubrania i szafki przeznaczony do samodzielnego korzystania.<\/li>\n\n\n\n<li>Szeroko\u015bci drzwi i ci\u0105gi komunikacyjne w budynku spe\u0142niaj\u0105 wymogi dost\u0119pno\u015bci.<\/li>\n<\/ul>\n\n\n\n<ul class=\"wp-block-list\">\n<li>Cz\u0119\u015b\u0107 sal wystawowych na parterze budynku jest dost\u0119pna dla os\u00f3b z niepe\u0142nosprawno\u015bciami ruchowymi.<\/li>\n\n\n\n<li>Na pozosta\u0142e kondygnacje dost\u0119pne dla zwiedzaj\u0105cych mo\u017cna dosta\u0107 si\u0119 wy\u0142\u0105cznie za pomoc\u0105 schod\u00f3w.<\/li>\n\n\n\n<li>W budynku brak toalety dostosowanej do potrzeb os\u00f3b z niepe\u0142nosprawno\u015bciami.<\/li>\n\n\n\n<li>Brak przewijaka dla dzieci.<\/li>\n\n\n\n<li>Brak wydzielonej strefy samodzielnej zabawy dla dzieci i miejsca wypoczynku.<\/li>\n\n\n\n<li>W budynku brak tyflomap, tabliczek z alfabetem Brajla oraz d\u017awi\u0119kowego systemu nawigacyjnego dla os\u00f3b niewidomych.<\/li>\n\n\n\n<li>Do budynku mo\u017cna wej\u015b\u0107 z psem asystuj\u0105cym lub przewodnikiem. Nie obowi\u0105zuj\u0105 ograniczenia w tym zakresie.<\/li>\n\n\n\n<li>Na terenie muzeum nie zapewniono miejsca parkingowego dla os\u00f3b z niepe\u0142nosprawno\u015bciami. Najbli\u017csze miejsce mo\u017cna znale\u017a\u0107 w pasie miejsc postojowych bezpo\u015brednio przy murze ogradzaj\u0105cym Katedr\u0119 Oliwsk\u0105 oraz na okolicznych ulicach z wyodr\u0119bnionymi p\u0142atnymi miejscami parkingowymi.<\/li>\n<\/ul>\n\n\n\n<p><\/p>\n\n\n\n<h4 class=\"wp-block-heading\">Dzia\u0142 NOMUS \u2013 Nowe Muzeum Sztuki \/ Gda\u0144ska Galeria Fotografii ul. Stefana Jaracza 14, 80-863 Gda\u0144sk<\/h4>\n\n\n\n<ul class=\"wp-block-list\">\n<li>Wej\u015bcie do budynku znajduje si\u0119 od ul. Stefana Jaracza. Do wej\u015bcia prowadz\u0105 schody oraz pochylnia.<\/li>\n\n\n\n<li>Na wprost drzwi wej\u015bciowych znajduje si\u0119 kasa biletowa.<\/li>\n\n\n\n<li>W kasie biletowej dost\u0119pna jest p\u0119tla indukcyjna. Istnieje mo\u017cliwo\u015b\u0107 skorzystania z t\u0142umacza j\u0119zyka migowego (kontakt online).<\/li>\n\n\n\n<li>W przestrzeni og\u00f3lnodost\u0119pnej budynku znajduje si\u0119 wieszak na ubrania przeznaczony do samodzielnego korzystania.<\/li>\n\n\n\n<li>Szeroko\u015bci drzwi i ci\u0105gi komunikacyjne znajduj\u0105ce si\u0119 w budynku spe\u0142niaj\u0105 wymogi dost\u0119pno\u015bci.<\/li>\n\n\n\n<li>Na wszystkie kondygnacje dost\u0119pne dla zwiedzaj\u0105cych mo\u017cna dosta\u0107 si\u0119 za pomoc\u0105 schod\u00f3w i windy. Na najwy\u017csz\u0105 kondygnacj\u0119, na kt\u00f3rej znajduj\u0105 si\u0119 pokoje rezydencyjne, prowadz\u0105 jedynie schody.<\/li>\n\n\n\n<li>Toaleta dostosowana do potrzeb os\u00f3b z niepe\u0142nosprawno\u015bciami mie\u015bci si\u0119 na parterze.<\/li>\n\n\n\n<li>W toalecie znajduje si\u0119 przewijak dla dzieci.<\/li>\n\n\n\n<li>W sali recepcyjnej wydzielono stref\u0119 samodzielnej zabawy dla dzieci i miejsce wypoczynku.<\/li>\n\n\n\n<li>W budynku brak tyflomap, tabliczek z alfabetem Brajla oraz d\u017awi\u0119kowego systemu nawigacyjnego dla os\u00f3b niewidomych.<\/li>\n\n\n\n<li>Do budynku mo\u017cna wej\u015b\u0107 z psem asystuj\u0105cym lub przewodnikiem. Nie obowi\u0105zuj\u0105 ograniczenia w tym zakresie.<\/li>\n\n\n\n<li>Miejsca parkingowe dla os\u00f3b z niepe\u0142nosprawno\u015bciami s\u0105 zlokalizowane przy ul. Stefana Jaracza, obok budynku muzeum.<\/li>\n<\/ul>\n\n\n\n<p><\/p>\n\n\n\n<h4 class=\"wp-block-heading\">Oddzia\u0142 Etnografii, ul. Cysters\u00f3w 19, 80-330 Gda\u0144sk<\/h4>\n\n\n\n<ul class=\"wp-block-list\">\n<li>Wej\u015bcie do budynku znajduje si\u0119 po lewej stronie, bezpo\u015brednio po wej\u015bciu przez bram\u0119 do Parku Oliwskiego od strony Katedry Oliwskiej.<\/li>\n\n\n\n<li>Na wprost drzwi wej\u015bciowych znajduje si\u0119 kasa biletowa.<\/li>\n\n\n\n<li>W kasie biletowej dost\u0119pna jest p\u0119tla indukcyjna. Istnieje mo\u017cliwo\u015b\u0107 skorzystania z t\u0142umacza j\u0119zyka migowego (kontakt online).<\/li>\n\n\n\n<li>W przestrzeni og\u00f3lnodost\u0119pnej budynku znajduje si\u0119 wieszak na ubrania przeznaczony do samodzielnego korzystania.<\/li>\n\n\n\n<li>Szeroko\u015bci drzwi i ci\u0105gi komunikacyjne w budynku cz\u0119\u015bciowo spe\u0142niaj\u0105 wymogi dost\u0119pno\u015bci.<\/li>\n<\/ul>\n\n\n\n<ul class=\"wp-block-list\">\n<li>W budynku nie ma windy ani podno\u015bnika.<\/li>\n\n\n\n<li>Dla os\u00f3b z niepe\u0142nosprawno\u015bciami ruchowymi dost\u0119pna jest jedynie wystawa sta\u0142a \u201eKultura ludowa Pomorza\u201d na parterze. Na pozosta\u0142e kondygnacje prowadz\u0105 strome schody.<\/li>\n\n\n\n<li>W budynku brak toalety dostosowanej do potrzeb os\u00f3b z niepe\u0142nosprawno\u015bciami.<\/li>\n\n\n\n<li>W toalecie znajduje si\u0119 przewijak.<\/li>\n\n\n\n<li>Brak wydzielonej strefy samodzielnej zabawy dla dzieci i miejsca wypoczynku.<\/li>\n\n\n\n<li>W budynku brak tyflomap, tabliczek z alfabetem Brajla oraz d\u017awi\u0119kowego systemu nawigacyjnego dla os\u00f3b niewidomych.<\/li>\n\n\n\n<li>Do budynku mo\u017cna wej\u015b\u0107 z psem asystuj\u0105cym lub przewodnikiem. Nie obowi\u0105zuj\u0105 ograniczenia w tym zakresie.<\/li>\n\n\n\n<li>Na terenie muzeum nie zapewniono miejsca parkingowego dla os\u00f3b z niepe\u0142nosprawno\u015bciami. Najbli\u017csze miejsce mo\u017cna znale\u017a\u0107 w pasie miejsc postojowych bezpo\u015brednio przy murze ogradzaj\u0105cym Katedr\u0119 Oliwsk\u0105 oraz na okolicznych ulicach z wyodr\u0119bnionymi p\u0142atnymi miejscami parkingowymi.<\/li>\n<\/ul>\n\n\n\n<p><\/p>\n\n\n\n<h4 class=\"wp-block-heading\">Oddzia\u0142 Zielona Brama, ul. D\u0142ugi Targ 24, 80-828 Gda\u0144sk<\/h4>\n\n\n\n<ul class=\"wp-block-list\">\n<li>Wej\u015bcie do budynku znajduje si\u0119 od strony ul. D\u0142ugi Targ. Do wej\u015bcia prowadzi jeden stopie\u0144.<\/li>\n\n\n\n<li>Na wprost drzwi wej\u015bciowych znajduje si\u0119 kasa biletowa.<\/li>\n\n\n\n<li>W kasie biletowej dost\u0119pna jest p\u0119tla indukcyjna. Istnieje mo\u017cliwo\u015b\u0107 skorzystania z t\u0142umacza j\u0119zyka migowego (kontakt online).<\/li>\n\n\n\n<li>W przestrzeni og\u00f3lnodost\u0119pnej budynku znajduje si\u0119 wieszak na ubrania przeznaczony do samodzielnego korzystania.<\/li>\n\n\n\n<li>Szeroko\u015bci drzwi i ci\u0105gi komunikacyjne w budynku spe\u0142niaj\u0105 wymogi dost\u0119pno\u015bci.<\/li>\n\n\n\n<li>Do sal ekspozycyjnych na pierwszym i drugim pi\u0119trze mo\u017cna dosta\u0107 si\u0119 za pomoc\u0105 schod\u00f3w i windy.<\/li>\n\n\n\n<li>W budynku brak toalety dostosowanej do potrzeb os\u00f3b z niepe\u0142nosprawno\u015bciami.<\/li>\n\n\n\n<li>W toalecie brak przewijaka dla dzieci.<\/li>\n\n\n\n<li>W budynku brak tyflomap, tabliczek z alfabetem Brajla oraz d\u017awi\u0119kowego systemu nawigacyjnego dla os\u00f3b niewidomych.<\/li>\n\n\n\n<li>Do budynku mo\u017cna wej\u015b\u0107 z psem asystuj\u0105cym lub przewodnikiem. Nie obowi\u0105zuj\u0105 ograniczenia w tym zakresie.<\/li>\n\n\n\n<li>Na terenie muzeum nie zapewniono miejsca parkingowego dla os\u00f3b z niepe\u0142nosprawno\u015bciami. Najbli\u017csze miejsca znajduj\u0105 si\u0119 na ulicach i parkingach G\u0142\u00f3wnego Miasta s\u0105siaduj\u0105cych z ul. D\u0142ugi Targ i ul. D\u0142ug\u0105.\u00a0<\/li>\n<\/ul>\n\n\n\n<p><\/p>\n\n\n\n<h4 class=\"wp-block-heading\">Muzeum Hymnu Narodowego w B\u0119dominie, B\u0119domin 16, 83-422 Nowy Barkoczyn<\/h4>\n\n\n\n<ul class=\"wp-block-list\">\n<li>Wej\u015bcie do budynku znajduje si\u0119 od strony dziedzi\u0144ca. Do wej\u015bcia prowadzi jeden stopie\u0144.<\/li>\n\n\n\n<li>Na wprost drzwi wej\u015bciowych znajduje si\u0119 kasa biletowa.<\/li>\n\n\n\n<li>W kasie biletowej dost\u0119pna jest p\u0119tla indukcyjna. Istnieje mo\u017cliwo\u015b\u0107 skorzystania z t\u0142umacza j\u0119zyka migowego (kontakt online).<\/li>\n\n\n\n<li>W przestrzeni og\u00f3lnodost\u0119pnej budynku znajduje si\u0119 wieszak na ubrania przeznaczony do samodzielnego korzystania.<\/li>\n\n\n\n<li>Szeroko\u015bci drzwi i ci\u0105gi komunikacyjne w budynku spe\u0142niaj\u0105 wymogi dost\u0119pno\u015bci.<\/li>\n\n\n\n<li>Ekspozycja znajduje si\u0119 na parterze budynku. Na najwy\u017csz\u0105 kondygnacj\u0119, na kt\u00f3rej mieszcz\u0105 si\u0119 biura, prowadz\u0105 wy\u0142\u0105cznie schody.<\/li>\n\n\n\n<li>Toaleta dostosowana do potrzeb os\u00f3b z niepe\u0142nosprawno\u015bciami znajduje si\u0119 w s\u0105siaduj\u0105cym budynku na terenie muzeum (w budynku administracyjnym). O jej lokalizacj\u0119 nale\u017cy zapyta\u0107 pracownik\u00f3w muzeum.<\/li>\n\n\n\n<li>W toalecie brak przewijaka dla dzieci.<\/li>\n\n\n\n<li>Dost\u0119pne s\u0105 nagrania zawieraj\u0105ce komentarz do wystawy, nagrania utwor\u00f3w i pozytywek oraz tekst polskiego hymnu w alfabecie Braille\u2019a.<\/li>\n\n\n\n<li>Brak wydzielonej strefy samodzielnej zabawy dla dzieci i miejsca wypoczynku.<\/li>\n\n\n\n<li>W budynku brak tyflomap, tabliczek z alfabetem Brajla oraz d\u017awi\u0119kowego systemu nawigacyjnego dla os\u00f3b niewidomych.<\/li>\n\n\n\n<li>Do budynku mo\u017cna wej\u015b\u0107 z psem asystuj\u0105cym lub przewodnikiem. Nie obowi\u0105zuj\u0105 ograniczenia w tym zakresie.<\/li>\n\n\n\n<li>Na terenie muzeum zapewniono parking, jednak nie wyznaczono miejsca parkingowego dla os\u00f3b z niepe\u0142nosprawno\u015bciami.\u00a0<\/li>\n<\/ul>\n\n\n\n<p><\/p>\n\n\n\n<h4 class=\"wp-block-heading\">Muzeum Tradycji Szlacheckiej. Pomorski O\u015brodek Kontakt\u00f3w z Poloni\u0105 w Waplewie Wielkim, 82-410 Waplewo Wielkie<\/h4>\n\n\n\n<ul class=\"wp-block-list\">\n<li>Wej\u015bcie do budynku prowadzi przez teren wy\u0142o\u017cony grubym \u017cwirem, co utrudnia poruszanie si\u0119 w\u00f3zkiem inwalidzkim lub dzieci\u0119cym.<\/li>\n\n\n\n<li>Do wej\u015bcia g\u0142\u00f3wnego prowadz\u0105 strome schody, brak podjazdu.<\/li>\n\n\n\n<li>W tylnym skrzydle budynku znajduje si\u0119 podno\u015bnik umo\u017cliwiaj\u0105cy dostanie si\u0119 na sale ekspozycyjne pierwszej kondygnacji.<\/li>\n\n\n\n<li>Na wprost drzwi wej\u015bciowych znajduje si\u0119 kasa biletowa.<\/li>\n\n\n\n<li>W kasie biletowej dost\u0119pna jest p\u0119tla indukcyjna. Istnieje mo\u017cliwo\u015b\u0107 skorzystania z t\u0142umacza j\u0119zyka migowego (kontakt online).<\/li>\n\n\n\n<li>W przestrzeni og\u00f3lnodost\u0119pnej budynku znajduje si\u0119 wieszak na ubrania przeznaczony do samodzielnego korzystania.<\/li>\n\n\n\n<li>Szeroko\u015bci drzwi i ci\u0105gi komunikacyjne w budynku spe\u0142niaj\u0105 wymogi dost\u0119pno\u015bci.<\/li>\n\n\n\n<li>Ekspozycja znajduje si\u0119 na parterze budynku. Na najwy\u017csz\u0105 kondygnacj\u0119, na kt\u00f3rej mieszcz\u0105 si\u0119 pokoje rezydencyjne i pomieszczenia socjalne, prowadz\u0105 wy\u0142\u0105cznie schody.<\/li>\n\n\n\n<li>Toaleta dostosowana do potrzeb os\u00f3b z niepe\u0142nosprawno\u015bciami mie\u015bci si\u0119 na parterze.<\/li>\n\n\n\n<li>W toalecie brak przewijaka dla dzieci.<\/li>\n\n\n\n<li>Dost\u0119pna jest makieta Pa\u0142acu z obja\u015bnieniami w alfabecie Braille\u2019a.<\/li>\n\n\n\n<li>Brak wydzielonej strefy samodzielnej zabawy dla dzieci i miejsca wypoczynku.<\/li>\n\n\n\n<li>W budynku brak tyflomap, tabliczek z alfabetem Brajla oraz d\u017awi\u0119kowego systemu nawigacyjnego dla os\u00f3b niewidomych.<\/li>\n\n\n\n<li>Do budynku mo\u017cna wej\u015b\u0107 z psem asystuj\u0105cym lub przewodnikiem. Nie obowi\u0105zuj\u0105 ograniczenia w tym zakresie.<\/li>\n\n\n\n<li>Miejsca parkingowe dla os\u00f3b z niepe\u0142nosprawno\u015bciami znajduj\u0105 si\u0119 na wydzielonym i oznakowanym parkingu przy muzeum.<\/li>\n<\/ul>\n\n\n\n<div style=\"height:100px\" aria-hidden=\"true\" class=\"wp-block-spacer\"><\/div>\n\n\n\n<h3 class=\"wp-block-heading\">Dost\u0119pno\u015b\u0107 informacyjno-komunikacyjna<\/h3>\n\n\n\n<p>W oddzia\u0142ach Muzeum Narodowego w Gda\u0144sku w kasach biletowych dost\u0119pne s\u0105 p\u0119tle indukcyjne oraz jest mo\u017cliwo\u015bci skorzystania z us\u0142ug t\u0142umacza polskiego j\u0119zyka migowego (PJM).<\/p>\n\n\n\n<div style=\"height:100px\" aria-hidden=\"true\" class=\"wp-block-spacer\"><\/div>\n","protected":false},"excerpt":{"rendered":"<p>Deklaracja dost\u0119pno\u015bci Muzeum Narodowe w Gda\u0144sku zobowi\u0105zuje si\u0119 zapewni\u0107 dost\u0119pno\u015b\u0107 swojej strony internetowej zgodnie z przepisami ustawy z dnia 4 kwietnia 2019 roku o dost\u0119pno\u015bci cyfrowej stron internetowych i aplikacji mobilnych podmiot\u00f3w publicznych. O\u015bwiadczenie w sprawie dost\u0119pno\u015bci ma zastosowanie do strony internetowej Muzeum Narodowego w Gda\u0144sku https:\/\/schronienie.mng.gda.pl \u00a0 Data publikacji strony internetowej: 2023.09.12 Stan dost\u0119pno\u015bci [&hellip;]<\/p>\n","protected":false},"author":3,"featured_media":0,"parent":0,"menu_order":0,"comment_status":"closed","ping_status":"closed","template":"page-templates\/template-inner-page.php","meta":{"inline_featured_image":false,"footnotes":"","_links_to":"","_links_to_target":""},"class_list":["post-30","page","type-page","status-publish","hentry"],"acf":[],"_links":{"self":[{"href":"https:\/\/schronienie.mng.gda.pl\/schronienie\/wp-json\/wp\/v2\/pages\/30","targetHints":{"allow":["GET"]}}],"collection":[{"href":"https:\/\/schronienie.mng.gda.pl\/schronienie\/wp-json\/wp\/v2\/pages"}],"about":[{"href":"https:\/\/schronienie.mng.gda.pl\/schronienie\/wp-json\/wp\/v2\/types\/page"}],"author":[{"embeddable":true,"href":"https:\/\/schronienie.mng.gda.pl\/schronienie\/wp-json\/wp\/v2\/users\/3"}],"replies":[{"embeddable":true,"href":"https:\/\/schronienie.mng.gda.pl\/schronienie\/wp-json\/wp\/v2\/comments?post=30"}],"version-history":[{"count":11,"href":"https:\/\/schronienie.mng.gda.pl\/schronienie\/wp-json\/wp\/v2\/pages\/30\/revisions"}],"predecessor-version":[{"id":11415,"href":"https:\/\/schronienie.mng.gda.pl\/schronienie\/wp-json\/wp\/v2\/pages\/30\/revisions\/11415"}],"wp:attachment":[{"href":"https:\/\/schronienie.mng.gda.pl\/schronienie\/wp-json\/wp\/v2\/media?parent=30"}],"curies":[{"name":"wp","href":"https:\/\/api.w.org\/{rel}","templated":true}]}}