{"id":24,"date":"2023-07-07T06:00:10","date_gmt":"2023-07-07T06:00:10","guid":{"rendered":"https:\/\/schronienie.mng.gda.pl\/schronienie\/?page_id=24"},"modified":"2024-02-24T11:06:05","modified_gmt":"2024-02-24T11:06:05","slug":"publikacje","status":"publish","type":"page","link":"https:\/\/schronienie.mng.gda.pl\/schronienie\/publikacje\/","title":{"rendered":"Publikacja"},"content":{"rendered":"\n<div style=\"height:38px\" aria-hidden=\"true\" class=\"wp-block-spacer\"><\/div>\n\n\n\n<h2 class=\"wp-block-heading\">&#8220;Schronienia. Eseje na czas kryzysu | Shelters. Essays for a Time of Crisis&#8221;<\/h2>\n\n\n\n<p><\/p>\n\n\n\n<h3 class=\"wp-block-heading\">Eseje o \u017cyciu w dobie zmian klimatycznych, spo\u0142ecznych i kulturowych. Szesna\u015bcie autorek i autor\u00f3w z pi\u0119ciu kraj\u00f3w. Dwana\u015bcie wyj\u0105tkowych artyku\u0142\u00f3w. Ksi\u0105\u017cka dwustronna \u2013 po polsku i angielsku. Niezwyk\u0142a szata graficzna.<\/h3>\n\n\n\n<p><\/p>\n\n\n\n<p>Antologia artyku\u0142\u00f3w naukowych i esej\u00f3w pt. &#8220;Schronienia. Eseje na czas kryzysu | Shelters. Essays for a Time of Crisis&#8221;, pod redakcj\u0105 Sebastiana Jakuba Konefa\u0142a, Anny Ratajczak-Krajki i Paw\u0142a Sitkiewicza.<\/p>\n\n\n\n<p>Wydana po polsku i po angielsku monografia zawiera teksty napisane przez autor\u00f3w z Norwegii, Islandii, Polski, Kanady i Wielkiej Brytanii.<\/p>\n\n\n\n<p><\/p>\n\n\n\n<p>Ksi\u0105\u017ck\u0119 otwiera tekst Ilony Wi\u015bniewskiej- reporta\u017cystki, fotografki i autorki ksi\u0105\u017cek o \u017cyciu na dalekiej P\u00f3\u0142nocy. Jej autorstwa jest tak\u017ce zdj\u0119cie na przedniej ok\u0142adce. Autorami niezwyk\u0142ego projektu graficznego s\u0105 za\u015b Eurydyka Kata i Rafa\u0142 Szczawi\u0144ski &#8211; nagradzane, tr\u00f3jmiejskie studio <a href=\"https:\/\/www.facebook.com\/reramble?__cft__[0]=AZUrD3oPeL0pWzQizI9Fq2XOHJk3u4T6jp8Oni_sAgSC2mnpHa_CehUgEDNRdzsTQtMng_MhqofZ3oZuqDoX_gJ8jIpddm4PDNqhwG-hVfRpiqckg7mzLikfn48bjBubWTb1_y4kEQy8J6ie_7F8RCF1ZcvI6KI9VjXbSK3C6WL7hCC1UR6_PgbhIDoN9u9j32s&amp;__tn__=-]K-R\">Re:design<\/a>. Honorowy Patronat nad publikacj\u0105 obj\u0119\u0142a Ambasada Republiki Islandii w Polsce. <\/p>\n\n\n\n<p>Publikacja nie jest przeznaczona do sprzeda\u017cy. Mo\u017cna j\u0105 przeczyta\u0107 podczas wizyty w Oddziale Etnografii lub w formie darmowego ebooka: <\/p>\n\n\n\n<div class=\"wp-block-group\"><div class=\"wp-block-group__inner-container is-layout-constrained wp-block-group-is-layout-constrained\">\n\n\n\n<div class=\"\">\n\n\n<div class=\"pliki\">\n<h2>Pliki do pobrania<\/h2>\n\t\t\t\n\n\n\t\t\t\t\t\t<div class=\"time_detail2\">\n\t\t\t\t\t\t<a href=\"https:\/\/schronienie.mng.gda.pl\/schronienie\/wp-content\/uploads\/mng-schronienia-sklad-PL-web.pdf\" title=\"\"Schronienia. Eseje na czas kryzysu\"\"  download> \n\t\t\t\t\t\t<div class=\"text_icon\">\n\t\t\t\t\t\t<div class=\"text_icon_img\"><img decoding=\"async\" src=\"https:\/\/schronienie.mng.gda.pl\/schronienie\/wp-content\/themes\/schronienie\/images\/calendar.svg\" alt=\"\"><\/div>\n\t\t\t\t\t\t<div class=\"text_icon_text\"><span class=\"blue\">&#8220;Schronienia. Eseje na czas kryzysu&#8221;<\/span> (PDF \/ 13.401 MB)<\/div>\n\t\t\t\t\t    <\/div>\n\t\t\t\t\t\t<\/a>\n\t\t\t\t\t\t<\/div>\n\n\t\t\n\t\t\t\t\t\n\t\t\t\t\n\n\n\t\t\t\t\t\t<div class=\"time_detail2\">\n\t\t\t\t\t\t<a href=\"https:\/\/schronienie.mng.gda.pl\/schronienie\/wp-content\/uploads\/mng-schronienia-sklad-EN-web.pdf\" title=\"\"Shelters. Essays for a Time of Crisis\"\"  download> \n\t\t\t\t\t\t<div class=\"text_icon\">\n\t\t\t\t\t\t<div class=\"text_icon_img\"><img decoding=\"async\" src=\"https:\/\/schronienie.mng.gda.pl\/schronienie\/wp-content\/themes\/schronienie\/images\/calendar.svg\" alt=\"\"><\/div>\n\t\t\t\t\t\t<div class=\"text_icon_text\"><span class=\"blue\">&#8220;Shelters. Essays for a Time of Crisis&#8221;<\/span> (PDF \/ 6.551 MB)<\/div>\n\t\t\t\t\t    <\/div>\n\t\t\t\t\t\t<\/a>\n\t\t\t\t\t\t<\/div>\n\n\t\t\n\t\t\t\t\t\n\t\t\t\t\n\t\t\t\t\t\t\t<\/div> \n\t\n\t<\/div> <\/div><\/div>\n\n\n\n<p><\/p>\n\n\n\n<p><\/p>\n\n\n\n<p>Tak o publikacji pisz\u0105 jej redaktorzy:<\/p>\n\n\n\n<blockquote class=\"wp-block-quote is-layout-flow wp-block-quote-is-layout-flow\">\n<p>&#8220;\u017byjemy w czasach kryzysu spowodowanego zmianami klimatycznymi, wojnami, masow\u0105 migracj\u0105 i gwa\u0142townym krzy\u017cowaniem si\u0119 kultur. Kryzys ten czasami ma wymiar ekonomiczny, a czasami polityczny, innym razem dotyczy ekologii lub trudnych relacji s\u0105siedzkich. W kryzysie tworzy si\u0119 na naszych oczach rzeczywisto\u015b\u0107, kt\u00f3r\u0105 rozpaczliwie chcemy zrozumie\u0107. Ksi\u0105\u017cka, w kt\u00f3rej spotykaj\u0105 si\u0119 teksty popularyzuj\u0105ce nauk\u0119, sprawozdania z prowadzonych bada\u0144, eseje, reporta\u017ce, a tak\u017ce osobiste refleksje artyst\u00f3w i artystek, pr\u00f3buje uchwyci\u0107 z\u0142o\u017cono\u015b\u0107 \u015bwiata stoj\u0105cego na progu radykalnych przemian. Tropi relacje mi\u0119dzy zmianami klimatycznymi, migracj\u0105, my\u015bleniem proekologicznym i kszta\u0142towaniem si\u0119 nowego dziedzictwa kulturowego w Europie. Szuka j\u0119zyka, kt\u00f3ry zdo\u0142a to wszystko opisa\u0107. Podpowiada rozwi\u0105zania problem\u00f3w, z kt\u00f3rymi przyjdzie nam si\u0119 dopiero zmierzy\u0107&#8221;.<\/p>\n<\/blockquote>\n\n\n\n<p><\/p>\n\n\n\n<p>&#8220;Schronienia. Eseje na czas kryzysu | Shelters. Essays for a Time of Crisis&#8221;, Wydawnictwo Muzeum Narodowego w Gda\u0144sku, Gda\u0144sk 2023<\/p>\n\n\n\n<p>Autorki i autorzy\/authors: St\u00e9phanie Barill\u00e9 (H\u00e1sk\u00f3linn \u00e1 Akureyri, Islandia), Zofia Boni (Uniwersytet im. Adama Mickiewicza w Poznaniu), Katherine Butcher, Agnieszka Foltyn (Tr\u00f8ndelag Bildende Kunstnere, Norwegia) Lara Wilhelmine Hoffmann (University of Iceland, Islandia), Gunnar Iversen (Carleton University, Kanada), Emiliana Konopka (Ambasada Islandii w Polsce, <a href=\"https:\/\/www.facebook.com\/UniwersytetGdanski?__cft__[0]=AZUrD3oPeL0pWzQizI9Fq2XOHJk3u4T6jp8Oni_sAgSC2mnpHa_CehUgEDNRdzsTQtMng_MhqofZ3oZuqDoX_gJ8jIpddm4PDNqhwG-hVfRpiqckg7mzLikfn48bjBubWTb1_y4kEQy8J6ie_7F8RCF1ZcvI6KI9VjXbSK3C6WL7hCC1UR6_PgbhIDoN9u9j32s&amp;__tn__=-]K-R\">Uniwersytet Gda\u0144<\/a>s<a href=\"https:\/\/www.facebook.com\/UniwersytetGdanski?__cft__[0]=AZUrD3oPeL0pWzQizI9Fq2XOHJk3u4T6jp8Oni_sAgSC2mnpHa_CehUgEDNRdzsTQtMng_MhqofZ3oZuqDoX_gJ8jIpddm4PDNqhwG-hVfRpiqckg7mzLikfn48bjBubWTb1_y4kEQy8J6ie_7F8RCF1ZcvI6KI9VjXbSK3C6WL7hCC1UR6_PgbhIDoN9u9j32s&amp;__tn__=-]K-R\">ki<\/a>), <a href=\"https:\/\/www.facebook.com\/profile.php?id=100024731537165&amp;__cft__[0]=AZUrD3oPeL0pWzQizI9Fq2XOHJk3u4T6jp8Oni_sAgSC2mnpHa_CehUgEDNRdzsTQtMng_MhqofZ3oZuqDoX_gJ8jIpddm4PDNqhwG-hVfRpiqckg7mzLikfn48bjBubWTb1_y4kEQy8J6ie_7F8RCF1ZcvI6KI9VjXbSK3C6WL7hCC1UR6_PgbhIDoN9u9j32s&amp;__tn__=-]K-R\">Monika Kucia<\/a>, Aleksandra Lis-Plesi\u0144ska (Uniwersytet Adama Mickiewicza w Poznaniu), Markus Meckl (University of Akureyri, Islandia), Holger P\u00f6tzsch (The Arctic University of Norway, Norwegia), Anna Ratajczak-Krajka (Muzeum Narodowe w Gda\u0144sku), D\u00f6gg Sigmarsd\u00f3ttir (Reykjav\u00edk City Library Borgarb\u00f3kasafni\u00f0, Islandia), Margr\u00e9t Steinarsd\u00f3ttir (Mannr\u00e9ttindaskrifstofa \u00cdslands \/ Icelandic Human Rights Centre), Ilona Wi\u015bniewska, Anna Maria Wojty\u0144ska (University of Iceland, Islandia).<\/p>\n\n\n\n<figure class=\"wp-block-image size-large\"><img loading=\"lazy\" decoding=\"async\" width=\"1920\" height=\"1280\" src=\"https:\/\/schronienie.mng.gda.pl\/schronienie\/wp-content\/uploads\/redesign_studio-muzeum_narodowe_gdansk-shelters-book-04-1920x1280.jpg\" alt=\"\" class=\"wp-image-9347\" srcset=\"https:\/\/schronienie.mng.gda.pl\/schronienie\/wp-content\/uploads\/redesign_studio-muzeum_narodowe_gdansk-shelters-book-04-1920x1280.jpg 1920w, https:\/\/schronienie.mng.gda.pl\/schronienie\/wp-content\/uploads\/redesign_studio-muzeum_narodowe_gdansk-shelters-book-04-960x640.jpg 960w, https:\/\/schronienie.mng.gda.pl\/schronienie\/wp-content\/uploads\/redesign_studio-muzeum_narodowe_gdansk-shelters-book-04-768x512.jpg 768w, https:\/\/schronienie.mng.gda.pl\/schronienie\/wp-content\/uploads\/redesign_studio-muzeum_narodowe_gdansk-shelters-book-04-1536x1024.jpg 1536w, https:\/\/schronienie.mng.gda.pl\/schronienie\/wp-content\/uploads\/redesign_studio-muzeum_narodowe_gdansk-shelters-book-04-2048x1365.jpg 2048w, https:\/\/schronienie.mng.gda.pl\/schronienie\/wp-content\/uploads\/redesign_studio-muzeum_narodowe_gdansk-shelters-book-04-348x232.jpg 348w\" sizes=\"auto, (max-width: 1920px) 100vw, 1920px\" \/><\/figure>\n\n\n\n<p>Redaktorzy\/editors: Sebastian Jakub Konefa\u0142, Anna Ratajczak-Krajka, <a href=\"https:\/\/www.facebook.com\/profile.php?id=100001899271854&amp;__cft__[0]=AZUrD3oPeL0pWzQizI9Fq2XOHJk3u4T6jp8Oni_sAgSC2mnpHa_CehUgEDNRdzsTQtMng_MhqofZ3oZuqDoX_gJ8jIpddm4PDNqhwG-hVfRpiqckg7mzLikfn48bjBubWTb1_y4kEQy8J6ie_7F8RCF1ZcvI6KI9VjXbSK3C6WL7hCC1UR6_PgbhIDoN9u9j32s&amp;__tn__=-]K-R\">Pawe\u0142 Sitkiewicz<\/a><\/p>\n\n\n\n<p>Recenzent naukowy\/scientific reviewer: prof. dr hab. Jerzy Szy\u0142ak<\/p>\n\n\n\n<p>T\u0142umaczenie\/translation: Marcin Turski<\/p>\n\n\n\n<p>Korekta cz\u0119\u015bci polskiej\/copy-editor of Polish version: Ma\u0142gorzata Ogonowska \/ Wydawnictwo Cz\u0119\u015bci Proste<\/p>\n\n\n\n<p>Korekta cz\u0119\u015bci angielskiej\/copy-editor of English version: Christopher Whyatt<\/p>\n\n\n\n<p>Fotografia na ok\u0142adce\/cover photo: Ilona Wi\u015bniewska<\/p>\n\n\n\n<p>Projekt graficzny i sk\u0142ad\/graphic design and text typesetting: Eurydyka Kata, Rafa\u0142 Szczawi\u0144ski \/ Re:design studio<\/p>\n\n\n\n<p>Druk i oprawa\/printing and binding: drukarnia MISIURO Sp\u00f3\u0142ka z o.o.<\/p>\n\n\n\n<figure class=\"wp-block-image size-large\"><img loading=\"lazy\" decoding=\"async\" width=\"1920\" height=\"1280\" src=\"https:\/\/schronienie.mng.gda.pl\/schronienie\/wp-content\/uploads\/redesign_studio-muzeum_narodowe_gdansk-shelters-book-03-1920x1280.jpg\" alt=\"\" class=\"wp-image-9345\" srcset=\"https:\/\/schronienie.mng.gda.pl\/schronienie\/wp-content\/uploads\/redesign_studio-muzeum_narodowe_gdansk-shelters-book-03-1920x1280.jpg 1920w, https:\/\/schronienie.mng.gda.pl\/schronienie\/wp-content\/uploads\/redesign_studio-muzeum_narodowe_gdansk-shelters-book-03-960x640.jpg 960w, https:\/\/schronienie.mng.gda.pl\/schronienie\/wp-content\/uploads\/redesign_studio-muzeum_narodowe_gdansk-shelters-book-03-768x512.jpg 768w, https:\/\/schronienie.mng.gda.pl\/schronienie\/wp-content\/uploads\/redesign_studio-muzeum_narodowe_gdansk-shelters-book-03-1536x1024.jpg 1536w, https:\/\/schronienie.mng.gda.pl\/schronienie\/wp-content\/uploads\/redesign_studio-muzeum_narodowe_gdansk-shelters-book-03-2048x1365.jpg 2048w, https:\/\/schronienie.mng.gda.pl\/schronienie\/wp-content\/uploads\/redesign_studio-muzeum_narodowe_gdansk-shelters-book-03-348x232.jpg 348w\" sizes=\"auto, (max-width: 1920px) 100vw, 1920px\" \/><\/figure>\n","protected":false},"excerpt":{"rendered":"<p>&#8220;Schronienia. Eseje na czas kryzysu | Shelters. Essays for a Time of Crisis&#8221; Eseje o \u017cyciu w dobie zmian klimatycznych, spo\u0142ecznych i kulturowych. Szesna\u015bcie autorek i autor\u00f3w z pi\u0119ciu kraj\u00f3w. Dwana\u015bcie wyj\u0105tkowych artyku\u0142\u00f3w. Ksi\u0105\u017cka dwustronna \u2013 po polsku i angielsku. Niezwyk\u0142a szata graficzna. Antologia artyku\u0142\u00f3w naukowych i esej\u00f3w pt. &#8220;Schronienia. Eseje na czas kryzysu | [&hellip;]<\/p>\n","protected":false},"author":1,"featured_media":9341,"parent":0,"menu_order":0,"comment_status":"closed","ping_status":"closed","template":"page-templates\/template-home-page.php","meta":{"inline_featured_image":false,"footnotes":"","_links_to":"","_links_to_target":""},"class_list":["post-24","page","type-page","status-publish","has-post-thumbnail","hentry"],"acf":[],"_links":{"self":[{"href":"https:\/\/schronienie.mng.gda.pl\/schronienie\/wp-json\/wp\/v2\/pages\/24","targetHints":{"allow":["GET"]}}],"collection":[{"href":"https:\/\/schronienie.mng.gda.pl\/schronienie\/wp-json\/wp\/v2\/pages"}],"about":[{"href":"https:\/\/schronienie.mng.gda.pl\/schronienie\/wp-json\/wp\/v2\/types\/page"}],"author":[{"embeddable":true,"href":"https:\/\/schronienie.mng.gda.pl\/schronienie\/wp-json\/wp\/v2\/users\/1"}],"replies":[{"embeddable":true,"href":"https:\/\/schronienie.mng.gda.pl\/schronienie\/wp-json\/wp\/v2\/comments?post=24"}],"version-history":[{"count":12,"href":"https:\/\/schronienie.mng.gda.pl\/schronienie\/wp-json\/wp\/v2\/pages\/24\/revisions"}],"predecessor-version":[{"id":9353,"href":"https:\/\/schronienie.mng.gda.pl\/schronienie\/wp-json\/wp\/v2\/pages\/24\/revisions\/9353"}],"wp:featuredmedia":[{"embeddable":true,"href":"https:\/\/schronienie.mng.gda.pl\/schronienie\/wp-json\/wp\/v2\/media\/9341"}],"wp:attachment":[{"href":"https:\/\/schronienie.mng.gda.pl\/schronienie\/wp-json\/wp\/v2\/media?parent=24"}],"curies":[{"name":"wp","href":"https:\/\/api.w.org\/{rel}","templated":true}]}}