{"id":22,"date":"2023-07-07T05:59:39","date_gmt":"2023-07-07T05:59:39","guid":{"rendered":"https:\/\/schronienie.mng.gda.pl\/schronienie\/?page_id=22"},"modified":"2024-02-23T12:27:17","modified_gmt":"2024-02-23T12:27:17","slug":"podcasty","status":"publish","type":"page","link":"https:\/\/schronienie.mng.gda.pl\/schronienie\/podcasty\/","title":{"rendered":"Podcasty"},"content":{"rendered":"\n<h2 class=\"wp-block-heading\">Podcasty Oddzia\u0142u Etnografii Muzeum Narodowego w Gda\u0144sku<\/h2>\n\n\n\n<p>Zapraszamy do s\u0142uchania podcast\u00f3w, kt\u00f3re powsta\u0142y w ramach projektu &#8220;Schronienie &#8211; klimat, migracje, dziedzictwo&#8221; realizowanego w Oddziale Etnografii MNG.<\/p>\n\n\n\n<p>Us\u0142yszycie audycje m.in. o ekologii, zero waste, edukacji, zr\u00f3wnowa\u017conej konsumpcji z udzia\u0142em wy\u015bmienitych go\u015bci, ekspertek i ekspert\u00f3w, artyst\u00f3w, tw\u00f3rc\u00f3w ludowych i edukatorek, kt\u00f3rzy podzielili si\u0119 wiedz\u0105, do\u015bwiadczeniem i praktycznymi wskaz\u00f3wkami.<\/p>\n\n\n\n<div style=\"height:40px\" aria-hidden=\"true\" class=\"wp-block-spacer\"><\/div>\n\n\n\n  \n   \n        \n    <div class=\"podcast_new\">\n    <a href=\"https:\/\/schronienie.mng.gda.pl\/schronienie\/podcasts\/artysci-w-odpowiedzi-na-zmiany-klimatu\/\">\n        <div class=\"podcast_new_box\">\n                <div class=\"podcast_left\">\n                    <div class=\"podcast_title\">#10 Arty\u015bci w odpowiedzi na zmiany klimatu &#8211; czy sztuka mo\u017ce nas uwra\u017cliwi\u0107 na katastrof\u0119?<\/div>\n                    <div class=\"podcast_text\">Zmiany klimatu, ekologia, dobrostan (wellbeing) \u2013 jak odnosz\u0105 si\u0119 do tego arty\u015bci? Jak opowiadaj\u0105 o tym przez swoj\u0105 sztuk\u0119? W jaki spos\u00f3b architekci czerpi\u0105 inspiracj\u0119 z natury? Jak docieraj\u0105 do formu\u0142y domu-schronienia przyjaznego zar\u00f3wno cz\u0142owiekowi jak i naturze? <\/div>\n\n                    <div class=\"podcast_box_time\"><img decoding=\"async\" src=\"https:\/\/schronienie.mng.gda.pl\/schronienie\/wp-content\/themes\/schronienie\/images\/clock.svg\" alt=\"\">28:58<\/div>\n                <\/div>\n                <div class=\"podcast_right\"><img decoding=\"async\" src=\"https:\/\/schronienie.mng.gda.pl\/schronienie\/wp-content\/themes\/schronienie\/images\/play.svg\" alt=\"\"><\/div>\n        <\/div>\n        <\/a>\n        <\/div>\n        \n    <div class=\"podcast_new\">\n    <a href=\"https:\/\/schronienie.mng.gda.pl\/schronienie\/podcasts\/jak-nasza-codziennosc-uczynic-zielona\/\">\n        <div class=\"podcast_new_box\">\n                <div class=\"podcast_left\">\n                    <div class=\"podcast_title\">#9 Jak nasz\u0105 codzienno\u015b\u0107 uczyni\u0107 \u201czielon\u0105\u201d i zr\u00f3wnowa\u017con\u0105?<\/div>\n                    <div class=\"podcast_text\">Wi\u0119kszo\u015b\u0107 z nas mieszka w mie\u015bcie. To mo\u017cliwo\u015b\u0107 znalezienia lepszej pracy, szko\u0142y, dost\u0119pno\u015b\u0107 rozrywek i sklep\u00f3w. Tak jest po prostu wygodniej. Jednak cz\u0119sto t\u0119sknimy za blisko\u015bci\u0105 z natur\u0105, wytchnieniem od zgie\u0142ku i po\u015bpiechu. <\/div>\n\n                    <div class=\"podcast_box_time\"><img decoding=\"async\" src=\"https:\/\/schronienie.mng.gda.pl\/schronienie\/wp-content\/themes\/schronienie\/images\/clock.svg\" alt=\"\">41:28<\/div>\n                <\/div>\n                <div class=\"podcast_right\"><img decoding=\"async\" src=\"https:\/\/schronienie.mng.gda.pl\/schronienie\/wp-content\/themes\/schronienie\/images\/play.svg\" alt=\"\"><\/div>\n        <\/div>\n        <\/a>\n        <\/div>\n        \n    <div class=\"podcast_new\">\n    <a href=\"https:\/\/schronienie.mng.gda.pl\/schronienie\/podcasts\/rezyliencja\/\">\n        <div class=\"podcast_new_box\">\n                <div class=\"podcast_left\">\n                    <div class=\"podcast_title\">#8 Rezyliencja poprzez sztuk\u0119<\/div>\n                    <div class=\"podcast_text\">Czym jest rezyliencja? Dlaczego w dobie kryzys\u00f3w, tak\u017ce klimatycznego, jest to niezb\u0119dna do przetrwania umiejetno\u015b\u0107?<\/div>\n\n                    <div class=\"podcast_box_time\"><img decoding=\"async\" src=\"https:\/\/schronienie.mng.gda.pl\/schronienie\/wp-content\/themes\/schronienie\/images\/clock.svg\" alt=\"\">41:28<\/div>\n                <\/div>\n                <div class=\"podcast_right\"><img decoding=\"async\" src=\"https:\/\/schronienie.mng.gda.pl\/schronienie\/wp-content\/themes\/schronienie\/images\/play.svg\" alt=\"\"><\/div>\n        <\/div>\n        <\/a>\n        <\/div>\n        \n    <div class=\"podcast_new\">\n    <a href=\"https:\/\/schronienie.mng.gda.pl\/schronienie\/podcasts\/7-ekoedukacja\/\">\n        <div class=\"podcast_new_box\">\n                <div class=\"podcast_left\">\n                    <div class=\"podcast_title\">#7 EkoEdukacja<\/div>\n                    <div class=\"podcast_text\">Jak etnografia uczy nas ekologii? \nW Oddziale Etnografii Muzeum Narodowego w Gda\u0144sku zrealizowali\u015bmy ogrom edukacyjnych warsztat\u00f3w ekologicznych dla du\u017cych i ma\u0142ych, dla wszystkich. <\/div>\n\n                    <div class=\"podcast_box_time\"><img decoding=\"async\" src=\"https:\/\/schronienie.mng.gda.pl\/schronienie\/wp-content\/themes\/schronienie\/images\/clock.svg\" alt=\"\">23:25<\/div>\n                <\/div>\n                <div class=\"podcast_right\"><img decoding=\"async\" src=\"https:\/\/schronienie.mng.gda.pl\/schronienie\/wp-content\/themes\/schronienie\/images\/play.svg\" alt=\"\"><\/div>\n        <\/div>\n        <\/a>\n        <\/div>\n        \n    <div class=\"podcast_new\">\n    <a href=\"https:\/\/schronienie.mng.gda.pl\/schronienie\/podcasts\/6-opowiesci-rytualy-wspoldzialanie-jak-radzic-sobie-w-swiecie-pelnym-wyzwan-i-stresu\/\">\n        <div class=\"podcast_new_box\">\n                <div class=\"podcast_left\">\n                    <div class=\"podcast_title\">#6 Opowie\u015bci, rytua\u0142y, wsp\u00f3\u0142dzia\u0142anie &#8211; jak radzi\u0107 sobie w \u015bwiecie pe\u0142nym wyzwa\u0144 i stresu?<\/div>\n                    <div class=\"podcast_text\">Ha\u0142as i po\u015bpiech &#8211; to nasza codzienno\u015b\u0107. Nie dziwi wi\u0119c, \u017ce t\u0119sknimy za natur\u0105 i odpoczynkiem w miejscu przyjaznym dla naszych zmys\u0142\u00f3w.\u00a0<\/div>\n\n                    <div class=\"podcast_box_time\"><img decoding=\"async\" src=\"https:\/\/schronienie.mng.gda.pl\/schronienie\/wp-content\/themes\/schronienie\/images\/clock.svg\" alt=\"\">20:00<\/div>\n                <\/div>\n                <div class=\"podcast_right\"><img decoding=\"async\" src=\"https:\/\/schronienie.mng.gda.pl\/schronienie\/wp-content\/themes\/schronienie\/images\/play.svg\" alt=\"\"><\/div>\n        <\/div>\n        <\/a>\n        <\/div>\n        \n\n\n      <nav aria-label=\"Nawigacja po stronie\">\n\t\t\t\n\t\t\t<ul class=\"pagination\"><li class=\"page-item\"><span class=\"but_next page-link no_bg previous empty\"><img decoding=\"async\" src=\"https:\/\/schronienie.mng.gda.pl\/schronienie\/wp-content\/themes\/schronienie\/images\/page_left.svg\" alt=\"wi\u0119cej\"><\/span><\/li><li class=\"page-item\"><span aria-current=\"page\" class=\"page-link  active\">1<\/span><\/li><li class=\"page-item\"><a class=\"page-link\" aria-label=\"2. strona Podcasty\"  href=\"https:\/\/schronienie.mng.gda.pl\/schronienie\/wp-json\/wp\/v2\/pages\/22\/page\/2\/\">2<\/a><\/li><li class=\"page-item\"><a class=\"no_bg page-link but_next\" aria-label=\"Nast\u0119pna strona Podcasty\" href=\"https:\/\/schronienie.mng.gda.pl\/schronienie\/wp-json\/wp\/v2\/pages\/22\/page\/2\/\"><img decoding=\"async\" src=\"https:\/\/schronienie.mng.gda.pl\/schronienie\/wp-content\/themes\/schronienie\/images\/page_right.svg\" alt=\"wi\u0119cej\"><\/a><\/li><\/ul>\n\n\t\t<\/nav> \n\n\n\n\n\n\n\n<p>Nasze podcasty s\u0105 udost\u0119pnione tak\u017ce na r\u00f3\u017cnych platformach:<\/p>\n\n\n\n<ul class=\"wp-block-list\">\n<li><a href=\"https:\/\/podcasters.spotify.com\/pod\/show\/oemng\">Nasze podcasty na Spotify<\/a><\/li>\n\n\n\n<li><a href=\"https:\/\/youtube.com\/playlist?list=PLPv888tu9SKKP2zgC-_pRGlHWZXZ7PgBR&amp;si=XSd7qJ8CQah-wJQq\">Nasze podcasty na YouTube<\/a><\/li>\n\n\n\n<li><a href=\"https:\/\/www.facebook.com\/OddzialEtnografii\/videos\">Nasz podcasty na Facebook<\/a><\/li>\n<\/ul>\n\n\n\n<p>Mo\u017cesz ich s\u0142ucha\u0107 kiedy chcesz i gdzie chcesz.<br><\/p>\n\n\n\n<ol class=\"wp-block-list\">\n<li>&#8220;Przy wsp\u00f3lnym stole &#8211; jak przez kulinaria poznawa\u0107 inne kultury? Jak \u0142\u0105czy\u0107 i integrowa\u0107?\u201d&nbsp;<\/li>\n\n\n\n<li>&#8220;Antropocen &#8211; czym jest epoka cz\u0142owieka?&#8221;&nbsp;<\/li>\n\n\n\n<li>&#8220;Green office i muzeum dla klimatu \u2013 zarz\u0105dzanie zespo\u0142em zgodne z ekologi\u0105&#8221;&nbsp;<\/li>\n\n\n\n<li>&#8220;Architektura humanitarna&#8221;&nbsp;<\/li>\n\n\n\n<li>&#8220;Zr\u00f3wnowa\u017cony rozw\u00f3j inspirowany dawnymi sposobami gospodarowania&#8221;&nbsp;<\/li>\n\n\n\n<li>&#8220;Opowie\u015bci, rytua\u0142y, wsp\u00f3\u0142dzia\u0142anie &#8211; jak radzi\u0107 sobie we wsp\u00f3\u0142czesnym \u015bwiecie pe\u0142nym wyzwa\u0144 i stresu?&#8221;&nbsp;<\/li>\n\n\n\n<li>&#8220;EkoEdukacja&#8221;&nbsp;<\/li>\n\n\n\n<li>&#8220;Rezyliencja poprzez sztuk\u0119&#8221;&nbsp;<\/li>\n\n\n\n<li>&#8220;Jak nasz\u0105 codzienno\u015b\u0107 uczyni\u0107 \u201czielon\u0105\u201d i zr\u00f3wnowa\u017con\u0105?&#8221;&nbsp;<\/li>\n\n\n\n<li>&#8220;Arty\u015bci w odpowiedzi na zmiany klimatu &#8211; czy sztuka mo\u017ce nas uwra\u017cliwi\u0107 na katastrof\u0119?&#8221;&nbsp;<\/li>\n<\/ol>\n\n\n\n<p>Podcasty przygotowa\u0142y: Hanna Bogoryja-Zakrzewska i Katarzyna B\u0142aszczyk z &#8220;Torby reportera i podcastera&#8221;.<\/p>\n\n\n\n<p>Seria podcast\u00f3w powsta\u0142a w ramach projektu \u201eSchronienie \u2013 klimat, migracje, dziedzictwo&#8221;, kt\u00f3ry jest wsp\u00f3\u0142finansowany ze \u015brodk\u00f3w Mechanizmu Finansowego Europejskiego Obszaru Gospodarczego 2014-2021 oraz Ministerstwa Kultury i Dziedzictwa Narodowego w ramach Programu \u201eKultura\u201d, Dzia\u0142anie 2 \u201ePoprawa dost\u0119pu do kultury i sztuki\u201d.<\/p>\n\n\n\n<p>Wsp\u00f3lnie dzia\u0142amy na rzecz Europy zielonej, konkurencyjnej i sprzyjaj\u0105cej integracji spo\u0142ecznej.<\/p>\n","protected":false},"excerpt":{"rendered":"<p>Podcasty Oddzia\u0142u Etnografii Muzeum Narodowego w Gda\u0144sku Zapraszamy do s\u0142uchania podcast\u00f3w, kt\u00f3re powsta\u0142y w ramach projektu &#8220;Schronienie &#8211; klimat, migracje, dziedzictwo&#8221; realizowanego w Oddziale Etnografii MNG. Us\u0142yszycie audycje m.in. o ekologii, zero waste, edukacji, zr\u00f3wnowa\u017conej konsumpcji z udzia\u0142em wy\u015bmienitych go\u015bci, ekspertek i ekspert\u00f3w, artyst\u00f3w, tw\u00f3rc\u00f3w ludowych i edukatorek, kt\u00f3rzy podzielili si\u0119 wiedz\u0105, do\u015bwiadczeniem i praktycznymi [&hellip;]<\/p>\n","protected":false},"author":1,"featured_media":9121,"parent":0,"menu_order":0,"comment_status":"closed","ping_status":"closed","template":"page-templates\/template-inner-page.php","meta":{"inline_featured_image":false,"footnotes":"","_links_to":"","_links_to_target":""},"class_list":["post-22","page","type-page","status-publish","has-post-thumbnail","hentry"],"acf":[],"_links":{"self":[{"href":"https:\/\/schronienie.mng.gda.pl\/schronienie\/wp-json\/wp\/v2\/pages\/22","targetHints":{"allow":["GET"]}}],"collection":[{"href":"https:\/\/schronienie.mng.gda.pl\/schronienie\/wp-json\/wp\/v2\/pages"}],"about":[{"href":"https:\/\/schronienie.mng.gda.pl\/schronienie\/wp-json\/wp\/v2\/types\/page"}],"author":[{"embeddable":true,"href":"https:\/\/schronienie.mng.gda.pl\/schronienie\/wp-json\/wp\/v2\/users\/1"}],"replies":[{"embeddable":true,"href":"https:\/\/schronienie.mng.gda.pl\/schronienie\/wp-json\/wp\/v2\/comments?post=22"}],"version-history":[{"count":19,"href":"https:\/\/schronienie.mng.gda.pl\/schronienie\/wp-json\/wp\/v2\/pages\/22\/revisions"}],"predecessor-version":[{"id":9403,"href":"https:\/\/schronienie.mng.gda.pl\/schronienie\/wp-json\/wp\/v2\/pages\/22\/revisions\/9403"}],"wp:featuredmedia":[{"embeddable":true,"href":"https:\/\/schronienie.mng.gda.pl\/schronienie\/wp-json\/wp\/v2\/media\/9121"}],"wp:attachment":[{"href":"https:\/\/schronienie.mng.gda.pl\/schronienie\/wp-json\/wp\/v2\/media?parent=22"}],"curies":[{"name":"wp","href":"https:\/\/api.w.org\/{rel}","templated":true}]}}