{"id":18,"date":"2023-07-07T05:58:31","date_gmt":"2023-07-07T05:58:31","guid":{"rendered":"https:\/\/schronienie.mng.gda.pl\/schronienie\/?page_id=18"},"modified":"2023-09-12T09:34:03","modified_gmt":"2023-09-12T09:34:03","slug":"wydarzenia-kulturalne","status":"publish","type":"page","link":"https:\/\/schronienie.mng.gda.pl\/schronienie\/wydarzenia-kulturalne\/","title":{"rendered":"Wydarzenia kulturalne"},"content":{"rendered":"\n  \n<div class=\"all_new_blue_box\">\n<div class=\"culinary_info\">\n<div class=\"culinary_img\"><img decoding=\"async\" src=\"https:\/\/schronienie.mng.gda.pl\/schronienie\/wp-content\/uploads\/Shelter-IG_etnomatograf-1-320x320.jpg\" alt=\"\" class=\"round_img_30\"><\/div>\n<div class=\"culinary_text1\">\n<a href=\"https:\/\/schronienie.mng.gda.pl\/schronienie\/events\/festiwal-etnomatograf\/\"><h3>Festiwal Etnomatograf<\/h3><\/a>\nKino rdzenne to wsp\u00f3lna nazwa film\u00f3w podejmuj\u0105cych tematyk\u0119 dotycz\u0105c\u0105 rdzennych (tubylczych) mieszkanek i mieszka\u0144c\u00f3w rozmaitych zak\u0105tk\u00f3w Ziemi \u2013 od Arktyki po tropiki \u2013 a przede wszystkim film\u00f3w realizowanych przez przedstawicieli i przedstawicielki rdzennych lud\u00f3w.<br>\n<\/div>\n<\/div>\n<\/div>\n\n\n<div class=\"all_new_blue_box\">\n<div class=\"culinary_info\">\n<div class=\"culinary_img\"><img decoding=\"async\" src=\"https:\/\/schronienie.mng.gda.pl\/schronienie\/wp-content\/uploads\/2023\/07\/zajawki-IG-i-FB_emiGRACJE.jpeg\" alt=\"\" class=\"round_img_30\"><\/div>\n<div class=\"culinary_text1\">\n<a href=\"https:\/\/schronienie.mng.gda.pl\/schronienie\/events\/emigracje\/\"><h3>emiGracje<\/h3><\/a>\nemiGRACJE\/\u0435\u043c\u0456\u0413\u0420\u0410\u0426\u0406\u042f | zaj\u0119cia integracyjne z elementami ta\u0144ca i arteterapii dla imigrantek i Polek<br>\n<\/div>\n<\/div>\n<\/div>\n\n\n<div class=\"space_60\"><\/div>\n\n\n<div class=\"koncerty\">\n<h2>Performance<\/h2>\n\n    \n<div class=\"all_new_blue_box\">\n<div class=\"culinary_info\">\n<div class=\"culinary_img\"><img decoding=\"async\" src=\"https:\/\/schronienie.mng.gda.pl\/schronienie\/wp-content\/uploads\/2023\/08\/Shelter-IG_spacer18.09.22-1-320x320.png\" alt=\"\" class=\"round_img_30\"><\/div>\n<div class=\"culinary_text1\">\n<a href=\"https:\/\/schronienie.mng.gda.pl\/schronienie\/events\/choreografia-roslin\/\"><h3>Choreografia ro\u015blin<\/h3><\/a>\nPerformans przyj\u0105\u0142 form\u0119 partycypacyjnego dzia\u0142ania osadzonego w okre\u015blonym miejscu i\u00a0czasie. Uczestnicy i uczestniczki wydarzenia zaproszeni zostali do audialnego spaceru po parku Oliwskim z Ul\u0105 Zerek (choreo, idea), Katarzyn\u0105 S\u0142obod\u0105 (tekst, dramaturgia), Magd\u0105 J\u0119dr\u0105 i Ann\u0105 Steller (choreo, perfo). Produkcja &#8211; Karolina Wycisk.<br>\n\n<\/div>\n<\/div>\n<\/div>\n\n<div class=\"all_new_blue_box\">\n<div class=\"culinary_info\">\n<div class=\"culinary_img\"><img decoding=\"async\" src=\"https:\/\/schronienie.mng.gda.pl\/schronienie\/wp-content\/uploads\/Shelter-IG-performans-320x320.jpg\" alt=\"\" class=\"round_img_30\"><\/div>\n<div class=\"culinary_text1\">\n<a href=\"https:\/\/schronienie.mng.gda.pl\/schronienie\/events\/spektakl-teatru-tanca\/\"><h3>Partytura dla wszechogarniaj\u0105cej fali<\/h3><\/a>\nPraca choreograficzna oparta na\u00a0choreografii cia\u0142a, przestrzeni i d\u017awi\u0119ku. Wraz z performerk\u0105 Dan\u0105 Chmielewsk\u0105, w przestrzeni obecny by\u0142 obiekt stworzony przez Maj\u0119 Zalesk\u0105 i d\u017awi\u0119k\u00a0skomponowany przez Mi\u0142osza K\u0119dr\u0119. Ca\u0142o\u015bci\u0105 opiekowa\u0142a si\u0119 Karolina Wycisk w roli kreatywnej producentki i koordynatorki.<br>\n\n<\/div>\n<\/div>\n<\/div>\n\n\n\n<\/div>\n\n\n\n<div class=\"koncerty\">\n<h2>Pota\u0144c\u00f3wki wielokulturowe<\/h2>\n\n    \n<div class=\"all_new_blue_box\">\n<div class=\"culinary_info\">\n<div class=\"culinary_img\"><img decoding=\"async\" src=\"https:\/\/schronienie.mng.gda.pl\/schronienie\/wp-content\/uploads\/Shelter-IG-taniec-gruzinski-320x320.jpg\" alt=\"\" class=\"round_img_30\"><\/div>\n<div class=\"culinary_text1\">\n<a href=\"https:\/\/schronienie.mng.gda.pl\/schronienie\/events\/odslona-gruzinska\/\"><h3>Ods\u0142ona gruzi\u0144ska<\/h3><\/a>\nWarsztaty ta\u0144ca gruzi\u0144skiego, kt\u00f3re poprowadzi\u0142 Mikheil Dvalishvili. By\u0142a to ostatnia \u201ePota\u0144c\u00f3wka wielokulturowa\u201d w ramach projektu &#8220;Schronienie&#8221;.<br>\n\n<\/div>\n<\/div>\n<\/div>\n\n<div class=\"all_new_blue_box\">\n<div class=\"culinary_info\">\n<div class=\"culinary_img\"><img decoding=\"async\" src=\"https:\/\/schronienie.mng.gda.pl\/schronienie\/wp-content\/uploads\/2023\/09\/Shelter-IG_taniec-izraelski-320x320.jpg\" alt=\"\" class=\"round_img_30\"><\/div>\n<div class=\"culinary_text1\">\n<a href=\"https:\/\/schronienie.mng.gda.pl\/schronienie\/events\/taniec-izraelski\/\"><h3>Taniec izraelski<\/h3><\/a>\nTaniec izraelski zbli\u017ca ludzi, wyzwala rado\u015b\u0107, rozwija poczucie rytmu oraz harmoni\u0119 cia\u0142a i ducha.<br>\n\n<\/div>\n<\/div>\n<\/div>\n\n<div class=\"all_new_blue_box\">\n<div class=\"culinary_info\">\n<div class=\"culinary_img\"><img decoding=\"async\" src=\"https:\/\/schronienie.mng.gda.pl\/schronienie\/wp-content\/uploads\/2023\/09\/Shelter-IG_Ukraina2-320x320.jpg\" alt=\"\" class=\"round_img_30\"><\/div>\n<div class=\"culinary_text1\">\n<a href=\"https:\/\/schronienie.mng.gda.pl\/schronienie\/events\/odslona-ukrainska\/\"><h3>Ods\u0142ona ukrai\u0144ska<\/h3><\/a>\nValeriy Filipov porwa\u0142 Nas do ta\u0144ca! <br>\n\n<\/div>\n<\/div>\n<\/div>\n\n<div class=\"all_new_blue_box\">\n<div class=\"culinary_info\">\n<div class=\"culinary_img\"><img decoding=\"async\" src=\"https:\/\/schronienie.mng.gda.pl\/schronienie\/wp-content\/uploads\/Shelter-IG_Kociewiacy-vol-2-320x320.jpg\" alt=\"\" class=\"round_img_30\"><\/div>\n<div class=\"culinary_text1\">\n<a href=\"https:\/\/schronienie.mng.gda.pl\/schronienie\/events\/odslona-kociewska\/\"><h3>Ods\u0142ona kociewska<\/h3><\/a>\nKociewski Zesp\u00f3\u0142 \u201eBurczybas\u201d z Gniewu porwa\u0142 Nas do ta\u0144ca! <br>\n\n<\/div>\n<\/div>\n<\/div>\n\n<div class=\"all_new_blue_box\">\n<div class=\"culinary_info\">\n<div class=\"culinary_img\"><img decoding=\"async\" src=\"https:\/\/schronienie.mng.gda.pl\/schronienie\/wp-content\/uploads\/2023\/07\/Shelter-IG_kaszubska-potancowka-320x320.jpg\" alt=\"\" class=\"round_img_30\"><\/div>\n<div class=\"culinary_text1\">\n<a href=\"https:\/\/schronienie.mng.gda.pl\/schronienie\/events\/odslona-kaszubska\/\"><h3>Ods\u0142ona kaszubska<\/h3><\/a>\nKaszubska Kapela Rodzinna BAS z Sierakowic porwa\u0142a Nas do ta\u0144ca!<br>\n\n<\/div>\n<\/div>\n<\/div>\n\n<div class=\"all_new_blue_box\">\n<div class=\"culinary_info\">\n<div class=\"culinary_img\"><img decoding=\"async\" src=\"https:\/\/schronienie.mng.gda.pl\/schronienie\/wp-content\/uploads\/2023\/07\/Shelter-IG_akordeon-320x320.jpg\" alt=\"\" class=\"round_img_30\"><\/div>\n<div class=\"culinary_text1\">\n<a href=\"https:\/\/schronienie.mng.gda.pl\/schronienie\/events\/muzyka-swiata\/\"><h3>Muzyka \u015bwiata<\/h3><\/a>\nAkordeonista Pawe\u0142 Wi\u015bniewski porwa\u0142 Nas do ta\u0144ca! <br>\n\n<\/div>\n<\/div>\n<\/div>\n\n<div class=\"all_new_blue_box\">\n<div class=\"culinary_info\">\n<div class=\"culinary_img\"><img decoding=\"async\" src=\"https:\/\/schronienie.mng.gda.pl\/schronienie\/wp-content\/uploads\/zajawki-IG-i-FB-noc-muzeow-320x320.jpg\" alt=\"\" class=\"round_img_30\"><\/div>\n<div class=\"culinary_text1\">\n<a href=\"https:\/\/schronienie.mng.gda.pl\/schronienie\/events\/cech-wieloroda-i-stowarzyszenie-trojwiejska\/\"><h3>Cech Wielor\u00f3da i Stowarzyszenie Tr\u00f3jwiejska<\/h3><\/a>\nStowarzyszenie Tr\u00f3jwiejska i Cech Wielor\u00f3da porwali Nas do ta\u0144ca!\n<br>\n\n<\/div>\n<\/div>\n<\/div>\n\n\n\n<\/div>\n\n\n\n<div class=\"koncerty\">\n<h2>Koncerty<\/h2>\n\n    \n<div class=\"all_new_blue_box\">\n<div class=\"culinary_info\">\n<div class=\"culinary_img\"><img decoding=\"async\" src=\"https:\/\/schronienie.mng.gda.pl\/schronienie\/wp-content\/uploads\/Shelter-IG-koncert-320x320.jpg\" alt=\"\" class=\"round_img_30\"><\/div>\n<div class=\"culinary_text1\">\n<a href=\"https:\/\/schronienie.mng.gda.pl\/schronienie\/events\/koncert-organowy-z-wizualizacjami\/\"><h3>Koncert organowy z wizualizacjami<\/h3><\/a>\nWyj\u0105tkowy koncert b\u0119d\u0105cy efektem wsp\u00f3\u0142pracy cenionego organisty Karola Mossakowskiego i artysty interdyscyplinarnego Ludomira Franczaka. Koncert prowadzi\u0142a Ma\u0142gorzata Brajner.<br>\n\n<div class=\"tags\">\n<a href=\"#\" class=\"tag\">#koncert<\/a>\n<\/div>\n<\/div>\n<\/div>\n<\/div>\n\n<div class=\"all_new_blue_box\">\n<div class=\"culinary_info\">\n<div class=\"culinary_img\"><img decoding=\"async\" src=\"https:\/\/schronienie.mng.gda.pl\/schronienie\/wp-content\/uploads\/Shelter-koncert_IG-320x320.jpg\" alt=\"\" class=\"round_img_30\"><\/div>\n<div class=\"culinary_text1\">\n<a href=\"https:\/\/schronienie.mng.gda.pl\/schronienie\/events\/koncert-berlin-piano-trio-z-wizualizacjami\/\"><h3>Koncert Berlin Piano Trio<\/h3><\/a>\nKoncert tria fortepianowego \u201eBerlin Piano Trio\u201d w sk\u0142adzie: Nikolaus Resa &#8211; fortepian, Krzysztof Polonek &#8211; skrzypce, Katarzyna Polonek &#8211; wiolonczela.<br>\n\n<div class=\"tags\">\n<a href=\"#\" class=\"tag\">#koncert<\/a>\n<\/div>\n<\/div>\n<\/div>\n<\/div>\n\n<div class=\"all_new_blue_box\">\n<div class=\"culinary_info\">\n<div class=\"culinary_img\"><img decoding=\"async\" src=\"https:\/\/schronienie.mng.gda.pl\/schronienie\/wp-content\/uploads\/Shelter-IG-florian-320x320.jpeg\" alt=\"\" class=\"round_img_30\"><\/div>\n<div class=\"culinary_text1\">\n<a href=\"https:\/\/schronienie.mng.gda.pl\/schronienie\/events\/koncert-pantarhei-koncert-i-instalacja-dzwiekowa\/\"><h3>Panta Rhei: koncert i instalacja d\u017awi\u0119kowa<\/h3><\/a>\nWyj\u0105tkowy projekt &#8220;Panta Rhei&#8221;, na kt\u00f3ry z\u0142o\u017cy\u0142a si\u0119 instalacja d\u017awi\u0119kowa oraz koncert na parterze Oddzia\u0142u Etnografii.<br>\n\n<\/div>\n<\/div>\n<\/div>\n\n\n\n<\/div>\n\n\n\n<div class=\"koncerty\">\n<h2>Koncerty domowe<\/h2>\n\n    \n<div class=\"all_new_blue_box\">\n<div class=\"culinary_info\">\n<div class=\"culinary_img\"><img decoding=\"async\" src=\"https:\/\/schronienie.mng.gda.pl\/schronienie\/wp-content\/uploads\/Shelter-IG_koncert-320x320.jpg\" alt=\"\" class=\"round_img_30\"><\/div>\n<div class=\"culinary_text1\">\n<a href=\"https:\/\/schronienie.mng.gda.pl\/schronienie\/events\/streamingowany-koncert-muzyki-polsko-zydowskiej-arto-piano-trio\/\"><h3>Streamingowany koncert muzyki polsko-\u017cydowskiej | Arto Piano Trio<\/h3><\/a>\nMotywem przewodnim koncertu by\u0142o zagadnienie migracji, schronienia i dziedzictwa.\u00a0<br>\n\n<\/div>\n<\/div>\n<\/div>\n\n<div class=\"all_new_blue_box\">\n<div class=\"culinary_info\">\n<div class=\"culinary_img\"><img decoding=\"async\" src=\"https:\/\/schronienie.mng.gda.pl\/schronienie\/wp-content\/uploads\/Shelter-IG_koncert-320x320.jpg\" alt=\"\" class=\"round_img_30\"><\/div>\n<div class=\"culinary_text1\">\n<a href=\"https:\/\/schronienie.mng.gda.pl\/schronienie\/events\/streamingowany-koncert-muzyki-norweskiej-arto-piano-trio\/\"><h3>Streamingowany koncert muzyki norweskiej | Arto Piano Trio<\/h3><\/a>\nEdward Grieg znany jest g\u0142\u00f3wnie ze swoich dzie\u0142 na orkiestr\u0119, pie\u015bni oraz szeregu miniatur fortepianowych. Dzie\u0142a kameralne stanowi\u0105 skromn\u0105 cz\u0119\u015b\u0107 jego tw\u00f3rczo\u015bci. <br>\n\n<\/div>\n<\/div>\n<\/div>\n\n<div class=\"all_new_blue_box\">\n<div class=\"culinary_info\">\n<div class=\"culinary_img\"><img decoding=\"async\" src=\"https:\/\/schronienie.mng.gda.pl\/schronienie\/wp-content\/uploads\/Shelter-IG_koncert-320x320.jpg\" alt=\"\" class=\"round_img_30\"><\/div>\n<div class=\"culinary_text1\">\n<a href=\"https:\/\/schronienie.mng.gda.pl\/schronienie\/events\/streamingowany-koncert-muzyki-islandzkiej-arto-piano-trio\/\"><h3>Streamingowany koncert muzyki islandzkiej | Arto Piano Trio<\/h3><\/a>\nOstatni z cyklu trzech koncert\u00f3w po\u015bwi\u0119cony zosta\u0142 tw\u00f3rczo\u015bci kompozytor\u00f3w islandzkich. W wykonaniu Arto Piano Trio zabrzmia\u0142y dwie ma\u0142o znane kompozycje<br>\n\n<\/div>\n<\/div>\n<\/div>\n\n\n\n<\/div>\n\n\n\n<div class=\"koncerty\">\n<h2>Etnosensualni<\/h2>\n\n    \n<div class=\"all_new_blue_box\">\n<div class=\"culinary_info\">\n<div class=\"culinary_img\"><img decoding=\"async\" src=\"https:\/\/schronienie.mng.gda.pl\/schronienie\/wp-content\/uploads\/2023\/07\/Shelter-IG_etnosensulani_obrazki3-320x320.jpg\" alt=\"\" class=\"round_img_30\"><\/div>\n<div class=\"culinary_text1\">\n<a href=\"https:\/\/schronienie.mng.gda.pl\/schronienie\/events\/warsztaty-spotkanie-ze-sztuka-i-happening-sztuka-po-wolnosc\/\"><h3>Warsztaty \u201eSpotkanie ze sztuk\u0105\u201d i happening \u201eSztuka Po Wolno\u015b\u0107\u201d<\/h3><\/a>\nPlenerowe malarskie warsztaty arteterapeutyczne \u201eSpotkanie ze sztuk\u0105\u201d z cyklu \u201eEtnosensualni\u201d.\nWarsztaty skierowane do wszystkich ch\u0119tnych, niezale\u017cnie od wieku.<br>\n\n<\/div>\n<\/div>\n<\/div>\n\n<div class=\"all_new_blue_box\">\n<div class=\"culinary_info\">\n<div class=\"culinary_img\"><img decoding=\"async\" src=\"https:\/\/schronienie.mng.gda.pl\/schronienie\/wp-content\/uploads\/2023\/07\/Shelter-IG_etnosensulani_obrazki-320x320.jpg\" alt=\"\" class=\"round_img_30\"><\/div>\n<div class=\"culinary_text1\">\n<a href=\"https:\/\/schronienie.mng.gda.pl\/schronienie\/events\/warsztaty-glosow-las\/\"><h3>Warsztaty \u201eG\u0142os\u00f3w las\u201d<\/h3><\/a>\nWarsztaty arteterapeutyczne ze \u015bpiewem \u201eG\u0142os\u00f3w las\u201d z cyklu \u201eEtnosensualni\u201d. Zaj\u0119cia poprowadzi\u0142a Anna Niestatek.<br>\n\n<\/div>\n<\/div>\n<\/div>\n\n<div class=\"all_new_blue_box\">\n<div class=\"culinary_info\">\n<div class=\"culinary_img\"><img decoding=\"async\" src=\"https:\/\/schronienie.mng.gda.pl\/schronienie\/wp-content\/uploads\/2023\/07\/Shelter-IG_sonora-320x320.jpg\" alt=\"\" class=\"round_img_30\"><\/div>\n<div class=\"culinary_text1\">\n<a href=\"https:\/\/schronienie.mng.gda.pl\/schronienie\/events\/warsztaty-muzykoterapii-z-instrumentem-sonora-sound-tube\/\"><h3>Warsztaty muzykoterapii z instrumentem Sonora Sound Tube<\/h3><\/a>\nWarsztaty arteterapeutyczne \u201eMuzykoterapia z instrumentem Sonora Sound Tube\u201d z cyklu \u201eEtnosensualni\u201d. Warsztaty skierowane do wszystkich ch\u0119tnych, niezale\u017cnie od wieku.<br>\n\n<\/div>\n<\/div>\n<\/div>\n\n<div class=\"all_new_blue_box\">\n<div class=\"culinary_info\">\n<div class=\"culinary_img\"><img decoding=\"async\" src=\"https:\/\/schronienie.mng.gda.pl\/schronienie\/wp-content\/uploads\/2023\/07\/Shelter-IG_etnosensulani_obrazki4-320x320.jpg\" alt=\"\" class=\"round_img_30\"><\/div>\n<div class=\"culinary_text1\">\n<a href=\"https:\/\/schronienie.mng.gda.pl\/schronienie\/events\/plener-rzezbiarski-ptaki-w-ogrodzie\/\"><h3>Plener rze\u017abiarski \u201ePtaki w ogrodzie\u201d<\/h3><\/a>\nLudowe warsztaty arteterapeutyczne podczas pleneru rze\u017abiarskiego \u201ePtaki w ogrodzie\u201d z cyklu \u201eEtnosensualni\u201d.<br>\n\n<\/div>\n<\/div>\n<\/div>\n\n\n\n<\/div>\n\n\n\n","protected":false},"excerpt":{"rendered":"","protected":false},"author":1,"featured_media":0,"parent":0,"menu_order":0,"comment_status":"closed","ping_status":"closed","template":"page-templates\/template-inner-page.php","meta":{"inline_featured_image":false,"footnotes":"","_links_to":"","_links_to_target":""},"class_list":["post-18","page","type-page","status-publish","hentry"],"acf":[],"_links":{"self":[{"href":"https:\/\/schronienie.mng.gda.pl\/schronienie\/wp-json\/wp\/v2\/pages\/18","targetHints":{"allow":["GET"]}}],"collection":[{"href":"https:\/\/schronienie.mng.gda.pl\/schronienie\/wp-json\/wp\/v2\/pages"}],"about":[{"href":"https:\/\/schronienie.mng.gda.pl\/schronienie\/wp-json\/wp\/v2\/types\/page"}],"author":[{"embeddable":true,"href":"https:\/\/schronienie.mng.gda.pl\/schronienie\/wp-json\/wp\/v2\/users\/1"}],"replies":[{"embeddable":true,"href":"https:\/\/schronienie.mng.gda.pl\/schronienie\/wp-json\/wp\/v2\/comments?post=18"}],"version-history":[{"count":17,"href":"https:\/\/schronienie.mng.gda.pl\/schronienie\/wp-json\/wp\/v2\/pages\/18\/revisions"}],"predecessor-version":[{"id":8829,"href":"https:\/\/schronienie.mng.gda.pl\/schronienie\/wp-json\/wp\/v2\/pages\/18\/revisions\/8829"}],"wp:attachment":[{"href":"https:\/\/schronienie.mng.gda.pl\/schronienie\/wp-json\/wp\/v2\/media?parent=18"}],"curies":[{"name":"wp","href":"https:\/\/api.w.org\/{rel}","templated":true}]}}