{"id":16,"date":"2023-07-07T05:58:00","date_gmt":"2023-07-07T05:58:00","guid":{"rendered":"https:\/\/schronienie.mng.gda.pl\/schronienie\/?page_id=16"},"modified":"2024-03-06T08:49:51","modified_gmt":"2024-03-06T08:49:51","slug":"wystawy","status":"publish","type":"page","link":"https:\/\/schronienie.mng.gda.pl\/schronienie\/wystawy\/","title":{"rendered":"Wystawy"},"content":{"rendered":"\n \n        \n    <div class=\"row\">\n    <div class=\"col-xxl-12\">\n        <div class=\"blue_box\">\n            <div class=\"ex_img\"><img decoding=\"async\" src=\"https:\/\/schronienie.mng.gda.pl\/schronienie\/wp-content\/uploads\/Shelter-IG_wystawa-464x464.jpg\" alt=\"\"><\/div>\n            <div class=\"ex_info\">\n            <a href=\"https:\/\/schronienie.mng.gda.pl\/schronienie\/exhibitions\/wystawa-schronienie-dobrostan\/\"> <h3>Wystawa &#8220;Schronienie: dobrostan&#8221;<\/h3> <\/a>\n                <div class=\"ex_text\">\n                Wystawa \u201eSchronienie: dobrostan\u201d jest podsumowaniem dwuletniego mi\u0119dzynarodowego projektu artystyczno-edukacyjnego \u201eSchronienie \u2013 klimat, migracje, dziedzictwo\u201d. Jest to pr\u00f3ba utworzenia otwartej i kreatywnej przestrzeni, kt\u00f3ra \u0142\u0105czy \u015bwiat kultury ze \u015bwiatem natury, \u015bwiat ludzi ze \u015bwiatem istot nie-ludzkich \u2013 ro\u015blin i zwierz\u0105t, \u015bwiat nauki ze \u015bwiatem sztuki. To opowie\u015b\u0107 o dziedzictwie kulturowym i naturalnym oraz o zmianach klimatycznych i poszukiwaniu metod reagowania na nie, opartych na wiedzy dawnych pokole\u0144, wsp\u00f3\u0142czesnej nauce, sztuce i edukacji. To tak\u017ce opowie\u015b\u0107 tym, co nas \u0142\u0105czy w wielokulturowym \u015bwiecie \u2013 o spotkaniu przy wsp\u00f3lnym stole.\nSercem projektu jest interdyscyplinarna tw\u00f3rcza wsp\u00f3\u0142praca. Scenariusz wystawy powsta\u0142 dzi\u0119ki wsp\u00f3\u0142pracy z Partnerami Projektu z Norwegii, Islandii i Polski oraz wsparciu merytorycznemu badaczek z Uniwersytetu im. Adama Mickiewicza w Poznaniu.                <\/div>\n\n                <div class=\"text_icon\">\n                  <div class=\"text_icon_img\">\n                  <img decoding=\"async\" src=\"https:\/\/schronienie.mng.gda.pl\/schronienie\/wp-content\/themes\/schronienie\/images\/calendar.svg\" alt=\"\">\n                  <\/div>\n                  <div class=\"text_icon_text\"> od <strong> 26\/10\/23 <\/strong> do <strong> 01\/09\/24 <\/strong> w godz. <strong>  10:00 &#8211; 17:00 <\/strong><\/div>\n                <\/div>\n\n                <div class=\"text_icon\">\n                  <div class=\"text_icon_img\"><img decoding=\"async\" src=\"https:\/\/schronienie.mng.gda.pl\/schronienie\/wp-content\/themes\/schronienie\/images\/bank.svg\" alt=\"\"><\/div>\n                  <div class=\"text_icon_text\"><strong>Oddzia\u0142 Etnografii Muzeum Narodowego w Gda\u0144sku<\/strong><\/div>\n                <\/div>\n\n            <\/div>\n        <\/div>\n    <\/div>\n<\/div>\n\n\n\n<div class=\"exhibition\">\n\n<div class=\"exhibition_box\">\n<div class=\"exhibition_img\"><img decoding=\"async\" src=\"https:\/\/schronienie.mng.gda.pl\/schronienie\/wp-content\/uploads\/Shelter-IG_wystawa-291x291.jpg\" alt=\"\" class=\"round_20\"><\/div>\n<div class=\"exhibition_text\">\n<a href=\"https:\/\/schronienie.mng.gda.pl\/schronienie\/exhibitions\/wirtualny-spacer\/\"><h3>Wirtualny spacer<\/h3><\/a>\nWirtualny spacer po wystawie &#8220;Schronienie: dobrostan&#8221;<\/div>\n<\/div>\n<\/div>\n\n\n<div class=\"exhibition\">\n\n<div class=\"exhibition_box\">\n<div class=\"exhibition_img\"><img decoding=\"async\" src=\"https:\/\/schronienie.mng.gda.pl\/schronienie\/wp-content\/uploads\/Shelter-IG-wystawa-foto-Erle-291x291.jpg\" alt=\"\" class=\"round_20\"><\/div>\n<div class=\"exhibition_text\">\n<a href=\"https:\/\/schronienie.mng.gda.pl\/schronienie\/exhibitions\/wystawa-erle-kyllingmark\/\"><h3>Wystawa \u201eMiejsca poza\/Miejsca w nas | Beyond\/Within\u201d Erle Kyllingmark<\/h3><\/a>\nWystawa fotograficzna \u201eMiejsca poza\/Miejsca w nas | Beyond\/Within\u201d norweskiej artystki Erle Kyllingmark<\/div>\n<\/div>\n<\/div>\n\n\n<div class=\"exhibition\">\n\n<div class=\"exhibition_box\">\n<div class=\"exhibition_img\"><img decoding=\"async\" src=\"https:\/\/schronienie.mng.gda.pl\/schronienie\/wp-content\/uploads\/Shelter-IG_przywidz-291x291.jpg\" alt=\"\" class=\"round_20\"><\/div>\n<div class=\"exhibition_text\">\n<a href=\"https:\/\/schronienie.mng.gda.pl\/schronienie\/exhibitions\/wystawa-dysonans\/\"><h3>Wystawa &#8220;Dysonans&#8221;<\/h3><\/a>\nMultimedialna wystawa fotografii \u201eDysonans\u201d student\u00f3w Akademii Sztuk Pi\u0119knych w Gda\u0144sku<\/div>\n<\/div>\n<\/div>\n\n\n<div class=\"exhibition\">\n\n<div class=\"exhibition_box\">\n<div class=\"exhibition_img\"><img decoding=\"async\" src=\"https:\/\/schronienie.mng.gda.pl\/schronienie\/wp-content\/uploads\/Shelter-IG-ostoje-291x291.jpg\" alt=\"\" class=\"round_20\"><\/div>\n<div class=\"exhibition_text\">\n<a href=\"https:\/\/schronienie.mng.gda.pl\/schronienie\/exhibitions\/wystawa-ostoje\/\"><h3>Wystawa &#8220;Ostoje. Etno x Foto ASP GDA&#8221;<\/h3><\/a>\nKola\u017ce stworzone z archiwalnych materia\u0142\u00f3w Oddzia\u0142u Etnografii Muzeum Narodowego w Gda\u0144sku przez student\u00f3w fotografii Wydzia\u0142u Rze\u017aby i Intermedi\u00f3w Akademii Sztuk Pi\u0119knych w Gda\u0144sku.<\/div>\n<\/div>\n<\/div>\n\n\n\n\n\n\n\n\n\n\n\n","protected":false},"excerpt":{"rendered":"","protected":false},"author":1,"featured_media":9271,"parent":0,"menu_order":0,"comment_status":"closed","ping_status":"closed","template":"page-templates\/template-inner-page.php","meta":{"inline_featured_image":false,"footnotes":"","_links_to":"","_links_to_target":""},"class_list":["post-16","page","type-page","status-publish","has-post-thumbnail","hentry"],"acf":[],"_links":{"self":[{"href":"https:\/\/schronienie.mng.gda.pl\/schronienie\/wp-json\/wp\/v2\/pages\/16","targetHints":{"allow":["GET"]}}],"collection":[{"href":"https:\/\/schronienie.mng.gda.pl\/schronienie\/wp-json\/wp\/v2\/pages"}],"about":[{"href":"https:\/\/schronienie.mng.gda.pl\/schronienie\/wp-json\/wp\/v2\/types\/page"}],"author":[{"embeddable":true,"href":"https:\/\/schronienie.mng.gda.pl\/schronienie\/wp-json\/wp\/v2\/users\/1"}],"replies":[{"embeddable":true,"href":"https:\/\/schronienie.mng.gda.pl\/schronienie\/wp-json\/wp\/v2\/comments?post=16"}],"version-history":[{"count":5,"href":"https:\/\/schronienie.mng.gda.pl\/schronienie\/wp-json\/wp\/v2\/pages\/16\/revisions"}],"predecessor-version":[{"id":4503,"href":"https:\/\/schronienie.mng.gda.pl\/schronienie\/wp-json\/wp\/v2\/pages\/16\/revisions\/4503"}],"wp:featuredmedia":[{"embeddable":true,"href":"https:\/\/schronienie.mng.gda.pl\/schronienie\/wp-json\/wp\/v2\/media\/9271"}],"wp:attachment":[{"href":"https:\/\/schronienie.mng.gda.pl\/schronienie\/wp-json\/wp\/v2\/media?parent=16"}],"curies":[{"name":"wp","href":"https:\/\/api.w.org\/{rel}","templated":true}]}}