{"id":14,"date":"2023-07-07T05:57:20","date_gmt":"2023-07-07T05:57:20","guid":{"rendered":"https:\/\/schronienie.mng.gda.pl\/schronienie\/?page_id=14"},"modified":"2024-03-01T15:21:13","modified_gmt":"2024-03-01T15:21:13","slug":"kulinaria","status":"publish","type":"page","link":"https:\/\/schronienie.mng.gda.pl\/schronienie\/kulinaria\/","title":{"rendered":"Kulinaria"},"content":{"rendered":"\n<p><\/p>\n\n\n\n    \n    <div class=\"map_box_new1\">\n\n    <div class=\"culinary_info\">\n                    <div class=\"culinary_img\"><img decoding=\"async\" src=\"https:\/\/schronienie.mng.gda.pl\/schronienie\/wp-content\/uploads\/Shelter-IG_miejsce-przy-stole-355x378.jpg\" alt=\"\"><\/div>\n                    <div class=\"culinary_text\">\n                        <a href=\"https:\/\/schronienie.mng.gda.pl\/schronienie\/culinary\/dla-ciebie-zawsze-jestmiejsce-przy-naszym-stole\/\"> <h3>Dla Ciebie zawsze jest miejsce przy naszym stole<\/h3> <\/a>\n                        Program \u201eDla Ciebie zawsze jest miejsce przy naszym stole\u201d zaprezentowa\u0142 kultur\u0119 kulinarn\u0105 wsp\u00f3\u0142czesnych osadnik\u00f3w, imigrant\u00f3w przyby\u0142ych do Polski w XXI wieku. Prezentacja odby\u0142a si\u0119 poprzez warsztaty, rozmow\u0119, opowie\u015b\u0107. Uczestnikami warsztat\u00f3w byli zar\u00f3wno mieszka\u0144cy Tr\u00f3jmiasta, jak i tury\u015bci.                    <\/div>\n                <\/div>\n\n\n    <div class=\"row\">\n        <div class=\"col-xxl-6 col-xl-12 col-lg-12 col-md-12 col-sm-12\">\n        <img decoding=\"async\" src=\"https:\/\/schronienie.mng.gda.pl\/schronienie\/wp-content\/uploads\/2023\/07\/map_new.jpg\" alt=\"\" class=\"img_all map_top\">\n        <\/div>\n\n        <div class=\"col-xxl-6 col-xl-12 col-lg-12 col-md-12 col-sm-12\">\n           \n            \n                <div class=\"map_link1\">\n                            <ul>\n                                                                    \n                                    <li><a href=\"https:\/\/schronienie.mng.gda.pl\/schronienie\/culinary\/turcja\/\"> <img decoding=\"async\" src=\"https:\/\/schronienie.mng.gda.pl\/schronienie\/wp-content\/uploads\/2023\/09\/turcja.png\" alt=\"\"> Turcja<\/a> <\/li>\n\n                                                                \n                                    <li><a href=\"https:\/\/schronienie.mng.gda.pl\/schronienie\/culinary\/iran\/\"> <img decoding=\"async\" src=\"https:\/\/schronienie.mng.gda.pl\/schronienie\/wp-content\/uploads\/2023\/07\/Flag_of_Iraq-1-18.png\" alt=\"\"> Iran<\/a> <\/li>\n\n                                                                \n                                    <li><a href=\"https:\/\/schronienie.mng.gda.pl\/schronienie\/culinary\/czeczenia\/\"> <img decoding=\"async\" src=\"https:\/\/schronienie.mng.gda.pl\/schronienie\/wp-content\/uploads\/2023\/07\/Flag_of_Iraq-1-1-1.png\" alt=\"\"> Czeczenia<\/a> <\/li>\n\n                                                                \n                                    <li><a href=\"https:\/\/schronienie.mng.gda.pl\/schronienie\/culinary\/ukraina\/\"> <img decoding=\"async\" src=\"https:\/\/schronienie.mng.gda.pl\/schronienie\/wp-content\/uploads\/2023\/07\/Flag_of_Iraq-1-2-1.png\" alt=\"\"> Ukraina<\/a> <\/li>\n\n                                                                \n                                    <li><a href=\"https:\/\/schronienie.mng.gda.pl\/schronienie\/culinary\/uzbekistan\/\"> <img decoding=\"async\" src=\"https:\/\/schronienie.mng.gda.pl\/schronienie\/wp-content\/uploads\/2023\/07\/Flag_of_Iraq-1-3-1.png\" alt=\"\"> Uzbekistan<\/a> <\/li>\n\n                                                                \n                                    <li><a href=\"https:\/\/schronienie.mng.gda.pl\/schronienie\/culinary\/irak\/\"> <img decoding=\"async\" src=\"https:\/\/schronienie.mng.gda.pl\/schronienie\/wp-content\/uploads\/2023\/07\/Flag_of_Iraq-1-9-1.png\" alt=\"\"> Irak<\/a> <\/li>\n\n                                                                \n                                    <li><a href=\"https:\/\/schronienie.mng.gda.pl\/schronienie\/culinary\/nigeria\/\"> <img decoding=\"async\" src=\"https:\/\/schronienie.mng.gda.pl\/schronienie\/wp-content\/uploads\/2023\/07\/Flag_of_Iraq-1-4-1.png\" alt=\"\"> Nigeria<\/a> <\/li>\n\n                                                                \n                                    <li><a href=\"https:\/\/schronienie.mng.gda.pl\/schronienie\/culinary\/peru\/\"> <img decoding=\"async\" src=\"https:\/\/schronienie.mng.gda.pl\/schronienie\/wp-content\/uploads\/2023\/07\/Flag_of_Iraq-1-5-1.png\" alt=\"\"> Peru<\/a> <\/li>\n\n                                                                \n                                    <li><a href=\"https:\/\/schronienie.mng.gda.pl\/schronienie\/culinary\/afganistan\/\"> <img decoding=\"async\" src=\"https:\/\/schronienie.mng.gda.pl\/schronienie\/wp-content\/uploads\/2023\/07\/Flag_of_Iraq-1-6-1.png\" alt=\"\"> Afganistan<\/a> <\/li>\n\n                                                                \n                                    <li><a href=\"https:\/\/schronienie.mng.gda.pl\/schronienie\/culinary\/izrael\/\"> <img decoding=\"async\" src=\"https:\/\/schronienie.mng.gda.pl\/schronienie\/wp-content\/uploads\/2023\/07\/Flag_of_Iraq-1-7-1.png\" alt=\"\"> Izrael<\/a> <\/li>\n\n                                \n                            <\/ul>\n                <\/div>\n\n                      \n        <\/div>\n    <\/div>\n<\/div>\n\n\n\n    <div class=\"map_box_new\">\n        <ul class=\"row\" role=\"list\">\n<li class=\"col-xxl-6 col-xl-6 col-lg-12 col-md-12 col-sm-12 main_sec\">\n<div class=\"map_box1_new main_sec_box\">\n<div class=\"culinary_info_new\">\n<div class=\"culinary_img_new\"> <img decoding=\"async\" src=\"https:\/\/schronienie.mng.gda.pl\/schronienie\/wp-content\/uploads\/Shelter-IG_potyczki-kulinarne-320x320.jpg\" alt=\"\"><\/div>\n<div class=\"culinary_text1\">\n    <a href=\"https:\/\/schronienie.mng.gda.pl\/schronienie\/culinary\/festiwal-kuchenne-potyczki\/\">\n<h3>Potyczki kulinarne: ciep\u0142o\/zimno<\/h3> <\/a>\nWarsztaty kulinarne pod has\u0142em CIEP\u0141O\/ZIMNO. Pachn\u0105ce dymem dania z warzyw pieczone na \u017cywym ogniu oraz ch\u0142odniki i mro\u017cony deser na gor\u0105ce lato. <\/div>\n<\/div>\n<\/div>\n<\/li>\n\n<li class=\"col-xxl-6 col-xl-6 col-lg-12 col-md-12 col-sm-12 main_sec\">\n<div class=\"map_box1_new main_sec_box\">\n<div class=\"culinary_info_new\">\n<div class=\"culinary_img_new\"> <img decoding=\"async\" src=\"https:\/\/schronienie.mng.gda.pl\/schronienie\/wp-content\/uploads\/Shelter-IG_Kucia-1-320x320.jpg\" alt=\"\"><\/div>\n<div class=\"culinary_text1\">\n    <a href=\"https:\/\/schronienie.mng.gda.pl\/schronienie\/culinary\/festiwal-smakow\/\">\n<h3>Festiwal Smak\u00f3w &#8220;Zwijamy si\u0119!&#8221;<\/h3> <\/a>\nZalety kuchni ro\u015blinnej. O jej r\u00f3\u017cnorodno\u015bci i niebywa\u0142ych smakach!<\/div>\n<\/div>\n<\/div>\n<\/li>\n\n\n<\/ul>\n    <\/div>\n\n\n\n\n","protected":false},"excerpt":{"rendered":"","protected":false},"author":1,"featured_media":9470,"parent":0,"menu_order":0,"comment_status":"closed","ping_status":"closed","template":"page-templates\/template-inner-page.php","meta":{"inline_featured_image":false,"footnotes":"","_links_to":"","_links_to_target":""},"class_list":["post-14","page","type-page","status-publish","has-post-thumbnail","hentry"],"acf":[],"_links":{"self":[{"href":"https:\/\/schronienie.mng.gda.pl\/schronienie\/wp-json\/wp\/v2\/pages\/14","targetHints":{"allow":["GET"]}}],"collection":[{"href":"https:\/\/schronienie.mng.gda.pl\/schronienie\/wp-json\/wp\/v2\/pages"}],"about":[{"href":"https:\/\/schronienie.mng.gda.pl\/schronienie\/wp-json\/wp\/v2\/types\/page"}],"author":[{"embeddable":true,"href":"https:\/\/schronienie.mng.gda.pl\/schronienie\/wp-json\/wp\/v2\/users\/1"}],"replies":[{"embeddable":true,"href":"https:\/\/schronienie.mng.gda.pl\/schronienie\/wp-json\/wp\/v2\/comments?post=14"}],"version-history":[{"count":63,"href":"https:\/\/schronienie.mng.gda.pl\/schronienie\/wp-json\/wp\/v2\/pages\/14\/revisions"}],"predecessor-version":[{"id":9508,"href":"https:\/\/schronienie.mng.gda.pl\/schronienie\/wp-json\/wp\/v2\/pages\/14\/revisions\/9508"}],"wp:featuredmedia":[{"embeddable":true,"href":"https:\/\/schronienie.mng.gda.pl\/schronienie\/wp-json\/wp\/v2\/media\/9470"}],"wp:attachment":[{"href":"https:\/\/schronienie.mng.gda.pl\/schronienie\/wp-json\/wp\/v2\/media?parent=14"}],"curies":[{"name":"wp","href":"https:\/\/api.w.org\/{rel}","templated":true}]}}