{"id":10,"date":"2023-07-07T05:54:50","date_gmt":"2023-07-07T05:54:50","guid":{"rendered":"https:\/\/schronienie.mng.gda.pl\/schronienie\/?page_id=10"},"modified":"2023-08-29T09:45:50","modified_gmt":"2023-08-29T09:45:50","slug":"dzialania","status":"publish","type":"page","link":"https:\/\/schronienie.mng.gda.pl\/schronienie\/dzialania\/","title":{"rendered":"Dzia\u0142ania"},"content":{"rendered":"\n\n\n<div class=\"educate\">\n\n             \n\n                                        <ul class=\"row\" role=\"list\">\n\n                                  \n                                                <li class=\"col-xxl-6 col-xl-6 col-lg-6 col-md-12 col-sm-12 main_sec\">\n                                                <div class=\"educate_box1 main_sec_box\">\n                                                <div class=\"educate_img1\"><img decoding=\"async\" src=\"https:\/\/schronienie.mng.gda.pl\/schronienie\/wp-content\/uploads\/Shelter-IG_cztery-zywioly-392x392.jpg\" alt=\"\" class=\"img_all\"><\/div>\n                                                <div class=\"educate_text\">\n                                                <a href=\"https:\/\/schronienie.mng.gda.pl\/schronienie\/culinary\/kuliaria-tytul\/\"><h3>kulinaria<\/h3><\/a>\n                                                 <\/div>\n                                                <\/div>\n\n                                                <\/li>\n                                                \n                                                <li class=\"col-xxl-6 col-xl-6 col-lg-6 col-md-12 col-sm-12 main_sec\">\n                                                <div class=\"educate_box1 main_sec_box\">\n                                                <div class=\"educate_img1\"><img decoding=\"async\" src=\"https:\/\/schronienie.mng.gda.pl\/schronienie\/wp-content\/uploads\/2023\/08\/zajawki-IG-i-FB-torby-ze-sznurka-392x392.jpg\" alt=\"\" class=\"img_all\"><\/div>\n                                                <div class=\"educate_text\">\n                                                <a href=\"https:\/\/schronienie.mng.gda.pl\/schronienie\/wyksztalcenie\/makatki-na-krosnie\/\"><h3>Makatki na kro\u015bnie<\/h3><\/a>\n                                                Podczas warsztat\u00f3w pracowali\u015bmy na drewnianych krosnach do tkania. Poznali\u015bmy proste sposoby na oplatanie nitki wok\u00f3\u0142 osnowy. Bawili\u015bmy si\u0119 fakturami, grubo\u015bciami splot\u00f3w i kolorem, wykorzystali\u015bmy w\u0142\u00f3czki o naturalnym sk\u0142adzie. <\/div>\n                                                <\/div>\n\n                                                <\/li>\n                                                \n                                                <li class=\"col-xxl-6 col-xl-6 col-lg-6 col-md-12 col-sm-12 main_sec\">\n                                                <div class=\"educate_box1 main_sec_box\">\n                                                <div class=\"educate_img1\"><img decoding=\"async\" src=\"https:\/\/schronienie.mng.gda.pl\/schronienie\/wp-content\/uploads\/Shelter-IG_wystawa-392x392.jpg\" alt=\"\" class=\"img_all\"><\/div>\n                                                <div class=\"educate_text\">\n                                                <a href=\"https:\/\/schronienie.mng.gda.pl\/schronienie\/wyksztalcenie\/raport-z-dzialan-proekologicznych\/\"><h3>Raport z dzia\u0142a\u0144 proekologicznych<\/h3><\/a>\n                                                 <\/div>\n                                                <\/div>\n\n                                                <\/li>\n                                                \n                                                <li class=\"col-xxl-6 col-xl-6 col-lg-6 col-md-12 col-sm-12 main_sec\">\n                                                <div class=\"educate_box1 main_sec_box\">\n                                                <div class=\"educate_img1\"><img decoding=\"async\" src=\"https:\/\/schronienie.mng.gda.pl\/schronienie\/wp-content\/uploads\/Shelter-IG_wystawa-392x392.jpg\" alt=\"\" class=\"img_all\"><\/div>\n                                                <div class=\"educate_text\">\n                                                <a href=\"https:\/\/schronienie.mng.gda.pl\/schronienie\/exhibitions\/wystawa-schronienie-dobrostan\/\"><h3>Wystawa &#8220;Schronienie: dobrostan&#8221;<\/h3><\/a>\n                                                Wystawa \u201eSchronienie: dobrostan\u201d jest podsumowaniem dwuletniego mi\u0119dzynarodowego projektu artystyczno-edukacyjnego \u201eSchronienie \u2013 klimat, migracje, dziedzictwo\u201d. Jest to pr\u00f3ba utworzenia otwartej i kreatywnej przestrzeni, kt\u00f3ra \u0142\u0105czy \u015bwiat kultury ze \u015bwiatem natury, \u015bwiat ludzi ze \u015bwiatem istot nie-ludzkich \u2013 ro\u015blin i zwierz\u0105t, \u015bwiat nauki ze \u015bwiatem sztuki. To opowie\u015b\u0107 o dziedzictwie kulturowym i naturalnym oraz o zmianach klimatycznych i poszukiwaniu metod reagowania na nie, opartych na wiedzy dawnych pokole\u0144, wsp\u00f3\u0142czesnej nauce, sztuce i edukacji. To tak\u017ce opowie\u015b\u0107 tym, co nas \u0142\u0105czy w wielokulturowym \u015bwiecie \u2013 o spotkaniu przy wsp\u00f3lnym stole.\nSercem projektu jest interdyscyplinarna tw\u00f3rcza wsp\u00f3\u0142praca. Scenariusz wystawy powsta\u0142 dzi\u0119ki wsp\u00f3\u0142pracy z Partnerami Projektu z Norwegii, Islandii i Polski oraz wsparciu merytorycznemu badaczek z Uniwersytetu im. Adama Mickiewicza w Poznaniu. <\/div>\n                                                <\/div>\n\n                                                <\/li>\n                                                \n                                                <li class=\"col-xxl-6 col-xl-6 col-lg-6 col-md-12 col-sm-12 main_sec\">\n                                                <div class=\"educate_box1 main_sec_box\">\n                                                <div class=\"educate_img1\"><img decoding=\"async\" src=\"https:\/\/schronienie.mng.gda.pl\/schronienie\/wp-content\/uploads\/Shelter-IG_wystawa-392x392.jpg\" alt=\"\" class=\"img_all\"><\/div>\n                                                <div class=\"educate_text\">\n                                                <a href=\"https:\/\/schronienie.mng.gda.pl\/schronienie\/exhibitions\/wirtualny-spacer\/\"><h3>Wirtualny spacer<\/h3><\/a>\n                                                Wirtualny spacer po wystawie &#8220;Schronienie: dobrostan&#8221; <\/div>\n                                                <\/div>\n\n                                                <\/li>\n                                                \n                                                <li class=\"col-xxl-6 col-xl-6 col-lg-6 col-md-12 col-sm-12 main_sec\">\n                                                <div class=\"educate_box1 main_sec_box\">\n                                                <div class=\"educate_img1\"><img decoding=\"async\" src=\"https:\/\/schronienie.mng.gda.pl\/schronienie\/wp-content\/uploads\/Shelter-IG-wystawa-foto-Erle-392x392.jpg\" alt=\"\" class=\"img_all\"><\/div>\n                                                <div class=\"educate_text\">\n                                                <a href=\"https:\/\/schronienie.mng.gda.pl\/schronienie\/exhibitions\/wystawa-erle-kyllingmark\/\"><h3>Wystawa \u201eMiejsca poza\/Miejsca w nas | Beyond\/Within\u201d Erle Kyllingmark<\/h3><\/a>\n                                                Wystawa fotograficzna \u201eMiejsca poza\/Miejsca w nas | Beyond\/Within\u201d norweskiej artystki Erle Kyllingmark <\/div>\n                                                <\/div>\n\n                                                <\/li>\n                                                \n\n\n\n                                        <\/ul>\n                                        <\/div>  \n\n    <div class=\"wrap-pagination\">\n\t\t\t\t\t\t\t\t\t\t\t\t\t\t\t\t \n                                                                  <nav aria-label=\"Nawigacja po stronie\">\n\t\t\t\n\t\t\t<ul class=\"pagination\"><li class=\"page-item\"><span class=\"but_next page-link no_bg previous empty\"><img decoding=\"async\" src=\"https:\/\/schronienie.mng.gda.pl\/schronienie\/wp-content\/themes\/schronienie\/images\/page_left.svg\" alt=\"wi\u0119cej\"><\/span><\/li><li class=\"page-item\"><span aria-current=\"page\" class=\"page-link  active\">1<\/span><\/li><li class=\"page-item\"><a class=\"page-link\" aria-label=\"2. strona dzialania\"  href=\"https:\/\/schronienie.mng.gda.pl\/schronienie\/wp-json\/wp\/v2\/pages\/10\/page\/2\/\">2<\/a><\/li><li class=\"page-item\"><a class=\"page-link\" aria-label=\"3. strona dzialania\"  href=\"https:\/\/schronienie.mng.gda.pl\/schronienie\/wp-json\/wp\/v2\/pages\/10\/page\/3\/\">3<\/a><\/li><li class=\"page-item\"><a class=\"no_bg page-link but_next\" aria-label=\"Nast\u0119pna strona dzialania\" href=\"https:\/\/schronienie.mng.gda.pl\/schronienie\/wp-json\/wp\/v2\/pages\/10\/page\/3\/\">&#8230;<\/a><\/li><li class=\"page-item\"><a class=\"page-link\" aria-label=\"15. strona dzialania\"  href=\"https:\/\/schronienie.mng.gda.pl\/schronienie\/wp-json\/wp\/v2\/pages\/10\/page\/15\/\">15<\/a><\/li><li class=\"page-item\"><a class=\"no_bg page-link but_next\" aria-label=\"Nast\u0119pna strona dzialania\" href=\"https:\/\/schronienie.mng.gda.pl\/schronienie\/wp-json\/wp\/v2\/pages\/10\/page\/2\/\"><img decoding=\"async\" src=\"https:\/\/schronienie.mng.gda.pl\/schronienie\/wp-content\/themes\/schronienie\/images\/page_right.svg\" alt=\"wi\u0119cej\"><\/a><\/li><\/ul>\n\n\t\t<\/nav>                               <\/div>\n                            \n","protected":false},"excerpt":{"rendered":"","protected":false},"author":1,"featured_media":0,"parent":0,"menu_order":0,"comment_status":"closed","ping_status":"closed","template":"page-templates\/template-inner-page.php","meta":{"inline_featured_image":false,"footnotes":"","_links_to":"","_links_to_target":""},"class_list":["post-10","page","type-page","status-publish","hentry"],"acf":[],"_links":{"self":[{"href":"https:\/\/schronienie.mng.gda.pl\/schronienie\/wp-json\/wp\/v2\/pages\/10","targetHints":{"allow":["GET"]}}],"collection":[{"href":"https:\/\/schronienie.mng.gda.pl\/schronienie\/wp-json\/wp\/v2\/pages"}],"about":[{"href":"https:\/\/schronienie.mng.gda.pl\/schronienie\/wp-json\/wp\/v2\/types\/page"}],"author":[{"embeddable":true,"href":"https:\/\/schronienie.mng.gda.pl\/schronienie\/wp-json\/wp\/v2\/users\/1"}],"replies":[{"embeddable":true,"href":"https:\/\/schronienie.mng.gda.pl\/schronienie\/wp-json\/wp\/v2\/comments?post=10"}],"version-history":[{"count":3,"href":"https:\/\/schronienie.mng.gda.pl\/schronienie\/wp-json\/wp\/v2\/pages\/10\/revisions"}],"predecessor-version":[{"id":4500,"href":"https:\/\/schronienie.mng.gda.pl\/schronienie\/wp-json\/wp\/v2\/pages\/10\/revisions\/4500"}],"wp:attachment":[{"href":"https:\/\/schronienie.mng.gda.pl\/schronienie\/wp-json\/wp\/v2\/media?parent=10"}],"curies":[{"name":"wp","href":"https:\/\/api.w.org\/{rel}","templated":true}]}}