{"id":6748,"date":"2023-07-07T05:58:31","date_gmt":"2023-07-07T05:58:31","guid":{"rendered":"https:\/\/schronienie.mng.gda.pl\/schronienie\/wydarzenia-kulturalne\/"},"modified":"2023-08-31T16:26:36","modified_gmt":"2023-08-31T16:26:36","slug":"wydarzenia-kulturalne","status":"publish","type":"page","link":"https:\/\/schronienie.mng.gda.pl\/schronienie\/en\/wydarzenia-kulturalne\/","title":{"rendered":"Events"},"content":{"rendered":"\n  \n<div class=\"all_new_blue_box\">\n<div class=\"culinary_info\">\n<div class=\"culinary_img\"><img decoding=\"async\" src=\"https:\/\/schronienie.mng.gda.pl\/schronienie\/wp-content\/uploads\/Shelter-IG_etnomatograf-1-320x320.jpg\" alt=\"\" class=\"round_img_30\"><\/div>\n<div class=\"culinary_text1\">\n<a href=\"https:\/\/schronienie.mng.gda.pl\/schronienie\/en\/events\/festiwal-etnomatograf\/\"><h3>Ethnomatograph festival<\/h3><\/a>\nAenean faucibus nibh et justo cursus id rutrum lorem imperdiet. Nunc ut sem vitae risus tristique posuere.<br>\n<\/div>\n<\/div>\n<\/div>\n\n\n<div class=\"all_new_blue_box\">\n<div class=\"culinary_info\">\n<div class=\"culinary_img\"><img decoding=\"async\" src=\"https:\/\/schronienie.mng.gda.pl\/schronienie\/wp-content\/uploads\/2023\/07\/zajawki-IG-i-FB_emiGRACJE.jpeg\" alt=\"\" class=\"round_img_30\"><\/div>\n<div class=\"culinary_text1\">\n<a href=\"https:\/\/schronienie.mng.gda.pl\/schronienie\/en\/events\/emigracjethe-shelter-emigracje-emigraceful\/\"><h3>emiGracje<\/h3><\/a>\nThe intention of this cycle of meeting was to include women immigrants and refugees living in Gda\u0144sk in integration activities.<br>\n<\/div>\n<\/div>\n<\/div>\n\n\n<div class=\"space_60\"><\/div>\n\n\n<div class=\"koncerty\">\n<h2>Concerts<\/h2>\n\n    \n<div class=\"all_new_blue_box\">\n<div class=\"culinary_info\">\n<div class=\"culinary_img\"><img decoding=\"async\" src=\"https:\/\/schronienie.mng.gda.pl\/schronienie\/wp-content\/uploads\/Shelter-IG-florian-320x320.jpeg\" alt=\"\" class=\"round_img_30\"><\/div>\n<div class=\"culinary_text1\">\n<a href=\"https:\/\/schronienie.mng.gda.pl\/schronienie\/en\/events\/koncert-pantarhei-koncert-i-instalacja-dzwiekowa\/\"><h3>The Shelter SITE SPECIFIC<\/h3><\/a>\nThe unique <span lang=\"fr\">Panta Rhei<\/span>\u00a0project, consisting of a sound installation and a concert on the ground floor of the Ethnography Department. <br>\n\n<\/div>\n<\/div>\n<\/div>\n\n\n\n<\/div>\n\n\n\n<div class=\"koncerty\">\n<h2>House chamber concerts<\/h2>\n\n    \n<div class=\"all_new_blue_box\">\n<div class=\"culinary_info\">\n<div class=\"culinary_img\"><img decoding=\"async\" src=\"https:\/\/schronienie.mng.gda.pl\/schronienie\/wp-content\/uploads\/Shelter-IG_koncert-320x320.jpg\" alt=\"\" class=\"round_img_30\"><\/div>\n<div class=\"culinary_text1\">\n<a href=\"https:\/\/schronienie.mng.gda.pl\/schronienie\/en\/events\/streamingowany-koncert-muzyki-polsko-zydowskiej-arto-piano-trio\/\"><h3>Streamed Polish\/Jewish music concert | Arto Piano Trio<\/h3><\/a>\nMotywem przewodnim koncertu by\u0142o zagadnienie migracji, schronienia i dziedzictwa.\u00a0<br>\n\n<\/div>\n<\/div>\n<\/div>\n\n<div class=\"all_new_blue_box\">\n<div class=\"culinary_info\">\n<div class=\"culinary_img\"><img decoding=\"async\" src=\"https:\/\/schronienie.mng.gda.pl\/schronienie\/wp-content\/uploads\/Shelter-IG_koncert-320x320.jpg\" alt=\"\" class=\"round_img_30\"><\/div>\n<div class=\"culinary_text1\">\n<a href=\"https:\/\/schronienie.mng.gda.pl\/schronienie\/en\/events\/streamingowany-koncert-muzyki-norweskiej-arto-piano-trio\/\"><h3>Streamed Norwegian music concert | Arto Piano Trio<\/h3><\/a>\nEdward Grieg znany jest g\u0142\u00f3wnie ze swoich dzie\u0142 na orkiestr\u0119, pie\u015bni oraz szeregu miniatur fortepianowych. Dzie\u0142a kameralne stanowi\u0105 skromn\u0105 cz\u0119\u015b\u0107 jego tw\u00f3rczo\u015bci. <br>\n\n<\/div>\n<\/div>\n<\/div>\n\n<div class=\"all_new_blue_box\">\n<div class=\"culinary_info\">\n<div class=\"culinary_img\"><img decoding=\"async\" src=\"https:\/\/schronienie.mng.gda.pl\/schronienie\/wp-content\/uploads\/Shelter-IG_koncert-320x320.jpg\" alt=\"\" class=\"round_img_30\"><\/div>\n<div class=\"culinary_text1\">\n<a href=\"https:\/\/schronienie.mng.gda.pl\/schronienie\/en\/events\/streamingowany-koncert-muzyki-islandzkiej-arto-piano-trio\/\"><h3>Streamed Icelandic music concert | Arto Piano Trio<\/h3><\/a>\nOstatni z cyklu trzech koncert\u00f3w po\u015bwi\u0119cony zosta\u0142 tw\u00f3rczo\u015bci kompozytor\u00f3w islandzkich. W wykonaniu Arto Piano Trio zabrzmia\u0142y dwie ma\u0142o znane kompozycje<br>\n\n<\/div>\n<\/div>\n<\/div>\n\n\n\n<\/div>\n\n\n\n<div class=\"koncerty\">\n<h2>Ethnoseunsual<\/h2>\n\n    \n<div class=\"all_new_blue_box\">\n<div class=\"culinary_info\">\n<div class=\"culinary_img\"><img decoding=\"async\" src=\"https:\/\/schronienie.mng.gda.pl\/schronienie\/wp-content\/uploads\/2023\/07\/Shelter-IG_etnosensulani_obrazki3-320x320.jpg\" alt=\"\" class=\"round_img_30\"><\/div>\n<div class=\"culinary_text1\">\n<a href=\"https:\/\/schronienie.mng.gda.pl\/schronienie\/en\/events\/the-ethnosensual-an-encounter-with-art-workshops\/\"><h3>The Ethnosensual: \u201cAn Encounter with Art\u201d workshops<\/h3><\/a>\n<br>\n\n<\/div>\n<\/div>\n<\/div>\n\n<div class=\"all_new_blue_box\">\n<div class=\"culinary_info\">\n<div class=\"culinary_img\"><img decoding=\"async\" src=\"https:\/\/schronienie.mng.gda.pl\/schronienie\/wp-content\/uploads\/2023\/07\/Shelter-IG_etnosensulani_obrazki-320x320.jpg\" alt=\"\" class=\"round_img_30\"><\/div>\n<div class=\"culinary_text1\">\n<a href=\"https:\/\/schronienie.mng.gda.pl\/schronienie\/en\/events\/the-ethnosensual-forest-of-voices-workshops-with-singing-16\/\"><h3>The Ethnosensual: Forest of Voices | workshops with singing, 16+<\/h3><\/a>\n<br>\n\n<\/div>\n<\/div>\n<\/div>\n\n<div class=\"all_new_blue_box\">\n<div class=\"culinary_info\">\n<div class=\"culinary_img\"><img decoding=\"async\" src=\"https:\/\/schronienie.mng.gda.pl\/schronienie\/wp-content\/uploads\/2023\/07\/Shelter-IG_sonora-320x320.jpg\" alt=\"\" class=\"round_img_30\"><\/div>\n<div class=\"culinary_text1\">\n<a href=\"https:\/\/schronienie.mng.gda.pl\/schronienie\/en\/events\/the-ethnosensual-music-therapy-workshop-with-sonora-sound-tube\/\"><h3>The Ethnosensual: music therapy workshop with Sonora Sound Tube<\/h3><\/a>\n<br>\n\n<\/div>\n<\/div>\n<\/div>\n\n<div class=\"all_new_blue_box\">\n<div class=\"culinary_info\">\n<div class=\"culinary_img\"><img decoding=\"async\" src=\"https:\/\/schronienie.mng.gda.pl\/schronienie\/wp-content\/uploads\/2023\/07\/Shelter-IG_etnosensulani_obrazki4-320x320.jpg\" alt=\"\" class=\"round_img_30\"><\/div>\n<div class=\"culinary_text1\">\n<a href=\"https:\/\/schronienie.mng.gda.pl\/schronienie\/en\/events\/plener-rzezbiarski-ptaki-w-ogrodzie\/\"><h3>The Ethnosensual: \u201cBirds in a Garden\u201d plein-air sculpting workshop<\/h3><\/a>\nLudowe warsztaty arteterapeutyczne podczas pleneru rze\u017abiarskiego \u201ePtaki w ogrodzie\u201d z cyklu \u201eEtnosensualni\u201d.<br>\n\n<\/div>\n<\/div>\n<\/div>\n\n\n\n<\/div>\n\n\n\n<div class=\"koncerty\">\n<h2>Multicultural dances<\/h2>\n\n    \n<div class=\"all_new_blue_box\">\n<div class=\"culinary_info\">\n<div class=\"culinary_img\"><img decoding=\"async\" src=\"https:\/\/schronienie.mng.gda.pl\/schronienie\/wp-content\/uploads\/Shelter-IG-taniec-gruzinski-320x320.jpg\" alt=\"\" class=\"round_img_30\"><\/div>\n<div class=\"culinary_text1\">\n<a href=\"https:\/\/schronienie.mng.gda.pl\/schronienie\/en\/events\/georgian-version\/\"><h3>Georgian version<\/h3><\/a>\n<br>\n\n<\/div>\n<\/div>\n<\/div>\n\n<div class=\"all_new_blue_box\">\n<div class=\"culinary_info\">\n<div class=\"culinary_img\"><img decoding=\"async\" src=\"https:\/\/schronienie.mng.gda.pl\/schronienie\/wp-content\/uploads\/2023\/09\/Shelter-IG_taniec-izraelski-320x320.jpg\" alt=\"\" class=\"round_img_30\"><\/div>\n<div class=\"culinary_text1\">\n<a href=\"https:\/\/schronienie.mng.gda.pl\/schronienie\/en\/events\/multicultural-dance-israeli-dance\/\"><h3>Multicultural Dance | Israeli dance<\/h3><\/a>\n<br>\n\n<\/div>\n<\/div>\n<\/div>\n\n<div class=\"all_new_blue_box\">\n<div class=\"culinary_info\">\n<div class=\"culinary_img\"><img decoding=\"async\" src=\"https:\/\/schronienie.mng.gda.pl\/schronienie\/wp-content\/uploads\/2023\/09\/Shelter-IG_Ukraina2-320x320.jpg\" alt=\"\" class=\"round_img_30\"><\/div>\n<div class=\"culinary_text1\">\n<a href=\"https:\/\/schronienie.mng.gda.pl\/schronienie\/en\/events\/multicultural-dance-the-ukraine-scene\/\"><h3>Multicultural Dance | The Ukraine Scene<\/h3><\/a>\n<br>\n\n<\/div>\n<\/div>\n<\/div>\n\n<div class=\"all_new_blue_box\">\n<div class=\"culinary_info\">\n<div class=\"culinary_img\"><img decoding=\"async\" src=\"https:\/\/schronienie.mng.gda.pl\/schronienie\/wp-content\/uploads\/Shelter-IG_Kociewiacy-vol-2-320x320.jpg\" alt=\"\" class=\"round_img_30\"><\/div>\n<div class=\"culinary_text1\">\n<a href=\"https:\/\/schronienie.mng.gda.pl\/schronienie\/en\/events\/multicultural-dance-the-kociewie-scene\/\"><h3>Multicultural Dance | The Kociewie Scene<\/h3><\/a>\n<br>\n\n<\/div>\n<\/div>\n<\/div>\n\n<div class=\"all_new_blue_box\">\n<div class=\"culinary_info\">\n<div class=\"culinary_img\"><img decoding=\"async\" src=\"https:\/\/schronienie.mng.gda.pl\/schronienie\/wp-content\/uploads\/2023\/07\/Shelter-IG_kaszubska-potancowka-320x320.jpg\" alt=\"\" class=\"round_img_30\"><\/div>\n<div class=\"culinary_text1\">\n<a href=\"https:\/\/schronienie.mng.gda.pl\/schronienie\/en\/events\/multicultural-dance-the-kashubian-scene\/\"><h3>Multicultural Dance | The Kashubian Scene<\/h3><\/a>\n<br>\n\n<\/div>\n<\/div>\n<\/div>\n\n<div class=\"all_new_blue_box\">\n<div class=\"culinary_info\">\n<div class=\"culinary_img\"><img decoding=\"async\" src=\"https:\/\/schronienie.mng.gda.pl\/schronienie\/wp-content\/uploads\/2023\/07\/Shelter-IG_akordeon-320x320.jpg\" alt=\"\" class=\"round_img_30\"><\/div>\n<div class=\"culinary_text1\">\n<a href=\"https:\/\/schronienie.mng.gda.pl\/schronienie\/en\/events\/multicultural-dance-music-of-the-world\/\"><h3>Multicultural Dance | Music of the World<\/h3><\/a>\n<br>\n\n<\/div>\n<\/div>\n<\/div>\n\n<div class=\"all_new_blue_box\">\n<div class=\"culinary_info\">\n<div class=\"culinary_img\"><img decoding=\"async\" src=\"https:\/\/schronienie.mng.gda.pl\/schronienie\/wp-content\/uploads\/zajawki-IG-i-FB-noc-muzeow-320x320.jpg\" alt=\"\" class=\"round_img_30\"><\/div>\n<div class=\"culinary_text1\">\n<a href=\"https:\/\/schronienie.mng.gda.pl\/schronienie\/en\/events\/multicultural-dance-cech-wieloroda-guild-and-trojwiejska-society-museum-night\/\"><h3>Multicultural Dance | Cech Wielor\u00f3da Guild and Tr\u00f3jwiejska Society | MUSEUM NIGHT<\/h3><\/a>\n<br>\n\n<\/div>\n<\/div>\n<\/div>\n\n\n\n<\/div>\n\n\n\n<div class=\"koncerty\">\n<h2>Performance<\/h2>\n\n\n\n\n","protected":false},"excerpt":{"rendered":"","protected":false},"author":1,"featured_media":0,"parent":0,"menu_order":0,"comment_status":"closed","ping_status":"closed","template":"page-templates\/template-inner-page.php","meta":{"inline_featured_image":false,"footnotes":"","_links_to":"","_links_to_target":""},"class_list":["post-6748","page","type-page","status-publish","hentry"],"acf":[],"_links":{"self":[{"href":"https:\/\/schronienie.mng.gda.pl\/schronienie\/en\/wp-json\/wp\/v2\/pages\/6748","targetHints":{"allow":["GET"]}}],"collection":[{"href":"https:\/\/schronienie.mng.gda.pl\/schronienie\/en\/wp-json\/wp\/v2\/pages"}],"about":[{"href":"https:\/\/schronienie.mng.gda.pl\/schronienie\/en\/wp-json\/wp\/v2\/types\/page"}],"author":[{"embeddable":true,"href":"https:\/\/schronienie.mng.gda.pl\/schronienie\/en\/wp-json\/wp\/v2\/users\/1"}],"replies":[{"embeddable":true,"href":"https:\/\/schronienie.mng.gda.pl\/schronienie\/en\/wp-json\/wp\/v2\/comments?post=6748"}],"version-history":[{"count":1,"href":"https:\/\/schronienie.mng.gda.pl\/schronienie\/en\/wp-json\/wp\/v2\/pages\/6748\/revisions"}],"predecessor-version":[{"id":6749,"href":"https:\/\/schronienie.mng.gda.pl\/schronienie\/en\/wp-json\/wp\/v2\/pages\/6748\/revisions\/6749"}],"wp:attachment":[{"href":"https:\/\/schronienie.mng.gda.pl\/schronienie\/en\/wp-json\/wp\/v2\/media?parent=6748"}],"curies":[{"name":"wp","href":"https:\/\/api.w.org\/{rel}","templated":true}]}}