{"id":6742,"date":"2023-07-13T09:01:49","date_gmt":"2023-07-13T09:01:49","guid":{"rendered":"https:\/\/schronienie.mng.gda.pl\/schronienie\/?page_id=6742"},"modified":"2023-09-27T09:43:31","modified_gmt":"2023-09-27T09:43:31","slug":"partners","status":"publish","type":"page","link":"https:\/\/schronienie.mng.gda.pl\/schronienie\/en\/about\/partners\/","title":{"rendered":"Partners"},"content":{"rendered":"\n<p>Sentencja \u201epanta rhei&#8221; (\u201ewszystko p\u0142ynie&#8221; lub \u201ewszystko jest w ruchu&#8221;) opisuje istot\u0119 nauk greckiego filozofa Heraklita: struktura rzeczywisto\u015bci nie jest statyczna, lecz przejawia si\u0119 w ci\u0105g\u0142ym procesie tworzenia i rozpadu. Obraz rzeki jako metafory \u017cycia jest powszechnie kojarzony z t\u0105 my\u015bl\u0105. Poniewa\u017c rzeki nieustannie wp\u0142ywaj\u0105 do Ba\u0142tyku, ludzie \u017cyj\u0105cy wzd\u0142u\u017c nich do\u015bwiadczaj\u0105 ci\u0105g\u0142ego ruchu &#8211; od corocznych cykli przyrody, a\u017c po wp\u0142yw globalnego ocieplenia i globalnych kryzys\u00f3w. \u015awiadomo\u015b\u0107, \u017ce \u015bwiat &#8211; wok\u00f3\u0142 nas i wewn\u0105trz nas &#8211; jest w ci\u0105g\u0142ym poruszeniu, bez wzgl\u0119du na to, jak bardzo pragniemy stabilno\u015bci lub jak bardzo obawiamy si\u0119 zmian, pozwala nam przystosowa\u0107 si\u0119 do nowych okoliczno\u015bci i zach\u0119ca nas do opanowania nowych wyzwa\u0144.<\/p>\n\n\n\n<div style=\"height:70px\" aria-hidden=\"true\" class=\"wp-block-spacer\"><\/div>\n\n\n\n<p><\/p>\n\n\n\n<div class=\"\">\n\n\n<div class=\"partner\">\n<h2>Partnerzy projektu<\/h2>\n\n<ul class=\"row\">\n\n                  \n      \n<li class=\"col-xxl-4 col-xl-4 col-lg-4 col-md-6 col-sm-12\">\n    <a href=\"https:\/\/www.mng.gda.pl\/\" title=\"\">\n         <div class=\"partner_box\"> <img decoding=\"async\" src=\"https:\/\/schronienie.mng.gda.pl\/schronienie\/wp-content\/uploads\/2023\/07\/logo5.png\" alt=\"\"><\/div>\n    <\/a>\n<\/li>\n                  \n      \n<li class=\"col-xxl-4 col-xl-4 col-lg-4 col-md-6 col-sm-12\">\n    <a href=\"https:\/\/www.gov.pl\/web\/kultura\" title=\"\">\n         <div class=\"partner_box\"> <img decoding=\"async\" src=\"https:\/\/schronienie.mng.gda.pl\/schronienie\/wp-content\/uploads\/2023\/07\/logo6.png\" alt=\"\"><\/div>\n    <\/a>\n<\/li>\n                  \n      \n<li class=\"col-xxl-4 col-xl-4 col-lg-4 col-md-6 col-sm-12\">\n    <a href=\"https:\/\/eeagrants.org\/\" title=\"\">\n         <div class=\"partner_box\"> <img decoding=\"async\" src=\"https:\/\/schronienie.mng.gda.pl\/schronienie\/wp-content\/uploads\/2023\/07\/logo7.png\" alt=\"\"><\/div>\n    <\/a>\n<\/li>\n                  \n      \n<li class=\"col-xxl-4 col-xl-4 col-lg-4 col-md-6 col-sm-12\">\n    <a href=\"https:\/\/www.gov.pl\/web\/kultura\" title=\"\">\n         <div class=\"partner_box\"> <img decoding=\"async\" src=\"https:\/\/schronienie.mng.gda.pl\/schronienie\/wp-content\/uploads\/2023\/07\/logo6.png\" alt=\"\"><\/div>\n    <\/a>\n<\/li>\n                  \n      \n<li class=\"col-xxl-4 col-xl-4 col-lg-4 col-md-6 col-sm-12\">\n    <a href=\"https:\/\/eeagrants.org\/\" title=\"\">\n         <div class=\"partner_box\"> <img decoding=\"async\" src=\"https:\/\/schronienie.mng.gda.pl\/schronienie\/wp-content\/uploads\/2023\/07\/logo7.png\" alt=\"\"><\/div>\n    <\/a>\n<\/li>\n                  \n      \n<li class=\"col-xxl-4 col-xl-4 col-lg-4 col-md-6 col-sm-12\">\n    <a href=\"https:\/\/www.mng.gda.pl\/\" title=\"\">\n         <div class=\"partner_box\"> <img decoding=\"async\" src=\"https:\/\/schronienie.mng.gda.pl\/schronienie\/wp-content\/uploads\/2023\/07\/logo5.png\" alt=\"\"><\/div>\n    <\/a>\n<\/li>\n<\/ul>\n<\/div>\n\n<\/div>\n\n\n\n<div class=\"\">\n\n\n<div class=\"partner\">\n<h2>Wsp\u00f3\u0142praca<\/h2>\n\n<ul class=\"row\">\n\n                  \n      \n<li class=\"col-xxl-4 col-xl-4 col-lg-4 col-md-6 col-sm-12\">\n    <a href=\"https:\/\/www.gov.pl\/web\/kultura\" title=\"\">\n         <div class=\"partner_box\"> <img decoding=\"async\" src=\"https:\/\/schronienie.mng.gda.pl\/schronienie\/wp-content\/uploads\/2023\/07\/logo6.png\" alt=\"\"><\/div>\n    <\/a>\n<\/li>\n                  \n      \n<li class=\"col-xxl-4 col-xl-4 col-lg-4 col-md-6 col-sm-12\">\n    <a href=\"https:\/\/eeagrants.org\/\" title=\"\">\n         <div class=\"partner_box\"> <img decoding=\"async\" src=\"https:\/\/schronienie.mng.gda.pl\/schronienie\/wp-content\/uploads\/2023\/07\/logo7.png\" alt=\"\"><\/div>\n    <\/a>\n<\/li>\n                  \n      \n<li class=\"col-xxl-4 col-xl-4 col-lg-4 col-md-6 col-sm-12\">\n    <a href=\"https:\/\/www.mng.gda.pl\/\" title=\"\">\n         <div class=\"partner_box\"> <img decoding=\"async\" src=\"https:\/\/schronienie.mng.gda.pl\/schronienie\/wp-content\/uploads\/2023\/07\/logo5.png\" alt=\"\"><\/div>\n    <\/a>\n<\/li>\n<\/ul>\n<\/div>\n\n<\/div>\n","protected":false},"excerpt":{"rendered":"<p>Sentencja \u201epanta rhei&#8221; (\u201ewszystko p\u0142ynie&#8221; lub \u201ewszystko jest w ruchu&#8221;) opisuje istot\u0119 nauk greckiego filozofa Heraklita: struktura rzeczywisto\u015bci nie jest statyczna, lecz przejawia si\u0119 w ci\u0105g\u0142ym procesie tworzenia i rozpadu. Obraz rzeki jako metafory \u017cycia jest powszechnie kojarzony z t\u0105 my\u015bl\u0105. Poniewa\u017c rzeki nieustannie wp\u0142ywaj\u0105 do Ba\u0142tyku, ludzie \u017cyj\u0105cy wzd\u0142u\u017c nich do\u015bwiadczaj\u0105 ci\u0105g\u0142ego ruchu &#8211; [&hellip;]<\/p>\n","protected":false},"author":1,"featured_media":9386,"parent":6736,"menu_order":2,"comment_status":"closed","ping_status":"closed","template":"page-templates\/template-inner-page.php","meta":{"inline_featured_image":false,"footnotes":"","_links_to":"","_links_to_target":""},"class_list":["post-6742","page","type-page","status-publish","has-post-thumbnail","hentry"],"acf":[],"_links":{"self":[{"href":"https:\/\/schronienie.mng.gda.pl\/schronienie\/en\/wp-json\/wp\/v2\/pages\/6742","targetHints":{"allow":["GET"]}}],"collection":[{"href":"https:\/\/schronienie.mng.gda.pl\/schronienie\/en\/wp-json\/wp\/v2\/pages"}],"about":[{"href":"https:\/\/schronienie.mng.gda.pl\/schronienie\/en\/wp-json\/wp\/v2\/types\/page"}],"author":[{"embeddable":true,"href":"https:\/\/schronienie.mng.gda.pl\/schronienie\/en\/wp-json\/wp\/v2\/users\/1"}],"replies":[{"embeddable":true,"href":"https:\/\/schronienie.mng.gda.pl\/schronienie\/en\/wp-json\/wp\/v2\/comments?post=6742"}],"version-history":[{"count":3,"href":"https:\/\/schronienie.mng.gda.pl\/schronienie\/en\/wp-json\/wp\/v2\/pages\/6742\/revisions"}],"predecessor-version":[{"id":9012,"href":"https:\/\/schronienie.mng.gda.pl\/schronienie\/en\/wp-json\/wp\/v2\/pages\/6742\/revisions\/9012"}],"up":[{"embeddable":true,"href":"https:\/\/schronienie.mng.gda.pl\/schronienie\/en\/wp-json\/wp\/v2\/pages\/6736"}],"wp:featuredmedia":[{"embeddable":true,"href":"https:\/\/schronienie.mng.gda.pl\/schronienie\/en\/wp-json\/wp\/v2\/media\/9386"}],"wp:attachment":[{"href":"https:\/\/schronienie.mng.gda.pl\/schronienie\/en\/wp-json\/wp\/v2\/media?parent=6742"}],"curies":[{"name":"wp","href":"https:\/\/api.w.org\/{rel}","templated":true}]}}