{"id":6738,"date":"2023-07-13T08:59:21","date_gmt":"2023-07-13T08:59:21","guid":{"rendered":"https:\/\/schronienie.mng.gda.pl\/schronienie\/?page_id=6738"},"modified":"2023-09-08T12:06:37","modified_gmt":"2023-09-08T12:06:37","slug":"project-goal","status":"publish","type":"page","link":"https:\/\/schronienie.mng.gda.pl\/schronienie\/en\/about\/project-goal\/","title":{"rendered":"Project goal"},"content":{"rendered":"\n<h2 class=\"wp-block-heading\">O projekcie<\/h2>\n\n\n\n<p>Sentencja \u201epanta rhei&#8221; (\u201ewszystko p\u0142ynie&#8221; lub \u201ewszystko jest w ruchu&#8221;) opisuje istot\u0119 nauk greckiego filozofa Heraklita: struktura rzeczywisto\u015bci nie jest statyczna, lecz przejawia si\u0119 w ci\u0105g\u0142ym procesie tworzenia i rozpadu. Obraz rzeki jako metafory \u017cycia jest powszechnie kojarzony z t\u0105 my\u015bl\u0105.<br>Poniewa\u017c rzeki nieustannie wp\u0142ywaj\u0105 do Ba\u0142tyku, ludzie \u017cyj\u0105cy wzd\u0142u\u017c nich do\u015bwiadczaj\u0105 ci\u0105g\u0142ego ruchu &#8211; od corocznych cykli przyrody, a\u017c po wp\u0142yw globalnego ocieplenia i globalnych kryzys\u00f3w. \u015awiadomo\u015b\u0107, \u017ce \u015bwiat &#8211; wok\u00f3\u0142 nas i wewn\u0105trz nas &#8211; jest w ci\u0105g\u0142ym poruszeniu, bez wzgl\u0119du na to, jak bardzo pragniemy stabilno\u015bci lub jak bardzo obawiamy si\u0119 zmian, pozwala nam przystosowa\u0107 si\u0119 do nowych okoliczno\u015bci i zach\u0119ca nas do opanowania nowych wyzwa\u0144.<br>Rzeki<br>Do Morza Ba\u0142tyckiego wpada 69 rzek i niezliczone strumienie, \u0142\u0105cz\u0105ce 9 pa\u0144stw nadbrze\u017cnych, a tak\u017ce trzy inne kraje, kt\u00f3re nie maj\u0105 bezpo\u015bredniego dost\u0119pu do Morza Ba\u0142tyckiego &#8211; Czechy (poprzez Odr\u0119), Ukrain\u0119 (poprzez Wis\u0142\u0119) i Bia\u0142oru\u015b (poprzez D\u017awin\u0119 i Niemen).<br>Wszystkie strumienie i rzeki &#8211; bez wzgl\u0119du na to, z kt\u00f3rego kierunku wp\u0142ywaj\u0105 do Morza Ba\u0142tyckiego &#8211; maj\u0105 wiele wsp\u00f3lnych cech. Wszystkie zaczynaj\u0105 od ma\u0142ego \u017ar\u00f3d\u0142a, kt\u00f3re jest zasilane przez wod\u0119 deszczow\u0105 zbieraj\u0105c\u0105 si\u0119 na \u0142\u0105kach lub wzg\u00f3rzach. W drodze do Ba\u0142tyku zwi\u0119kszaj\u0105 swoje rozmiary dzi\u0119ki nap\u0142ywowi wody i \u0142\u0105czeniu si\u0119 z mniejszymi strumieniami.<br>Wszystkie one stanowi\u0105 podstaw\u0119 \u017cycia dla ro\u015blin, zwierz\u0105t i ludzi \u017cyj\u0105cych wzd\u0142u\u017c ich koryta. Na swojej drodze emituj\u0105 i napotykaj\u0105 najr\u00f3\u017cniejsze d\u017awi\u0119ki: od \u015bpiewu ptak\u00f3w, brz\u0119czenia owad\u00f3w, ryku wodospad\u00f3w, po ha\u0142as przemys\u0142owy, miejski i morski.U\u015bwiadomienie uczniom, jak wa\u017cna jest wymiana kulturowa i czerpanie z zasob\u00f3w i do\u015bwiadcze\u0144 innych, zar\u00f3wno w szkole, jak i p\u00f3\u017aniej w pracy zawodowej. Warsztaty maj\u0105 tak\u017ce da\u0107 uczestnikom narz\u0119dzia do komunikowania si\u0119 i wsp\u00f3\u0142istnienia w wielokulturowym otoczeniu, ale tak\u017ce mo\u017cliwo\u015b\u0107 poznania zasad pracy nad filmem poklatkowym od etapu powstania scenariusza, poprzez jego realizacj\u0119, a\u017c po monta\u017c.<\/p>\n\n\n\n<p class=\"text_72\"><\/p>\n\n\n\n<div style=\"height:100px\" aria-hidden=\"true\" class=\"wp-block-spacer\"><\/div>\n","protected":false},"excerpt":{"rendered":"<p>O projekcie Sentencja \u201epanta rhei&#8221; (\u201ewszystko p\u0142ynie&#8221; lub \u201ewszystko jest w ruchu&#8221;) opisuje istot\u0119 nauk greckiego filozofa Heraklita: struktura rzeczywisto\u015bci nie jest statyczna, lecz przejawia si\u0119 w ci\u0105g\u0142ym procesie tworzenia i rozpadu. Obraz rzeki jako metafory \u017cycia jest powszechnie kojarzony z t\u0105 my\u015bl\u0105.Poniewa\u017c rzeki nieustannie wp\u0142ywaj\u0105 do Ba\u0142tyku, ludzie \u017cyj\u0105cy wzd\u0142u\u017c nich do\u015bwiadczaj\u0105 ci\u0105g\u0142ego ruchu [&hellip;]<\/p>\n","protected":false},"author":1,"featured_media":704,"parent":6736,"menu_order":1,"comment_status":"closed","ping_status":"closed","template":"page-templates\/template-inner-page.php","meta":{"inline_featured_image":false,"footnotes":"","_links_to":"","_links_to_target":""},"class_list":["post-6738","page","type-page","status-publish","has-post-thumbnail","hentry"],"acf":[],"_links":{"self":[{"href":"https:\/\/schronienie.mng.gda.pl\/schronienie\/en\/wp-json\/wp\/v2\/pages\/6738","targetHints":{"allow":["GET"]}}],"collection":[{"href":"https:\/\/schronienie.mng.gda.pl\/schronienie\/en\/wp-json\/wp\/v2\/pages"}],"about":[{"href":"https:\/\/schronienie.mng.gda.pl\/schronienie\/en\/wp-json\/wp\/v2\/types\/page"}],"author":[{"embeddable":true,"href":"https:\/\/schronienie.mng.gda.pl\/schronienie\/en\/wp-json\/wp\/v2\/users\/1"}],"replies":[{"embeddable":true,"href":"https:\/\/schronienie.mng.gda.pl\/schronienie\/en\/wp-json\/wp\/v2\/comments?post=6738"}],"version-history":[{"count":2,"href":"https:\/\/schronienie.mng.gda.pl\/schronienie\/en\/wp-json\/wp\/v2\/pages\/6738\/revisions"}],"predecessor-version":[{"id":7726,"href":"https:\/\/schronienie.mng.gda.pl\/schronienie\/en\/wp-json\/wp\/v2\/pages\/6738\/revisions\/7726"}],"up":[{"embeddable":true,"href":"https:\/\/schronienie.mng.gda.pl\/schronienie\/en\/wp-json\/wp\/v2\/pages\/6736"}],"wp:featuredmedia":[{"embeddable":true,"href":"https:\/\/schronienie.mng.gda.pl\/schronienie\/en\/wp-json\/wp\/v2\/media\/704"}],"wp:attachment":[{"href":"https:\/\/schronienie.mng.gda.pl\/schronienie\/en\/wp-json\/wp\/v2\/media?parent=6738"}],"curies":[{"name":"wp","href":"https:\/\/api.w.org\/{rel}","templated":true}]}}