{"id":6727,"date":"2023-07-07T05:55:17","date_gmt":"2023-07-07T05:55:17","guid":{"rendered":"https:\/\/schronienie.mng.gda.pl\/schronienie\/edukacja\/"},"modified":"2023-09-27T09:44:33","modified_gmt":"2023-09-27T09:44:33","slug":"edukacja","status":"publish","type":"page","link":"https:\/\/schronienie.mng.gda.pl\/schronienie\/en\/edukacja\/","title":{"rendered":"Education"},"content":{"rendered":"\n  \n<div class=\"row\">\n    <div class=\"col-xxl-12\">\n        <div class=\"educate_box\">\n          <div class=\"educate_img\"> <img decoding=\"async\" src=\"https:\/\/schronienie.mng.gda.pl\/schronienie\/wp-content\/uploads\/2023\/07\/img6-274x274.png\" alt=\"\"Anti-hate\" non-harmful communication\" class=\"img_all\"><\/div>\n          <div class=\"educate_text\">\n          <a href=\"https:\/\/schronienie.mng.gda.pl\/schronienie\/en\/wyksztalcenie\/antyhejt-niekrzywdzaca-komunikacja\/\"><h3>&#8220;Anti-hate&#8221; non-harmful communication<\/h3><\/a>\n              Warsztaty Antyhejt to projekt filmowy dla m\u0142odzie\u017cy licealnej, kt\u00f3rego celem by\u0142a wielokulturowa edukacja poprzez wsp\u00f3lne dzia\u0142anie i kreatywne tworzenie. W ramach zaj\u0119\u0107 odby\u0142y si\u0119 warsztaty komunikacji bez uprzedze\u0144, historii m\u00f3wionej oraz animacji poklatkowej.          <\/div>\n        <\/div>\n    <\/div>\n<\/div>\n\n<div class=\"educate\">\n        <ul class=\"row\" role=\"list\">\n                <li class=\"col-xxl-6 col-xl-6 col-lg-6 col-md-12 col-sm-12 main_sec\">\n        <div class=\"educate_box1 main_sec_box\">\n        <div class=\"educate_img1\"><img decoding=\"async\" src=\"https:\/\/schronienie.mng.gda.pl\/schronienie\/wp-content\/uploads\/2023\/07\/Rectangle-11279.png\" alt=\"Family workshops\" class=\"img_all\"><\/div>\n        <div class=\"educate_text\">\n        <a href=\"https:\/\/schronienie.mng.gda.pl\/schronienie\/en\/kategoria_edukacja\/family-workshops\/\"><h3>Family workshops<\/h3><\/a>\n            <\/div>\n        <\/div>\n\n        <\/li>\n                <li class=\"col-xxl-6 col-xl-6 col-lg-6 col-md-12 col-sm-12 main_sec\">\n        <div class=\"educate_box1 main_sec_box\">\n        <div class=\"educate_img1\"><img decoding=\"async\" src=\"https:\/\/schronienie.mng.gda.pl\/schronienie\/wp-content\/uploads\/2023\/07\/img5.png\" alt=\"Intercultural workshops\" class=\"img_all\"><\/div>\n        <div class=\"educate_text\">\n        <a href=\"https:\/\/schronienie.mng.gda.pl\/schronienie\/en\/kategoria_edukacja\/intercultural-workshops\/\"><h3>Intercultural workshops<\/h3><\/a>\n            <\/div>\n        <\/div>\n\n        <\/li>\n                <li class=\"col-xxl-6 col-xl-6 col-lg-6 col-md-12 col-sm-12 main_sec\">\n        <div class=\"educate_box1 main_sec_box\">\n        <div class=\"educate_img1\"><img decoding=\"async\" src=\"https:\/\/schronienie.mng.gda.pl\/schronienie\/wp-content\/uploads\/2023\/07\/img7.png\" alt=\"Environmental workshops\" class=\"img_all\"><\/div>\n        <div class=\"educate_text\">\n        <a href=\"https:\/\/schronienie.mng.gda.pl\/schronienie\/en\/kategoria_edukacja\/environmental-workshops\/\"><h3>Environmental workshops<\/h3><\/a>\n            <\/div>\n        <\/div>\n\n        <\/li>\n                <li class=\"col-xxl-6 col-xl-6 col-lg-6 col-md-12 col-sm-12 main_sec\">\n        <div class=\"educate_box1 main_sec_box\">\n        <div class=\"educate_img1\"><img decoding=\"async\" src=\"https:\/\/schronienie.mng.gda.pl\/schronienie\/wp-content\/uploads\/2023\/07\/img6.png\" alt=\"Nature workshops\" class=\"img_all\"><\/div>\n        <div class=\"educate_text\">\n        <a href=\"https:\/\/schronienie.mng.gda.pl\/schronienie\/en\/kategoria_edukacja\/nature-workshops\/\"><h3>Nature workshops<\/h3><\/a>\n            <\/div>\n        <\/div>\n\n        <\/li>\n                <li class=\"col-xxl-6 col-xl-6 col-lg-6 col-md-12 col-sm-12 main_sec\">\n        <div class=\"educate_box1 main_sec_box\">\n        <div class=\"educate_img1\"><img decoding=\"async\" src=\"https:\/\/schronienie.mng.gda.pl\/schronienie\/wp-content\/uploads\/2023\/07\/Rectangle-11277-1.png\" alt=\"School and preschool workshops\" class=\"img_all\"><\/div>\n        <div class=\"educate_text\">\n        <a href=\"https:\/\/schronienie.mng.gda.pl\/schronienie\/en\/kategoria_edukacja\/school-and-preschool-workshops\/\"><h3>School and preschool workshops<\/h3><\/a>\n            <\/div>\n        <\/div>\n\n        <\/li>\n                <li class=\"col-xxl-6 col-xl-6 col-lg-6 col-md-12 col-sm-12 main_sec\">\n        <div class=\"educate_box1 main_sec_box\">\n        <div class=\"educate_img1\"><img decoding=\"async\" src=\"\" alt=\"Scenarios\" class=\"img_all\"><\/div>\n        <div class=\"educate_text\">\n        <a href=\"https:\/\/schronienie.mng.gda.pl\/schronienie\/en\/kategoria_edukacja\/scenarios\/\"><h3>Scenarios<\/h3><\/a>\n            <\/div>\n        <\/div>\n\n        <\/li>\n        \n\n      \n\n        <\/ul>\n<\/div>\n\n\n\n","protected":false},"excerpt":{"rendered":"","protected":false},"author":1,"featured_media":704,"parent":0,"menu_order":0,"comment_status":"closed","ping_status":"closed","template":"page-templates\/template-inner-page.php","meta":{"inline_featured_image":false,"footnotes":"","_links_to":"","_links_to_target":""},"class_list":["post-6727","page","type-page","status-publish","has-post-thumbnail","hentry"],"acf":[],"_links":{"self":[{"href":"https:\/\/schronienie.mng.gda.pl\/schronienie\/en\/wp-json\/wp\/v2\/pages\/6727","targetHints":{"allow":["GET"]}}],"collection":[{"href":"https:\/\/schronienie.mng.gda.pl\/schronienie\/en\/wp-json\/wp\/v2\/pages"}],"about":[{"href":"https:\/\/schronienie.mng.gda.pl\/schronienie\/en\/wp-json\/wp\/v2\/types\/page"}],"author":[{"embeddable":true,"href":"https:\/\/schronienie.mng.gda.pl\/schronienie\/en\/wp-json\/wp\/v2\/users\/1"}],"replies":[{"embeddable":true,"href":"https:\/\/schronienie.mng.gda.pl\/schronienie\/en\/wp-json\/wp\/v2\/comments?post=6727"}],"version-history":[{"count":6,"href":"https:\/\/schronienie.mng.gda.pl\/schronienie\/en\/wp-json\/wp\/v2\/pages\/6727\/revisions"}],"predecessor-version":[{"id":9013,"href":"https:\/\/schronienie.mng.gda.pl\/schronienie\/en\/wp-json\/wp\/v2\/pages\/6727\/revisions\/9013"}],"wp:featuredmedia":[{"embeddable":true,"href":"https:\/\/schronienie.mng.gda.pl\/schronienie\/en\/wp-json\/wp\/v2\/media\/704"}],"wp:attachment":[{"href":"https:\/\/schronienie.mng.gda.pl\/schronienie\/en\/wp-json\/wp\/v2\/media?parent=6727"}],"curies":[{"name":"wp","href":"https:\/\/api.w.org\/{rel}","templated":true}]}}